{"id":2178,"date":"2024-08-28T02:23:28","date_gmt":"2024-08-28T02:23:28","guid":{"rendered":"https:\/\/cmykprinted.com\/?post_type=product&#038;p=2178"},"modified":"2024-08-28T02:59:18","modified_gmt":"2024-08-28T02:59:18","slug":"customized-handheld-mini-flags","status":"publish","type":"product","link":"https:\/\/cmykprinted.com\/da\/vare\/tilpassede-handholdte-mini-flag\/","title":{"rendered":"Tilpassede h\u00e5ndholdte miniflag"},"content":{"rendered":"","protected":false},"excerpt":{"rendered":"<p>Vores tilpassede h\u00e5ndholdte miniflag er dobbeltsidet trykt, hvilket betyder, at logoet kan l\u00e6ses korrekt fra begge sider. Vi bruger 280g blokeringsstof med dobbeltsidet direkte digital print. Flagst\u00f8rrelsen er 20\u00d720 cm, og flagstangen er en 30 cm tr\u00e6stang (l\u00e6ngden p\u00e5 flagstangen kan tilpasses). Der er ingen minimumsordrem\u00e6ngde for dette brugerdefinerede flag; du kan bestille helt ned til 1 stk, men jo mere du bestiller, jo mere omkostningseffektivt bliver det.<br \/>\nVores sm\u00e5 flag p\u00e5 pinde kan bruges til sportsbegivenheder, bordpladeudstillinger, g\u00e5rddekorationer, sammenkomster, festivaler, salgsfremmende gaver, parader, protester og andre aktiviteter. Selvom de er t\u00e6nkt som engangsprodukter, tilbyder de en overkommelig m\u00e5de at fremvise dit brand p\u00e5.<\/p>\n<div style=\"width: 720px;\" class=\"wp-video\"><!--[if lt IE 9]><script>document.createElement('video');<\/script><![endif]--><br \/>\n<video class=\"wp-video-shortcode\" id=\"video-2178-1\" width=\"720\" height=\"1280\" preload=\"metadata\" controls=\"controls\"><source type=\"video\/mp4\" src=\"https:\/\/cmykprinted.com\/wp-content\/uploads\/2024\/08\/Small-Flags-on-Sticks.mp4?_=1\" \/><a href=\"https:\/\/cmykprinted.com\/wp-content\/uploads\/2024\/08\/Small-Flags-on-Sticks.mp4\">https:\/\/cmykprinted.com\/wp-content\/uploads\/2024\/08\/Small-Flags-on-Sticks.mp4<\/a><\/video><\/div>\n<p>&nbsp;<\/p>","protected":false},"featured_media":2179,"template":"","meta":{"_kad_post_transparent":"default","_kad_post_title":"hide","_kad_post_layout":"fullwidth","_kad_post_sidebar_id":"","_kad_post_content_style":"unboxed","_kad_post_vertical_padding":"hide","_kad_post_feature":"hide","_kad_post_feature_position":"","_kad_post_header":false,"_kad_post_footer":false},"product_cat":[79],"product_tag":[490,485,489,486,488,487,484],"class_list":{"0":"post-2178","1":"product","2":"type-product","3":"status-publish","4":"has-post-thumbnail","6":"product_cat-custom-flags","7":"product_tag-hand-held-flags","8":"product_tag-hand-held-flags-of-the-world","9":"product_tag-handheld-banne","10":"product_tag-mini-flags-on-sticks","11":"product_tag-mini-flags-with-stick","12":"product_tag-small-country-flags-on-sticks","13":"product_tag-small-flags-on-sticks","15":"first","16":"instock","17":"shipping-taxable","18":"product-type-simple","19":"entry","20":"content-bg","21":"loop-entry"},"_links":{"self":[{"href":"https:\/\/cmykprinted.com\/da\/wp-json\/wp\/v2\/product\/2178","targetHints":{"allow":["GET"]}}],"collection":[{"href":"https:\/\/cmykprinted.com\/da\/wp-json\/wp\/v2\/product"}],"about":[{"href":"https:\/\/cmykprinted.com\/da\/wp-json\/wp\/v2\/types\/product"}],"version-history":[{"count":1,"href":"https:\/\/cmykprinted.com\/da\/wp-json\/wp\/v2\/product\/2178\/revisions"}],"predecessor-version":[{"id":2183,"href":"https:\/\/cmykprinted.com\/da\/wp-json\/wp\/v2\/product\/2178\/revisions\/2183"}],"wp:featuredmedia":[{"embeddable":true,"href":"https:\/\/cmykprinted.com\/da\/wp-json\/wp\/v2\/media\/2179"}],"wp:attachment":[{"href":"https:\/\/cmykprinted.com\/da\/wp-json\/wp\/v2\/media?parent=2178"}],"wp:term":[{"taxonomy":"product_cat","embeddable":true,"href":"https:\/\/cmykprinted.com\/da\/wp-json\/wp\/v2\/product_cat?post=2178"},{"taxonomy":"product_tag","embeddable":true,"href":"https:\/\/cmykprinted.com\/da\/wp-json\/wp\/v2\/product_tag?post=2178"}],"curies":[{"name":"wp","href":"https:\/\/api.w.org\/{rel}","templated":true}]}}