{"id":2189,"date":"2024-09-18T13:06:31","date_gmt":"2024-09-18T13:06:31","guid":{"rendered":"https:\/\/cmykprinted.com\/?post_type=product&#038;p=2189"},"modified":"2024-09-19T01:45:11","modified_gmt":"2024-09-19T01:45:11","slug":"full-colors-custom-8-feet-printed-spandex-table-covers","status":"publish","type":"product","link":"https:\/\/cmykprinted.com\/da\/vare\/fuld-farver-tilpasset-8-fod-trykt-spandex-borddaekninger\/","title":{"rendered":"Fuld farver brugerdefinerede 8 fod trykte spandex bordbetr\u00e6k"},"content":{"rendered":"","protected":false},"excerpt":{"rendered":"<p><strong>Brugerdefinerede trykte spandex bordd\u00e6ksler: En perfekt sk\u00e6rm til dit brand<\/strong><\/p>\n<p>Trykte spandex-bordd\u00e6ksler er blevet en fast bestanddel i verden af \u200b\u200bmesser, salgsfremmende begivenheder og detailudstillinger. Tilbyder b\u00e5de form og funktion, disse slanke, stilfulde contour stretch spandex bordbetr\u00e6k er designet til at give en t\u00e6tsiddende pasform, levende visuel appel og uovertruffen holdbarhed.<\/p>\n<p><strong>En skr\u00e6ddersyet pasform, der passer til dine behov<\/strong><\/p>\n<p>Vores spandex bordd\u00e6ksler f\u00e5s i flere konfigurationer for at im\u00f8dekomme dine specifikke krav. Uanset om du har brug for et 4-sidet betr\u00e6k, et 4-sidet betr\u00e6k med lynl\u00e5s for nem adgang til opbevaring under bordet, eller et 3-sidet design med \u00e5ben ryg, s\u00e5 en medarbejder kan sidde ved displayet, har vi fik dig d\u00e6kket. Spandex\/polyesterstofblandingen sikrer en figursyet, n\u00e6sten rynkefri finish, der ser godt ud i alle omgivelser.<\/p>\n<p>Disse covers er designet til b\u00e5de indend\u00f8rs og udend\u00f8rs arrangementer og er popul\u00e6re p\u00e5 messer, detailbutikker, salgsfremmende begivenheder og firmalobbyer. De forst\u00e6rkede benlommer og kraftige lynl\u00e5se er dobbeltsyet for ekstra holdbarhed, hvilket sikrer, at betr\u00e6kket forbliver sikkert p\u00e5 plads, selv under bl\u00e6sende forhold. Du skal ikke l\u00e6ngere bekymre dig om, at dit bordd\u00e6ksel bl\u00e6ser v\u00e6k udend\u00f8rs.<\/p>\n<p>Stof og tryk af h\u00f8j kvalitet for maksimal effekt<\/p>\n<p>Det, der adskiller vores bordd\u00e6kninger, er kvaliteten af \u200b\u200bmaterialet og trykprocessen. Lavet af et 280 GSM-stof, vores covers er tykkere og mere holdbare end de fleste konkurrenter, og det ses i det endelige produkt. Vi fokuserer p\u00e5 alle detaljer for at levere et produkt, der overg\u00e5r forventningerne.<\/p>\n<p>De forst\u00e6rkede polypropylen-benlommer er ekstra brede, hvilket sikrer, at de passer til enhver bordbenskonfiguration. Denne omhyggelige opm\u00e6rksomhed p\u00e5 design g\u00f8r coverne ikke kun holdbare, men alsidige, velegnede til enhver begivenhedssituation.<\/p>\n<p>En af n\u00f8glefunktionerne ved vores spandex-bordd\u00e6ksler er det livlige logotryk af h\u00f8j kvalitet, der vil f\u00e5 dit brand til at skille sig ud. Ved hj\u00e6lp af dye-sublimation-teknologi overf\u00f8rer vi dit design ved hj\u00e6lp af intens varme, og indlejrer farverne fuldt ud i stoffet. Denne avancerede printteknik resulterer i permanente, str\u00e5lende farver, der ikke falmer. Uanset om du \u00f8nsker at printe tusindvis af farver, fotografiske billeder i h\u00f8j kvalitet eller spot-farve-elementer, kan vi bringe din vision ud i livet.<\/p>\n<p>Vores printproces sikrer, at selv de mest indviklede detaljer i dit logo eller design vil &#034;poppe&#034;, hvilket giver din sk\u00e6rm et professionelt, poleret udseende. Du kan endda oprette en 3D-effekt med dit design, hvis det \u00f8nskes.<\/p>\n<p>Tilpassede designmuligheder: Dit brand, p\u00e5 din m\u00e5de<\/p>\n<p>Vi tilbyder komplette tilpasningsmuligheder for at im\u00f8dekomme dine brandingbehov. V\u00e6lg mellem en hvid baggrund, en af \u200b\u200bvores 20 lagerfarver, eller giv os en specifik Pantone-farve eller et m\u00f8nster til baggrunden. Uanset om du skal have hele bordd\u00e6kningen p\u00e5trykt eller kun frontpanelet, tilbyder vi samme pris for begge muligheder.<\/p>\n<p>Hvis du ikke har en kunstfil i h\u00f8j opl\u00f8sning, kan vores grafiske designere hj\u00e6lpe med at konvertere din eksisterende fil eller hj\u00e6lpe med at skabe et nyt printdesign.<\/p>\n<p>Holdbar og nem at vedligeholde<\/p>\n<p>Vores spandex bordd\u00e6ksler er designet til at holde. De er ikke kun rynkebestandige, men de kan ogs\u00e5 maskinvaskes for nem pleje. Brug blot vand til at vaske uden blegepulver. Disse covers vil str\u00e6kke sig lige tilbage i form, hvilket giver dig et professionelt look hver gang.<\/p>\n<p>Hurtige og p\u00e5lidelige produktionstider<\/p>\n<p>Vi forst\u00e5r vigtigheden af \u200b\u200bdeadlines, og derfor tilbyder vi fleksible produktionsplaner:<\/p>\n<p>4 Day Saver-produktion<br \/>\n3 dages standardproduktion<br \/>\n2 Day Rush Production<br \/>\nExpress-produktion n\u00e6ste dag<br \/>\nSame Day Rush Critical Production<br \/>\nVi garanterer ogs\u00e5 vores produktionstider. Hvis vi ikke overholder den garanterede tidslinje, vil du modtage fuld refusion, og dit bordd\u00e6ksel vil stadig blive udskrevet og sendt uden beregning.<\/p>\n<p>Ingen skjulte gebyrer: Det, du ser, er det, du f\u00e5r.<\/p>\n<div style=\"width: 854px;\" class=\"wp-video\"><!--[if lt IE 9]><script>document.createElement('video');<\/script><![endif]--><br \/>\n<video class=\"wp-video-shortcode\" id=\"video-2189-1\" width=\"854\" height=\"480\" preload=\"metadata\" controls=\"controls\"><source type=\"video\/mp4\" src=\"https:\/\/cmykprinted.com\/wp-content\/uploads\/2024\/09\/printed-spandex-table-covers.mp4?_=1\" \/><a href=\"https:\/\/cmykprinted.com\/wp-content\/uploads\/2024\/09\/printed-spandex-table-covers.mp4\">https:\/\/cmykprinted.com\/wp-content\/uploads\/2024\/09\/printed-spandex-table-covers.mp4<\/a><\/video><\/div>","protected":false},"featured_media":2193,"template":"","meta":{"_kad_post_transparent":"default","_kad_post_title":"hide","_kad_post_layout":"fullwidth","_kad_post_sidebar_id":"","_kad_post_content_style":"unboxed","_kad_post_vertical_padding":"hide","_kad_post_feature":"hide","_kad_post_feature_position":"","_kad_post_header":false,"_kad_post_footer":false},"product_cat":[80,81,83],"product_tag":[496,497,498,494,495],"class_list":{"0":"post-2189","1":"product","2":"type-product","3":"status-publish","4":"has-post-thumbnail","6":"product_cat-custom-tablecloth","7":"product_cat-custom-stretch-tablecloth","8":"product_cat-fitted-table-cover","9":"product_tag-8-feet-printed-spandex-table-covers","10":"product_tag-custom-8-feet-table-cover","11":"product_tag-full-colors-printed-table-covers","12":"product_tag-printed-spandex-table-covers","13":"product_tag-spandex-table-covers","15":"first","16":"instock","17":"shipping-taxable","18":"product-type-simple","19":"entry","20":"content-bg","21":"loop-entry"},"_links":{"self":[{"href":"https:\/\/cmykprinted.com\/da\/wp-json\/wp\/v2\/product\/2189","targetHints":{"allow":["GET"]}}],"collection":[{"href":"https:\/\/cmykprinted.com\/da\/wp-json\/wp\/v2\/product"}],"about":[{"href":"https:\/\/cmykprinted.com\/da\/wp-json\/wp\/v2\/types\/product"}],"version-history":[{"count":2,"href":"https:\/\/cmykprinted.com\/da\/wp-json\/wp\/v2\/product\/2189\/revisions"}],"predecessor-version":[{"id":2200,"href":"https:\/\/cmykprinted.com\/da\/wp-json\/wp\/v2\/product\/2189\/revisions\/2200"}],"wp:featuredmedia":[{"embeddable":true,"href":"https:\/\/cmykprinted.com\/da\/wp-json\/wp\/v2\/media\/2193"}],"wp:attachment":[{"href":"https:\/\/cmykprinted.com\/da\/wp-json\/wp\/v2\/media?parent=2189"}],"wp:term":[{"taxonomy":"product_cat","embeddable":true,"href":"https:\/\/cmykprinted.com\/da\/wp-json\/wp\/v2\/product_cat?post=2189"},{"taxonomy":"product_tag","embeddable":true,"href":"https:\/\/cmykprinted.com\/da\/wp-json\/wp\/v2\/product_tag?post=2189"}],"curies":[{"name":"wp","href":"https:\/\/api.w.org\/{rel}","templated":true}]}}