{"id":2213,"date":"2024-09-30T03:03:20","date_gmt":"2024-09-30T03:03:20","guid":{"rendered":"https:\/\/cmykprinted.com\/?post_type=product&#038;p=2213"},"modified":"2024-10-02T12:51:57","modified_gmt":"2024-10-02T12:51:57","slug":"oval-pop-up-a-frame-banner-with-fast-turnaround","status":"publish","type":"product","link":"https:\/\/cmykprinted.com\/da\/vare\/oval-pop-up-en-ramme-banner-med-hurtig-omsaetning\/","title":{"rendered":"Oval Pop Up et rammebanner med hurtig behandling"},"content":{"rendered":"","protected":false},"excerpt":{"rendered":"<p>I dagens konkurrencepr\u00e6gede marked er det vigtigt at f\u00e5 dit brand til at skille sig ud. Indtast Pop Up A<\/p>\n<p>Frame Banner - en let, b\u00e6rbar og yderst effektiv displayl\u00f8sning, perfekt til b\u00e5de indend\u00f8rs og udend\u00f8rs arrangementer. Disse alsidige bannere er designet til \u00f8jeblikkelig synlighed og er ideelle til sportsbegivenheder, messer, kampagner og retningsbestemt skiltning.<\/p>\n<p><strong>N\u00f8glefunktioner<\/strong><br \/>\n<strong>B\u00e6rbarhed og bekvemmelighed:<\/strong><br \/>\nDe ovale Pop Up A-Frame bannere er designet med mobilitet i tankerne. Deres sammenfoldelige metalramme falder ubesv\u00e6ret sammen i en kompakt opbevaringstaske, hvilket g\u00f8r transport og ops\u00e6tning til en leg. Uanset om du er p\u00e5 vej til en messe eller en sportsbegivenhed, kan du nemt tage disse bannere med overalt, hvor du har brug for maksimal eksponering.<\/p>\n<p><strong>Sikkerhed f\u00f8rst:<\/strong><br \/>\nEn af de i\u00f8jnefaldende egenskaber ved A-rammedesignet er dets sikkerhed. I mods\u00e6tning til stive sk\u00e6rme udg\u00f8r disse bannere ingen risiko for skader p\u00e5 spillere eller deltagere p\u00e5 sportsbaner, hvilket g\u00f8r dem til et praktisk valg til udend\u00f8rs arrangementer.<\/p>\n<p><strong>Tilpasselige st\u00f8rrelser og former:<\/strong><br \/>\nF\u00e5s i fire st\u00f8rrelser - Small (62 x 126 cm), Medium (65 x 160 cm), Large (100 x 200 cm) og Extra Large (110 x 270 cm) - Pop Up A-Frame kan skr\u00e6ddersyes til at passe enhver lejlighed. Hvert banner er dobbeltsidet med fuld dye sublimation print, hvilket sikrer levende grafik, der tiltr\u00e6kker opm\u00e6rksomhed fra alle vinkler.<\/p>\n<p><strong>Stabilitet under alle forhold:<\/strong><br \/>\nFor at sikre stabilitet leveres hvert banner med jordp\u00e6le til brug p\u00e5 bl\u00f8de overflader som sand, gr\u00e6s, sne eller jord. P\u00e5 h\u00e5rde overflader skal du blot tynge dem ned for ekstra sikkerhed. Denne funktion sikrer, at dit banner forbliver lodret og synligt, uanset milj\u00f8et.<\/p>\n<p><strong>Perfekt til enhver begivenhed<\/strong><br \/>\nPop Up A-Frame-bannerne er s\u00e6rligt velegnede til udend\u00f8rsbegivenheder s\u00e5som l\u00f8bekonkurrencer, golfturneringer og festivaler. Deres nemme ops\u00e6tnings-, demonterings- og opbevaringsmuligheder g\u00f8r dem til et valg for begivenhedsarrang\u00f8rer, der \u00f8nsker at maksimere brandets visning og engagement.<\/p>\n<div style=\"width: 800px;\" class=\"wp-video\"><!--[if lt IE 9]><script>document.createElement('video');<\/script><![endif]--><br \/>\n<video class=\"wp-video-shortcode\" id=\"video-2213-1\" width=\"800\" height=\"800\" preload=\"metadata\" controls=\"controls\"><source type=\"video\/mp4\" src=\"https:\/\/cmykprinted.com\/wp-content\/uploads\/2024\/09\/pop-up-a-frame-banner-01.mp4?_=1\" \/><a href=\"https:\/\/cmykprinted.com\/wp-content\/uploads\/2024\/09\/pop-up-a-frame-banner-01.mp4\">https:\/\/cmykprinted.com\/wp-content\/uploads\/2024\/09\/pop-up-a-frame-banner-01.mp4<\/a><\/video><\/div>","protected":false},"featured_media":2217,"template":"","meta":{"_kad_post_transparent":"default","_kad_post_title":"hide","_kad_post_layout":"fullwidth","_kad_post_sidebar_id":"","_kad_post_content_style":"unboxed","_kad_post_vertical_padding":"hide","_kad_post_feature":"hide","_kad_post_feature_position":"","_kad_post_header":false,"_kad_post_footer":false},"product_cat":[92,94],"product_tag":[506,505,504,128],"class_list":{"0":"post-2213","1":"product","2":"type-product","3":"status-publish","4":"has-post-thumbnail","6":"product_cat-pop-up-banners","7":"product_cat-horizontal-pop-up-banners","8":"product_tag-a-frame-banner","9":"product_tag-oval-pop-up-a-frame-banner","10":"product_tag-pop-up-a-frame-banner","11":"product_tag-pop-up-banner","13":"first","14":"instock","15":"shipping-taxable","16":"product-type-simple","17":"entry","18":"content-bg","19":"loop-entry"},"_links":{"self":[{"href":"https:\/\/cmykprinted.com\/da\/wp-json\/wp\/v2\/product\/2213","targetHints":{"allow":["GET"]}}],"collection":[{"href":"https:\/\/cmykprinted.com\/da\/wp-json\/wp\/v2\/product"}],"about":[{"href":"https:\/\/cmykprinted.com\/da\/wp-json\/wp\/v2\/types\/product"}],"version-history":[{"count":1,"href":"https:\/\/cmykprinted.com\/da\/wp-json\/wp\/v2\/product\/2213\/revisions"}],"predecessor-version":[{"id":2222,"href":"https:\/\/cmykprinted.com\/da\/wp-json\/wp\/v2\/product\/2213\/revisions\/2222"}],"wp:featuredmedia":[{"embeddable":true,"href":"https:\/\/cmykprinted.com\/da\/wp-json\/wp\/v2\/media\/2217"}],"wp:attachment":[{"href":"https:\/\/cmykprinted.com\/da\/wp-json\/wp\/v2\/media?parent=2213"}],"wp:term":[{"taxonomy":"product_cat","embeddable":true,"href":"https:\/\/cmykprinted.com\/da\/wp-json\/wp\/v2\/product_cat?post=2213"},{"taxonomy":"product_tag","embeddable":true,"href":"https:\/\/cmykprinted.com\/da\/wp-json\/wp\/v2\/product_tag?post=2213"}],"curies":[{"name":"wp","href":"https:\/\/api.w.org\/{rel}","templated":true}]}}