{"id":2405,"date":"2025-03-17T09:13:07","date_gmt":"2025-03-17T09:13:07","guid":{"rendered":"https:\/\/cmykprinted.com\/?post_type=product&#038;p=2405"},"modified":"2025-03-17T09:13:07","modified_gmt":"2025-03-17T09:13:07","slug":"heat-transfer-stickers-for-clothes","status":"publish","type":"product","link":"https:\/\/cmykprinted.com\/da\/vare\/varmeoverforsels-klistermaerker-til-toj\/","title":{"rendered":"Varmeoverf\u00f8rselsm\u00e6rkater til t\u00f8j"},"content":{"rendered":"","protected":false},"excerpt":{"rendered":"<p>Varmeoverf\u00f8rselsklisterm\u00e6rker til t\u00f8j, ogs\u00e5 kendt som varmeoverf\u00f8rselsvinyl (HTV) eller strygeoverf\u00f8rsel, er en popul\u00e6r metode til at tilf\u00f8je design, m\u00f8nstre og logoer til bekl\u00e6dningsgenstande.<\/p>\n<p><strong>Varmeoverf\u00f8rselsm\u00e6rkater til t\u00f8j: Tilpas med lethed og stil<\/strong><br \/>\nVarmeoverf\u00f8rselsklisterm\u00e6rker er en revolutionerende m\u00e5de at personligg\u00f8re og dekorere t\u00f8j p\u00e5, der tilbyder uendelige muligheder for kreativitet og branding. Disse klisterm\u00e6rker er lavet af specialdesignet vinyl, der kl\u00e6ber til stof, n\u00e5r der p\u00e5f\u00f8res varme og tryk, hvilket skaber et holdbart og levende design.<\/p>\n<div style=\"width: 954px;\" class=\"wp-video\"><!--[if lt IE 9]><script>document.createElement('video');<\/script><![endif]--><br \/>\n<video class=\"wp-video-shortcode\" id=\"video-2405-1\" width=\"954\" height=\"540\" preload=\"metadata\" controls=\"controls\"><source type=\"video\/mp4\" src=\"https:\/\/cmykprinted.com\/wp-content\/uploads\/2025\/03\/hot-transfer-labels.mp4?_=1\" \/><a href=\"https:\/\/cmykprinted.com\/wp-content\/uploads\/2025\/03\/hot-transfer-labels.mp4\">https:\/\/cmykprinted.com\/wp-content\/uploads\/2025\/03\/hot-transfer-labels.mp4<\/a><\/video><\/div>","protected":false},"featured_media":2406,"template":"","meta":{"_kad_post_transparent":"default","_kad_post_title":"hide","_kad_post_layout":"fullwidth","_kad_post_sidebar_id":"","_kad_post_content_style":"unboxed","_kad_post_vertical_padding":"hide","_kad_post_feature":"hide","_kad_post_feature_position":"","_kad_post_header":false,"_kad_post_footer":false},"product_cat":[101,103],"product_tag":[538,540,539],"class_list":{"0":"post-2405","1":"product","2":"type-product","3":"status-publish","4":"has-post-thumbnail","6":"product_cat-transfer-stickers","7":"product_cat-uv-transfer-stickers","8":"product_tag-heat-transfer-stickers","9":"product_tag-heat-transfer-stickers-for-clothes","10":"product_tag-transfer-stickers-for-clothes","12":"first","13":"instock","14":"shipping-taxable","15":"product-type-simple","16":"entry","17":"content-bg","18":"loop-entry"},"_links":{"self":[{"href":"https:\/\/cmykprinted.com\/da\/wp-json\/wp\/v2\/product\/2405","targetHints":{"allow":["GET"]}}],"collection":[{"href":"https:\/\/cmykprinted.com\/da\/wp-json\/wp\/v2\/product"}],"about":[{"href":"https:\/\/cmykprinted.com\/da\/wp-json\/wp\/v2\/types\/product"}],"version-history":[{"count":1,"href":"https:\/\/cmykprinted.com\/da\/wp-json\/wp\/v2\/product\/2405\/revisions"}],"predecessor-version":[{"id":2415,"href":"https:\/\/cmykprinted.com\/da\/wp-json\/wp\/v2\/product\/2405\/revisions\/2415"}],"wp:featuredmedia":[{"embeddable":true,"href":"https:\/\/cmykprinted.com\/da\/wp-json\/wp\/v2\/media\/2406"}],"wp:attachment":[{"href":"https:\/\/cmykprinted.com\/da\/wp-json\/wp\/v2\/media?parent=2405"}],"wp:term":[{"taxonomy":"product_cat","embeddable":true,"href":"https:\/\/cmykprinted.com\/da\/wp-json\/wp\/v2\/product_cat?post=2405"},{"taxonomy":"product_tag","embeddable":true,"href":"https:\/\/cmykprinted.com\/da\/wp-json\/wp\/v2\/product_tag?post=2405"}],"curies":[{"name":"wp","href":"https:\/\/api.w.org\/{rel}","templated":true}]}}