{"id":2443,"date":"2025-04-22T08:49:23","date_gmt":"2025-04-22T08:49:23","guid":{"rendered":"https:\/\/cmykprinted.com\/?post_type=product&#038;p=2443"},"modified":"2025-04-28T02:46:21","modified_gmt":"2025-04-28T02:46:21","slug":"custom-pvc-vinyl-banners-with-eyelets","status":"publish","type":"product","link":"https:\/\/cmykprinted.com\/da\/vare\/specialfremstillede-pvc-vinyl-bannere-med-ojer\/","title":{"rendered":"Brugerdefinerede PVC vinylbannere med \u00f8jer"},"content":{"rendered":"","protected":false},"excerpt":{"rendered":"<p>N\u00e5r du vil dele et fedt budskab med et bredt publikum, er store PVC-bannere et kraftfuldt og praktisk valg.<\/p>\n<p>Udend\u00f8rs PVC-bannere med metal\u00f8jer, der er ideelle til markedsf\u00f8ring ved vejkanten, giver dig mulighed for at producere i\u00f8jnefaldende reklamer i stor skala, der kan fange opm\u00e6rksomheden med det samme. Ved begivenheder fungerer de som et visuelt midtpunkt og giver en perfekt baggrund for mindev\u00e6rdige billeder.<\/p>\n<p>Hos Golden Mouth Advertising tilbyder vi PVC-bannertryk i en r\u00e6kke forskellige st\u00f8rrelser \u2014 op til 5 mx 50 m \u2014 s\u00e5 du kan g\u00f8re en massiv indvirkning p\u00e5 dit budskab.<\/p>\n<p>Vores brugerdefinerede pvc vinyl bannere er lavet af holdbart, vejrbestandigt PVC, der modst\u00e5r slid og falmning. Det tykke, fleksible materiale sikrer, at dit design forbliver levende og intakt, uanset om det vises indend\u00f8rs eller udend\u00f8rs, til l\u00e6ngerevarende brug.<\/p>\n<p>Installationen er hurtig og ligetil takket v\u00e6re de forst\u00e6rkede \u00f8jer. Disse robuste metalringe fungerer godt sammen med forskellige fastg\u00f8relsesmetoder som reb, elastiksnore, kroge eller kabelbindere - hvilket g\u00f8r dem nemme at fastg\u00f8re til hegn eller andre underst\u00f8tninger udend\u00f8rs. Og n\u00e5r din kampagne eller begivenhed er slut, kan bannerne nemt fjernes og opbevares.<\/p>\n<p>Hvert banner udskrives ved hj\u00e6lp af avancerede digitalprintere i bredformat for at sikre skarpe resultater af h\u00f8j kvalitet. Har du brug for hj\u00e6lp til at designe dit banner? Vores in-house kreative team er her for at hj\u00e6lpe med dit kunstv\u00e6rk for at sikre, at dit budskab kommer smukt til live.<\/p>\n<div style=\"width: 1290px;\" class=\"wp-video\"><!--[if lt IE 9]><script>document.createElement('video');<\/script><![endif]--><br \/>\n<video class=\"wp-video-shortcode\" id=\"video-2443-1\" width=\"1290\" height=\"726\" loop autoplay preload=\"auto\" controls=\"controls\"><source type=\"video\/mp4\" src=\"http:\/\/cmykprinted.com\/wp-content\/uploads\/2022\/12\/vinyl-PVC-banners.mp4?_=1\" \/><a href=\"http:\/\/cmykprinted.com\/wp-content\/uploads\/2022\/12\/vinyl-PVC-banners.mp4\">http:\/\/cmykprinted.com\/wp-content\/uploads\/2022\/12\/vinyl-PVC-banners.mp4<\/a><\/video><\/div>\n<p>&nbsp;<\/p>","protected":false},"featured_media":2444,"template":"","meta":{"_kad_post_transparent":"default","_kad_post_title":"hide","_kad_post_layout":"fullwidth","_kad_post_sidebar_id":"","_kad_post_content_style":"unboxed","_kad_post_vertical_padding":"hide","_kad_post_feature":"hide","_kad_post_feature_position":"","_kad_post_header":false,"_kad_post_footer":false},"product_cat":[85,90,91,89],"product_tag":[549,550,548,547],"class_list":{"0":"post-2443","1":"product","2":"type-product","3":"status-publish","4":"has-post-thumbnail","6":"product_cat-outdoor-vinyl-banners","7":"product_cat-glossy-pvc-banners","8":"product_cat-matte-vinyl-banners","9":"product_cat-pvc-banners","10":"product_tag-custom-pvc-vinyl-banners","11":"product_tag-custom-vinyl-banners-with-eyelets","12":"product_tag-pvc-banners-with-eyelets","13":"product_tag-vinyl-banners-with-eyelets","15":"first","16":"instock","17":"shipping-taxable","18":"product-type-simple","19":"entry","20":"content-bg","21":"loop-entry"},"_links":{"self":[{"href":"https:\/\/cmykprinted.com\/da\/wp-json\/wp\/v2\/product\/2443","targetHints":{"allow":["GET"]}}],"collection":[{"href":"https:\/\/cmykprinted.com\/da\/wp-json\/wp\/v2\/product"}],"about":[{"href":"https:\/\/cmykprinted.com\/da\/wp-json\/wp\/v2\/types\/product"}],"version-history":[{"count":3,"href":"https:\/\/cmykprinted.com\/da\/wp-json\/wp\/v2\/product\/2443\/revisions"}],"predecessor-version":[{"id":2469,"href":"https:\/\/cmykprinted.com\/da\/wp-json\/wp\/v2\/product\/2443\/revisions\/2469"}],"wp:featuredmedia":[{"embeddable":true,"href":"https:\/\/cmykprinted.com\/da\/wp-json\/wp\/v2\/media\/2444"}],"wp:attachment":[{"href":"https:\/\/cmykprinted.com\/da\/wp-json\/wp\/v2\/media?parent=2443"}],"wp:term":[{"taxonomy":"product_cat","embeddable":true,"href":"https:\/\/cmykprinted.com\/da\/wp-json\/wp\/v2\/product_cat?post=2443"},{"taxonomy":"product_tag","embeddable":true,"href":"https:\/\/cmykprinted.com\/da\/wp-json\/wp\/v2\/product_tag?post=2443"}],"curies":[{"name":"wp","href":"https:\/\/api.w.org\/{rel}","templated":true}]}}