{"id":2452,"date":"2025-04-23T09:23:08","date_gmt":"2025-04-23T09:23:08","guid":{"rendered":"https:\/\/cmykprinted.com\/?post_type=product&#038;p=2452"},"modified":"2025-04-23T09:23:08","modified_gmt":"2025-04-23T09:23:08","slug":"custom-trade-show-table-drapes","status":"publish","type":"product","link":"https:\/\/cmykprinted.com\/da\/vare\/speciallavede-messebord-duge\/","title":{"rendered":"Specialtilpassede messebordsgardiner"},"content":{"rendered":"","protected":false},"excerpt":{"rendered":"<p>F\u00e5 dine kunder til at str\u00e5le ved deres n\u00e6ste messe eller pr\u00e6sentation med vores i\u00f8jnefaldende h\u00f8jkvalitets, specialprintede messebordsgardiner. Tilg\u00e6ngelig i b\u00e5de 3-sidet design med \u00e5ben ryg og 4-sidet stil med lukket bagside, disse betr\u00e6k er skr\u00e6ddersyet til at passe perfekt til ethvert bord, s\u00e5som 4 fod, 6 fod og 8 fod eller tilpasset. Disse Trade Show Bordgardiner er lavet af holdbart 8,8 OZ polyester og trykt ved hj\u00e6lp af avanceret farvesublimeringsteknologi, der er bygget til at modst\u00e5 det travle milj\u00f8 under enhver begivenhed.<\/p>\n<p>At holde en messestand p\u00e6n og ryddelig kan v\u00e6re en udfordring, is\u00e6r med lejlighedsvis spild. Heldigvis g\u00f8r vores fuldt vaskbare, fuldfarvede bordd\u00e6ksler oprydning til en leg. Dine kunder vil s\u00e6tte pris p\u00e5 bekvemmeligheden ved at kunne smide dugen ind i vaskemaskinen sidst p\u00e5 dagen \u2013 genskabe dens dristige, livlige farver natten over. Med vores tilpassede messebordsgardiner kan dine kunder holde deres stande til at se skarpe og professionelle ud dag efter dag.<\/p>","protected":false},"featured_media":2457,"template":"","meta":{"_kad_post_transparent":"default","_kad_post_title":"hide","_kad_post_layout":"fullwidth","_kad_post_sidebar_id":"","_kad_post_content_style":"unboxed","_kad_post_vertical_padding":"hide","_kad_post_feature":"hide","_kad_post_feature_position":"","_kad_post_header":false,"_kad_post_footer":false},"product_cat":[80,81],"product_tag":[552,551],"class_list":{"0":"post-2452","1":"product","2":"type-product","3":"status-publish","4":"has-post-thumbnail","6":"product_cat-custom-tablecloth","7":"product_cat-custom-stretch-tablecloth","8":"product_tag-custom-trade-show-table-drapes","9":"product_tag-trade-show-table-drapes","11":"first","12":"instock","13":"shipping-taxable","14":"product-type-simple","15":"entry","16":"content-bg","17":"loop-entry"},"_links":{"self":[{"href":"https:\/\/cmykprinted.com\/da\/wp-json\/wp\/v2\/product\/2452","targetHints":{"allow":["GET"]}}],"collection":[{"href":"https:\/\/cmykprinted.com\/da\/wp-json\/wp\/v2\/product"}],"about":[{"href":"https:\/\/cmykprinted.com\/da\/wp-json\/wp\/v2\/types\/product"}],"version-history":[{"count":1,"href":"https:\/\/cmykprinted.com\/da\/wp-json\/wp\/v2\/product\/2452\/revisions"}],"predecessor-version":[{"id":2458,"href":"https:\/\/cmykprinted.com\/da\/wp-json\/wp\/v2\/product\/2452\/revisions\/2458"}],"wp:featuredmedia":[{"embeddable":true,"href":"https:\/\/cmykprinted.com\/da\/wp-json\/wp\/v2\/media\/2457"}],"wp:attachment":[{"href":"https:\/\/cmykprinted.com\/da\/wp-json\/wp\/v2\/media?parent=2452"}],"wp:term":[{"taxonomy":"product_cat","embeddable":true,"href":"https:\/\/cmykprinted.com\/da\/wp-json\/wp\/v2\/product_cat?post=2452"},{"taxonomy":"product_tag","embeddable":true,"href":"https:\/\/cmykprinted.com\/da\/wp-json\/wp\/v2\/product_tag?post=2452"}],"curies":[{"name":"wp","href":"https:\/\/api.w.org\/{rel}","templated":true}]}}