{"id":2524,"date":"2025-05-16T07:24:19","date_gmt":"2025-05-16T07:24:19","guid":{"rendered":"https:\/\/cmykprinted.com\/?post_type=product&#038;p=2524"},"modified":"2025-05-16T07:24:19","modified_gmt":"2025-05-16T07:24:19","slug":"custom-table-cloths-for-6-foot-table","status":"publish","type":"product","link":"https:\/\/cmykprinted.com\/da\/vare\/specialfremstillede-duge-til-6-fods-bord\/","title":{"rendered":"Brugerdefinerede duge til 6 fods bord"},"content":{"rendered":"","protected":false},"excerpt":{"rendered":"<p>Brugerdefinerede duge til 1,8 meter h\u00f8jt bord \u2013 Personlig elegance og funktionalitet<\/p>\n<p>Forvandl ethvert arrangement, enhver messe eller enhver spisestue med vores f\u00f8rsteklasses specialfremstillede duge til 1,8 meter h\u00f8je borde. Vores duge er designet til at passe perfekt til standard 1,8 meter lange rektangul\u00e6re borde (typisk 183 cm lange, 76 cm brede og 74-76 cm h\u00f8je) og tilbyder den ideelle kombination af skr\u00e6ddersyet design, stof af h\u00f8j kvalitet og en personlig stil. Uanset om du brander din virksomhed eller forbedrer din boligindretning, leverer disse specialfremstillede bordduge b\u00e5de sk\u00f8nhed og funktionalitet.<\/p>\n<p>Skr\u00e6ddersyet pasform til et professionelt look<br \/>\nVores specialfremstillede duge er pr\u00e6cist fremstillet for at sikre en t\u00e6t og elegant pasform p\u00e5 et 1,8 meter h\u00f8jt bord. Proportionerne er designet til at falde glat p\u00e5 alle sider, hvilket giver et rent og kr\u00f8lfrit udseende, der forbedrer \u00e6stetikken i din pr\u00e6sentation eller begivenhed. Uanset om de bruges til formelle banketter, udstillinger eller afslappede sammenkomster, tilf\u00f8jer den t\u00e6tsiddende stil et strejf af professionalisme og sofistikering.<\/p>\n<div style=\"width: 1280px;\" class=\"wp-video\"><!--[if lt IE 9]><script>document.createElement('video');<\/script><![endif]--><br \/>\n<video class=\"wp-video-shortcode\" id=\"video-2524-1\" width=\"1280\" height=\"720\" preload=\"metadata\" controls=\"controls\"><source type=\"video\/mp4\" src=\"https:\/\/cmykprinted.com\/wp-content\/uploads\/2025\/05\/Logo-Table-Covers-for-Trade-Shows-01.mp4?_=1\" \/><a href=\"https:\/\/cmykprinted.com\/wp-content\/uploads\/2025\/05\/Logo-Table-Covers-for-Trade-Shows-01.mp4\">https:\/\/cmykprinted.com\/wp-content\/uploads\/2025\/05\/Logo-Table-Covers-for-Trade-Shows-01.mp4<\/a><\/video><\/div>","protected":false},"featured_media":2527,"template":"","meta":{"_kad_post_transparent":"default","_kad_post_title":"hide","_kad_post_layout":"fullwidth","_kad_post_sidebar_id":"","_kad_post_content_style":"unboxed","_kad_post_vertical_padding":"hide","_kad_post_feature":"hide","_kad_post_feature_position":"","_kad_post_header":false,"_kad_post_footer":false},"product_cat":[80,81],"product_tag":[563,158,562],"class_list":{"0":"post-2524","1":"product","2":"type-product","3":"status-publish","4":"has-post-thumbnail","6":"product_cat-custom-tablecloth","7":"product_cat-custom-stretch-tablecloth","8":"product_tag-custom-table-cloths","9":"product_tag-custom-tablecloth","10":"product_tag-tablecloth-for-6-foot-table","12":"first","13":"instock","14":"shipping-taxable","15":"product-type-simple","16":"entry","17":"content-bg","18":"loop-entry"},"_links":{"self":[{"href":"https:\/\/cmykprinted.com\/da\/wp-json\/wp\/v2\/product\/2524","targetHints":{"allow":["GET"]}}],"collection":[{"href":"https:\/\/cmykprinted.com\/da\/wp-json\/wp\/v2\/product"}],"about":[{"href":"https:\/\/cmykprinted.com\/da\/wp-json\/wp\/v2\/types\/product"}],"version-history":[{"count":2,"href":"https:\/\/cmykprinted.com\/da\/wp-json\/wp\/v2\/product\/2524\/revisions"}],"predecessor-version":[{"id":2530,"href":"https:\/\/cmykprinted.com\/da\/wp-json\/wp\/v2\/product\/2524\/revisions\/2530"}],"wp:featuredmedia":[{"embeddable":true,"href":"https:\/\/cmykprinted.com\/da\/wp-json\/wp\/v2\/media\/2527"}],"wp:attachment":[{"href":"https:\/\/cmykprinted.com\/da\/wp-json\/wp\/v2\/media?parent=2524"}],"wp:term":[{"taxonomy":"product_cat","embeddable":true,"href":"https:\/\/cmykprinted.com\/da\/wp-json\/wp\/v2\/product_cat?post=2524"},{"taxonomy":"product_tag","embeddable":true,"href":"https:\/\/cmykprinted.com\/da\/wp-json\/wp\/v2\/product_tag?post=2524"}],"curies":[{"name":"wp","href":"https:\/\/api.w.org\/{rel}","templated":true}]}}