{"id":2556,"date":"2025-05-20T09:02:02","date_gmt":"2025-05-20T09:02:02","guid":{"rendered":"https:\/\/cmykprinted.com\/?post_type=product&#038;p=2556"},"modified":"2025-05-20T09:02:02","modified_gmt":"2025-05-20T09:02:02","slug":"cheap-step-and-repeat-backdrop-with-stand","status":"publish","type":"product","link":"https:\/\/cmykprinted.com\/da\/vare\/billig-step-and-repeat-baggrund-med-stativ\/","title":{"rendered":"Billig Step and Repeat Baggrund med Stativ"},"content":{"rendered":"","protected":false},"excerpt":{"rendered":"<p>Skab en professionel fotomulighed ved dit n\u00e6ste arrangement med denne &#034;Step and Repeat&#034;-baggrund med stativ. Ideel til arrangementer p\u00e5 den r\u00f8de l\u00f8ber, pressekonferencer, messer, bryllupper og firmaarrangementer. Denne baggrund har et brugerdefineret stofbanner, der typisk er trykt med gentagne logoer eller brandingm\u00f8nstre.<\/p>\n<p>Banneret er fremstillet af slidst\u00e6rkt, kr\u00f8lfrit polyesterstof og tilbyder printkvalitet i h\u00f8j opl\u00f8sning til livlige og i\u00f8jnefaldende udstillinger. Det robuste aluminiumsstativ er justerbart i b\u00e5de h\u00f8jde og bredde, hvilket g\u00f8r det velegnet til forskellige bannerst\u00f8rrelser, typisk op til 2,4 x 2,4 m. Rammen er nem at samle og skille ad, og den har teleskopst\u00e6nger og sikre l\u00e5semekanismer for en stabil ops\u00e6tning. En b\u00e6retaske medf\u00f8lger til praktisk transport og opbevaring.<\/p>\n<p>Denne baggrund forbedrer ikke kun brandets synlighed, men tilf\u00f8jer ogs\u00e5 et strejf af elegance og professionalisme til enhver setting. Uanset om det er til reklamebilleder, interviews eller s\u00e6rlige fester, sikrer Step and Repeat-baggrunden, at dit arrangement efterlader et varigt indtryk.<\/p>\n<div style=\"width: 720px;\" class=\"wp-video\"><!--[if lt IE 9]><script>document.createElement('video');<\/script><![endif]--><br \/>\n<video class=\"wp-video-shortcode\" id=\"video-2556-1\" width=\"720\" height=\"720\" preload=\"metadata\" controls=\"controls\"><source type=\"video\/mp4\" src=\"https:\/\/cmykprinted.com\/wp-content\/uploads\/2025\/05\/\u89c6\u9891-383512795067.mp4?_=1\" \/><a href=\"https:\/\/cmykprinted.com\/wp-content\/uploads\/2025\/05\/\u89c6\u9891-383512795067.mp4\">https:\/\/cmykprinted.com\/wp-content\/uploads\/2025\/05\/\u89c6\u9891-383512795067.mp4<\/a><\/video><\/div>\n<div style=\"width: 540px;\" class=\"wp-video\"><video class=\"wp-video-shortcode\" id=\"video-2556-2\" width=\"540\" height=\"540\" preload=\"metadata\" controls=\"controls\"><source type=\"video\/mp4\" src=\"https:\/\/cmykprinted.com\/wp-content\/uploads\/2025\/05\/Step-and-Repeat-Backdrop-with-Stand.mp4?_=2\" \/><a href=\"https:\/\/cmykprinted.com\/wp-content\/uploads\/2025\/05\/Step-and-Repeat-Backdrop-with-Stand.mp4\">https:\/\/cmykprinted.com\/wp-content\/uploads\/2025\/05\/Step-and-Repeat-Backdrop-with-Stand.mp4<\/a><\/video><\/div>","protected":false},"featured_media":2561,"template":"","meta":{"_kad_post_transparent":"default","_kad_post_title":"hide","_kad_post_layout":"fullwidth","_kad_post_sidebar_id":"","_kad_post_content_style":"unboxed","_kad_post_vertical_padding":"hide","_kad_post_feature":"hide","_kad_post_feature_position":"","_kad_post_header":false,"_kad_post_footer":false},"product_cat":[97,98],"product_tag":[567,566,568],"class_list":{"0":"post-2556","1":"product","2":"type-product","3":"status-publish","4":"has-post-thumbnail","6":"product_cat-tension-fabric-displays","7":"product_cat-curved-tension-fabric-pop-up-displays","8":"product_tag-custom-step-and-repeat-backdrop","9":"product_tag-logo-wall-backdrop","10":"product_tag-step-and-repeat-logo-backdrop","12":"first","13":"instock","14":"shipping-taxable","15":"product-type-simple","16":"entry","17":"content-bg","18":"loop-entry"},"_links":{"self":[{"href":"https:\/\/cmykprinted.com\/da\/wp-json\/wp\/v2\/product\/2556","targetHints":{"allow":["GET"]}}],"collection":[{"href":"https:\/\/cmykprinted.com\/da\/wp-json\/wp\/v2\/product"}],"about":[{"href":"https:\/\/cmykprinted.com\/da\/wp-json\/wp\/v2\/types\/product"}],"version-history":[{"count":1,"href":"https:\/\/cmykprinted.com\/da\/wp-json\/wp\/v2\/product\/2556\/revisions"}],"predecessor-version":[{"id":2567,"href":"https:\/\/cmykprinted.com\/da\/wp-json\/wp\/v2\/product\/2556\/revisions\/2567"}],"wp:featuredmedia":[{"embeddable":true,"href":"https:\/\/cmykprinted.com\/da\/wp-json\/wp\/v2\/media\/2561"}],"wp:attachment":[{"href":"https:\/\/cmykprinted.com\/da\/wp-json\/wp\/v2\/media?parent=2556"}],"wp:term":[{"taxonomy":"product_cat","embeddable":true,"href":"https:\/\/cmykprinted.com\/da\/wp-json\/wp\/v2\/product_cat?post=2556"},{"taxonomy":"product_tag","embeddable":true,"href":"https:\/\/cmykprinted.com\/da\/wp-json\/wp\/v2\/product_tag?post=2556"}],"curies":[{"name":"wp","href":"https:\/\/api.w.org\/{rel}","templated":true}]}}