{"id":2582,"date":"2025-05-21T06:04:22","date_gmt":"2025-05-21T06:04:22","guid":{"rendered":"https:\/\/cmykprinted.com\/?post_type=product&#038;p=2582"},"modified":"2025-05-21T06:04:22","modified_gmt":"2025-05-21T06:04:22","slug":"custom-feather-flags-australia-queensland-beach-banners","status":"publish","type":"product","link":"https:\/\/cmykprinted.com\/da\/vare\/tilpassede-fjer-flag-australien-queensland-strandbannere\/","title":{"rendered":"Brugerdefinerede fjerflag Australien Queensland strandbannere"},"content":{"rendered":"","protected":false},"excerpt":{"rendered":"<p>Brugerdefinerede fjerflag er en livlig og effektiv m\u00e5de at promovere din virksomhed, dit brand eller din begivenhed i hele Australien. Disse i\u00f8jnefaldende bannere er designet til h\u00f8j synlighed og er perfekte til udend\u00f8rs markeder, butiksfacader, festivaler, sportsbegivenheder og messer. Uanset om du er en lille virksomhed eller et nationalt brand, tilbyder fjerflag en professionel og overkommelig reklamel\u00f8sning.<\/p>\n<p>I Australiens varierede klima er vores fjerflag bygget til at holde. De er lavet af slidst\u00e6rkt polyesterstof og trykt med UV-bestandigt bl\u00e6k, s\u00e5 de kan modst\u00e5 h\u00e5rd sol, vind og regn. Det lette design g\u00f8r dem nemme at s\u00e6tte op, transportere og flytte, n\u00e5r det er n\u00f8dvendigt.<\/p>\n<p>Du kan v\u00e6lge mellem enkeltsidet eller dobbeltsidet tryk, afh\u00e6ngigt af dine synlighedsbehov. Hvert flag kan tilpasses fuldt ud med dit logo, farver og budskab, s\u00e5 du kan skille dig ud p\u00e5 ethvert sted. Der findes forskellige st\u00f8rrelser og baser, der passer til forskellige overflader - uanset om du har brug for jordspyd til strande og marker eller krydsbaser med vands\u00e6kke til beton eller indend\u00f8rs omr\u00e5der.<\/p>\n<p>Fra Melbourne til Brisbane, Sydney til Perth, forsyner vi virksomheder over hele landet med specialfremstillede fjerflag, der er hurtige at producere og nemme at installere. Vores team er her for at hj\u00e6lpe dig med design, trykning og levering, hvilket sikrer en problemfri og p\u00e5lidelig oplevelse hver gang.<\/p>\n<p>V\u00e6lg brugerdefinerede fjerflag i Australien for at forbedre din brandtilstedev\u00e6relse og tiltr\u00e6kke opm\u00e6rksomhed, uanset hvor du g\u00e5r.<\/p>","protected":false},"featured_media":2584,"template":"","meta":{"_kad_post_transparent":"default","_kad_post_title":"hide","_kad_post_layout":"fullwidth","_kad_post_sidebar_id":"","_kad_post_content_style":"unboxed","_kad_post_vertical_padding":"hide","_kad_post_feature":"hide","_kad_post_feature_position":"","_kad_post_header":false,"_kad_post_footer":false},"product_cat":[64,65,66,67],"product_tag":[321,573,574,575],"class_list":{"0":"post-2582","1":"product","2":"type-product","3":"status-publish","4":"has-post-thumbnail","6":"product_cat-beach-flags","7":"product_cat-feather-flags-banners","8":"product_cat-rectangular-flags-banners","9":"product_cat-teardrop-flags-banners","10":"product_tag-custom-feather-flags","11":"product_tag-feather-flags-australia","12":"product_tag-feather-flags-queensland","13":"product_tag-queensland-beach-banners","15":"first","16":"instock","17":"shipping-taxable","18":"product-type-simple","19":"entry","20":"content-bg","21":"loop-entry"},"_links":{"self":[{"href":"https:\/\/cmykprinted.com\/da\/wp-json\/wp\/v2\/product\/2582","targetHints":{"allow":["GET"]}}],"collection":[{"href":"https:\/\/cmykprinted.com\/da\/wp-json\/wp\/v2\/product"}],"about":[{"href":"https:\/\/cmykprinted.com\/da\/wp-json\/wp\/v2\/types\/product"}],"version-history":[{"count":1,"href":"https:\/\/cmykprinted.com\/da\/wp-json\/wp\/v2\/product\/2582\/revisions"}],"predecessor-version":[{"id":2590,"href":"https:\/\/cmykprinted.com\/da\/wp-json\/wp\/v2\/product\/2582\/revisions\/2590"}],"wp:featuredmedia":[{"embeddable":true,"href":"https:\/\/cmykprinted.com\/da\/wp-json\/wp\/v2\/media\/2584"}],"wp:attachment":[{"href":"https:\/\/cmykprinted.com\/da\/wp-json\/wp\/v2\/media?parent=2582"}],"wp:term":[{"taxonomy":"product_cat","embeddable":true,"href":"https:\/\/cmykprinted.com\/da\/wp-json\/wp\/v2\/product_cat?post=2582"},{"taxonomy":"product_tag","embeddable":true,"href":"https:\/\/cmykprinted.com\/da\/wp-json\/wp\/v2\/product_tag?post=2582"}],"curies":[{"name":"wp","href":"https:\/\/api.w.org\/{rel}","templated":true}]}}