{"id":2591,"date":"2025-05-21T09:11:06","date_gmt":"2025-05-21T09:11:06","guid":{"rendered":"https:\/\/cmykprinted.com\/?post_type=product&#038;p=2591"},"modified":"2025-05-23T14:07:36","modified_gmt":"2025-05-23T14:07:36","slug":"custom-printed-promotional-tablecloths-australia","status":"publish","type":"product","link":"https:\/\/cmykprinted.com\/da\/vare\/specialtrykte-reklame-duge-australien\/","title":{"rendered":"Brugerdefinerede trykte reklameduge Australien"},"content":{"rendered":"","protected":false},"excerpt":{"rendered":"<p data-start=\"197\" data-end=\"540\">Brugerdefinerede reklameduge er et vigtigt brandingv\u00e6rkt\u00f8j for virksomheder og organisationer, der \u00f8nsker at skabe en professionel og i\u00f8jnefaldende udstilling p\u00e5 messer, udstillinger, produktlanceringer og andre begivenheder i hele Australien. Disse bordduge er designet til at forbedre synlighed og brandtilstedev\u00e6relse og tilbyder b\u00e5de funktion og stil.<\/p>\n<p data-start=\"542\" data-end=\"865\">Vores duge er lavet af polyesterstof af h\u00f8j kvalitet, der er kendt for sin holdbarhed, kr\u00f8lfrihed og levende farvegengivelse. Ved hj\u00e6lp af avanceret farvesublimeringstryk kan vi fuldt ud tilpasse din bordd\u00e6kning med logoer, slogans, grafik eller design i hele overfladen \u2013 hvilket sikrer, at dit brand bliver bem\u00e6rket fra alle vinkler.<\/p>\n<p data-start=\"867\" data-end=\"931\">Vi tilbyder en r\u00e6kke forskellige stilarter, der passer til forskellige behov, herunder:<\/p>\n<ul data-start=\"932\" data-end=\"1201\">\n<li data-start=\"932\" data-end=\"1022\">\n<p data-start=\"934\" data-end=\"1022\"><strong data-start=\"934\" data-end=\"961\">L\u00f8se\/Draperende Duge<\/strong> \u2013 En alsidig mulighed, der passer til de fleste standard bukkeborde.<\/p>\n<\/li>\n<li data-start=\"1023\" data-end=\"1105\">\n<p data-start=\"1025\" data-end=\"1105\"><strong data-start=\"1025\" data-end=\"1048\">Monterede bordd\u00e6kninger<\/strong> \u2013 Giver et rent, skr\u00e6ddersyet udseende med skarpe linjer.<\/p>\n<\/li>\n<li data-start=\"1106\" data-end=\"1201\">\n<p data-start=\"1108\" data-end=\"1201\"><strong data-start=\"1108\" data-end=\"1132\">Stretch bordd\u00e6ksler<\/strong> \u2013 Moderne og elegante, disse tilbyder en t\u00e6tsiddende pasform med et kr\u00f8lfrit look.<\/p>\n<\/li>\n<\/ul>\n<p data-start=\"1203\" data-end=\"1377\">F\u00e5s i st\u00f8rrelser til borde p\u00e5 1,2 m, 1,8 m og 2,4 m, og specialst\u00f8rrelser kan bestilles efter anmodning. Mulighederne omfatter \u00e5ben bagside (til siddende personale eller opbevaringsplads) eller lukket bagside.<\/p>\n<p data-start=\"1379\" data-end=\"1529\">Disse reklameduge er perfekte til b\u00e5de indend\u00f8rs og udend\u00f8rs brug og kan maskinvaskes og genanvendes \u2013 hvilket g\u00f8r dem til en omkostningseffektiv marketinginvestering.<\/p>\n<p data-start=\"1531\" data-end=\"1673\">Uanset om du udstiller i Sydney, Melbourne, Brisbane eller Perth, hj\u00e6lper vores specialtrykte duge dig med at g\u00f8re et st\u00e6rkt og varigt indtryk.<\/p>\n<div style=\"width: 1280px;\" class=\"wp-video\"><!--[if lt IE 9]><script>document.createElement('video');<\/script><![endif]--><br \/>\n<video class=\"wp-video-shortcode\" id=\"video-2591-1\" width=\"1280\" height=\"720\" preload=\"metadata\" controls=\"controls\"><source type=\"video\/mp4\" src=\"https:\/\/cmykprinted.com\/wp-content\/uploads\/2025\/05\/Promotional-Tablecloths-Australia.mp4?_=1\" \/><a href=\"https:\/\/cmykprinted.com\/wp-content\/uploads\/2025\/05\/Promotional-Tablecloths-Australia.mp4\">https:\/\/cmykprinted.com\/wp-content\/uploads\/2025\/05\/Promotional-Tablecloths-Australia.mp4<\/a><\/video><\/div>","protected":false},"featured_media":2610,"template":"","meta":{"_kad_post_transparent":"default","_kad_post_title":"hide","_kad_post_layout":"fullwidth","_kad_post_sidebar_id":"","_kad_post_content_style":"unboxed","_kad_post_vertical_padding":"hide","_kad_post_feature":"hide","_kad_post_feature_position":"","_kad_post_header":false,"_kad_post_footer":false},"product_cat":[80,81],"product_tag":[577,579,578,576],"class_list":{"0":"post-2591","1":"product","2":"type-product","3":"status-publish","4":"has-post-thumbnail","6":"product_cat-custom-tablecloth","7":"product_cat-custom-stretch-tablecloth","8":"product_tag-custom-printed-promotional-tablecloths","9":"product_tag-custom-printed-tablecloths","10":"product_tag-printed-promotional-tablecloths","11":"product_tag-promotional-tablecloths-australia","13":"first","14":"instock","15":"shipping-taxable","16":"product-type-simple","17":"entry","18":"content-bg","19":"loop-entry"},"_links":{"self":[{"href":"https:\/\/cmykprinted.com\/da\/wp-json\/wp\/v2\/product\/2591","targetHints":{"allow":["GET"]}}],"collection":[{"href":"https:\/\/cmykprinted.com\/da\/wp-json\/wp\/v2\/product"}],"about":[{"href":"https:\/\/cmykprinted.com\/da\/wp-json\/wp\/v2\/types\/product"}],"version-history":[{"count":2,"href":"https:\/\/cmykprinted.com\/da\/wp-json\/wp\/v2\/product\/2591\/revisions"}],"predecessor-version":[{"id":2611,"href":"https:\/\/cmykprinted.com\/da\/wp-json\/wp\/v2\/product\/2591\/revisions\/2611"}],"wp:featuredmedia":[{"embeddable":true,"href":"https:\/\/cmykprinted.com\/da\/wp-json\/wp\/v2\/media\/2610"}],"wp:attachment":[{"href":"https:\/\/cmykprinted.com\/da\/wp-json\/wp\/v2\/media?parent=2591"}],"wp:term":[{"taxonomy":"product_cat","embeddable":true,"href":"https:\/\/cmykprinted.com\/da\/wp-json\/wp\/v2\/product_cat?post=2591"},{"taxonomy":"product_tag","embeddable":true,"href":"https:\/\/cmykprinted.com\/da\/wp-json\/wp\/v2\/product_tag?post=2591"}],"curies":[{"name":"wp","href":"https:\/\/api.w.org\/{rel}","templated":true}]}}