{"id":2612,"date":"2025-05-26T09:45:45","date_gmt":"2025-05-26T09:45:45","guid":{"rendered":"https:\/\/cmykprinted.com\/?post_type=product&#038;p=2612"},"modified":"2025-05-26T12:51:05","modified_gmt":"2025-05-26T12:51:05","slug":"cheap-custom-stretch-printed-tablecloth-near-me","status":"publish","type":"product","link":"https:\/\/cmykprinted.com\/da\/vare\/billig-speciallavet-straekbar-trykt-dug-i-naerheden-af-mig\/","title":{"rendered":"Billig brugerdefineret stretchtrykt dug i n\u00e6rheden af \u200b\u200bmig"},"content":{"rendered":"","protected":false},"excerpt":{"rendered":"<p data-start=\"139\" data-end=\"468\">Leder du efter en billig m\u00e5de at forbedre din stand eller dit udstillingsbord til arrangementer? <strong data-start=\"223\" data-end=\"267\">Billige brugerdefinerede str\u00e6kbare duge med tryk<\/strong> er den perfekte l\u00f8sning! Disse str\u00e6kbare bordbetr\u00e6k er designet til at passe perfekt over standardborde p\u00e5 1,80 og 2,40 meter og skaber et rent og professionelt udseende, samtidig med at de fremh\u00e6ver dit brand med et levende fuldfarvetryk.<\/p>\n<p data-start=\"470\" data-end=\"837\">Disse betr\u00e6k er lavet af h\u00f8jkvalitets, kr\u00f8lfri polyesterspandex og er slidst\u00e6rke, genanvendelige og maskinvaskbare. Det str\u00e6kbare stof f\u00f8lger bordets konturer og giver et elegant og moderne udseende \u2013 ingen klemmer eller n\u00e5le er n\u00f8dvendige. Tilpas med dit firmalogo, slogan eller grafik for maksimal synlighed af dit brand p\u00e5 messer, markeder og firmaarrangementer.<\/p>\n<p data-start=\"839\" data-end=\"1105\">F\u00e5s med valgfri \u00e5ben eller lukket bagside og lynl\u00e5smuligheder for ekstra bekvemmelighed. Uanset om du er en lille virksomhed, en startup eller forbereder dig til din n\u00e6ste handelsbegivenhed, tilbyder vores trykte str\u00e6kduge en omkostningseffektiv brandingl\u00f8sning i n\u00e6rheden af \u200b\u200bdig.<\/p>\n<p data-start=\"1107\" data-end=\"1265\">Hurtig lokal levering, nem onlinebestilling og mulighed for store rabatter. Bliv bem\u00e6rket uden at spr\u00e6nge dit budget \u2013 bestil dit brugerdefinerede str\u00e6kbare bordd\u00e6kke i dag!<\/p>\n<div style=\"width: 960px;\" class=\"wp-video\"><!--[if lt IE 9]><script>document.createElement('video');<\/script><![endif]--><br \/>\n<video class=\"wp-video-shortcode\" id=\"video-2612-1\" width=\"960\" height=\"544\" preload=\"metadata\" controls=\"controls\"><source type=\"video\/mp4\" src=\"https:\/\/cmykprinted.com\/wp-content\/uploads\/2025\/05\/Custom-Printed-Tablecloth-Stretch.mp4?_=1\" \/><a href=\"https:\/\/cmykprinted.com\/wp-content\/uploads\/2025\/05\/Custom-Printed-Tablecloth-Stretch.mp4\">https:\/\/cmykprinted.com\/wp-content\/uploads\/2025\/05\/Custom-Printed-Tablecloth-Stretch.mp4<\/a><\/video><\/div>","protected":false},"featured_media":2614,"template":"","meta":{"_kad_post_transparent":"default","_kad_post_title":"hide","_kad_post_layout":"fullwidth","_kad_post_sidebar_id":"","_kad_post_content_style":"unboxed","_kad_post_vertical_padding":"hide","_kad_post_feature":"hide","_kad_post_feature_position":"","_kad_post_header":false,"_kad_post_footer":false},"product_cat":[80,81],"product_tag":[585,584,583,586],"class_list":{"0":"post-2612","1":"product","2":"type-product","3":"status-publish","4":"has-post-thumbnail","6":"product_cat-custom-tablecloth","7":"product_cat-custom-stretch-tablecloth","8":"product_tag-cheap-custom-stretch-printed-tablecloth","9":"product_tag-custom-stretch-printed-tablecloth","10":"product_tag-stretch-printed-tablecloth","11":"product_tag-stretch-printed-tablecloth-near-me","13":"first","14":"instock","15":"shipping-taxable","16":"product-type-simple","17":"entry","18":"content-bg","19":"loop-entry"},"_links":{"self":[{"href":"https:\/\/cmykprinted.com\/da\/wp-json\/wp\/v2\/product\/2612","targetHints":{"allow":["GET"]}}],"collection":[{"href":"https:\/\/cmykprinted.com\/da\/wp-json\/wp\/v2\/product"}],"about":[{"href":"https:\/\/cmykprinted.com\/da\/wp-json\/wp\/v2\/types\/product"}],"version-history":[{"count":1,"href":"https:\/\/cmykprinted.com\/da\/wp-json\/wp\/v2\/product\/2612\/revisions"}],"predecessor-version":[{"id":2615,"href":"https:\/\/cmykprinted.com\/da\/wp-json\/wp\/v2\/product\/2612\/revisions\/2615"}],"wp:featuredmedia":[{"embeddable":true,"href":"https:\/\/cmykprinted.com\/da\/wp-json\/wp\/v2\/media\/2614"}],"wp:attachment":[{"href":"https:\/\/cmykprinted.com\/da\/wp-json\/wp\/v2\/media?parent=2612"}],"wp:term":[{"taxonomy":"product_cat","embeddable":true,"href":"https:\/\/cmykprinted.com\/da\/wp-json\/wp\/v2\/product_cat?post=2612"},{"taxonomy":"product_tag","embeddable":true,"href":"https:\/\/cmykprinted.com\/da\/wp-json\/wp\/v2\/product_tag?post=2612"}],"curies":[{"name":"wp","href":"https:\/\/api.w.org\/{rel}","templated":true}]}}