{"id":2620,"date":"2025-05-27T07:13:40","date_gmt":"2025-05-27T07:13:40","guid":{"rendered":"https:\/\/cmykprinted.com\/?post_type=product&#038;p=2620"},"modified":"2025-05-27T07:45:05","modified_gmt":"2025-05-27T07:45:05","slug":"custom-printed-branded-tablecloth-for-events","status":"publish","type":"product","link":"https:\/\/cmykprinted.com\/da\/vare\/specialtrykt-brandet-dug-til-begivenheder\/","title":{"rendered":"Brugerdefineret trykt dug med m\u00e6rke til arrangementer"},"content":{"rendered":"","protected":false},"excerpt":{"rendered":"<p>En trykt dug med branding er et vigtigt salgsfremmende v\u00e6rkt\u00f8j for enhver virksomhed, der deltager i events som messer, udstillinger, konferencer, produktlanceringer og marketingaktiviteter. Den forvandler et standardbord til en professionel og visuelt tiltalende udstilling, der hj\u00e6lper dit brand med at skille sig ud i travle eventmilj\u00f8er. Disse duge er lavet af slidst\u00e6rke stoffer af h\u00f8j kvalitet som polyester eller str\u00e6kbar spandex og er designet til b\u00e5de indend\u00f8rs og udend\u00f8rs brug.<\/p>\n<p>Designet inkluderer typisk dit logo, brandfarver, slogan og anden relevant grafik, trykt i fuld farve ved hj\u00e6lp af farvesublimering eller digitale trykteknikker. Dette sikrer levende, langvarige visuelle effekter, der modst\u00e5r falmning, selv efter flere vaske. Duge med logo kan f\u00e5s i forskellige stilarter \u2013 s\u00e5som t\u00e6tsiddende, l\u00f8st faldende eller str\u00e6kbare \u2013 og kan tilpasses til standardbordst\u00f8rrelser som 1,2 meter, 1,8 meter eller 2,4 meter, eller skr\u00e6ddersyes til unikke borddimensioner.<\/p>\n<p>Uanset om du v\u00e6lger et tresidet design for nem adgang til opbevaring under bordet eller et fuldt firesidet betr\u00e6k for et poleret 360\u00b0 look, tilf\u00f8jer en logo-dug et strejf af professionalisme og brandkonsistens. Den er nem at folde, opbevare og transportere, hvilket g\u00f8r den ideel til virksomheder, der regelm\u00e6ssigt deltager i events. Prisbillige, genanvendelige og effektive, trykte logo-duge er en smart investering i at forbedre din brandtilstedev\u00e6relse ved ethvert event.<\/p>\n<div style=\"width: 1280px;\" class=\"wp-video\"><!--[if lt IE 9]><script>document.createElement('video');<\/script><![endif]--><br \/>\n<video class=\"wp-video-shortcode\" id=\"video-2620-1\" width=\"1280\" height=\"720\" preload=\"metadata\" controls=\"controls\"><source type=\"video\/mp4\" src=\"https:\/\/cmykprinted.com\/wp-content\/uploads\/2025\/05\/Printed-Branded-Tablecloth-for-Events.mp4?_=1\" \/><a href=\"https:\/\/cmykprinted.com\/wp-content\/uploads\/2025\/05\/Printed-Branded-Tablecloth-for-Events.mp4\">https:\/\/cmykprinted.com\/wp-content\/uploads\/2025\/05\/Printed-Branded-Tablecloth-for-Events.mp4<\/a><\/video><\/div>","protected":false},"featured_media":2626,"template":"","meta":{"_kad_post_transparent":"default","_kad_post_title":"hide","_kad_post_layout":"fullwidth","_kad_post_sidebar_id":"","_kad_post_content_style":"unboxed","_kad_post_vertical_padding":"hide","_kad_post_feature":"hide","_kad_post_feature_position":"","_kad_post_header":false,"_kad_post_footer":false},"product_cat":[80,81,83],"product_tag":[587,590,589,588],"class_list":{"0":"post-2620","1":"product","2":"type-product","3":"status-publish","4":"has-post-thumbnail","6":"product_cat-custom-tablecloth","7":"product_cat-custom-stretch-tablecloth","8":"product_cat-fitted-table-cover","9":"product_tag-branded-tablecloth-for-events","10":"product_tag-custom-branded-tablecloth-for-events","11":"product_tag-custom-printed-branded-tablecloth-f","12":"product_tag-printed-branded-tablecloth","14":"first","15":"instock","16":"shipping-taxable","17":"product-type-simple","18":"entry","19":"content-bg","20":"loop-entry"},"_links":{"self":[{"href":"https:\/\/cmykprinted.com\/da\/wp-json\/wp\/v2\/product\/2620","targetHints":{"allow":["GET"]}}],"collection":[{"href":"https:\/\/cmykprinted.com\/da\/wp-json\/wp\/v2\/product"}],"about":[{"href":"https:\/\/cmykprinted.com\/da\/wp-json\/wp\/v2\/types\/product"}],"version-history":[{"count":1,"href":"https:\/\/cmykprinted.com\/da\/wp-json\/wp\/v2\/product\/2620\/revisions"}],"predecessor-version":[{"id":2622,"href":"https:\/\/cmykprinted.com\/da\/wp-json\/wp\/v2\/product\/2620\/revisions\/2622"}],"wp:featuredmedia":[{"embeddable":true,"href":"https:\/\/cmykprinted.com\/da\/wp-json\/wp\/v2\/media\/2626"}],"wp:attachment":[{"href":"https:\/\/cmykprinted.com\/da\/wp-json\/wp\/v2\/media?parent=2620"}],"wp:term":[{"taxonomy":"product_cat","embeddable":true,"href":"https:\/\/cmykprinted.com\/da\/wp-json\/wp\/v2\/product_cat?post=2620"},{"taxonomy":"product_tag","embeddable":true,"href":"https:\/\/cmykprinted.com\/da\/wp-json\/wp\/v2\/product_tag?post=2620"}],"curies":[{"name":"wp","href":"https:\/\/api.w.org\/{rel}","templated":true}]}}