{"id":2634,"date":"2025-05-28T05:01:54","date_gmt":"2025-05-28T05:01:54","guid":{"rendered":"https:\/\/cmykprinted.com\/?post_type=product&#038;p=2634"},"modified":"2025-05-28T05:01:54","modified_gmt":"2025-05-28T05:01:54","slug":"custom-metal-transfer-logo-stickers-for-perfume-bottle","status":"publish","type":"product","link":"https:\/\/cmykprinted.com\/da\/vare\/tilpassede-metal-overforselslogo-klistermaerker-til-parfumeflaske\/","title":{"rendered":"Brugerdefinerede metaloverf\u00f8ringslogo-klisterm\u00e6rker til parfumeflaske"},"content":{"rendered":"","protected":false},"excerpt":{"rendered":"<p>Forst\u00e6rk dit produkts elegance og brandidentitet med vores f\u00f8rsteklasses brugerdefinerede metaloverf\u00f8rselslogo-klisterm\u00e6rker, der er specielt designet til parfumeflasker. Disse eksklusive metalliske klisterm\u00e6rker tilbyder en luksuri\u00f8s og professionel finish, der \u00f8jeblikkeligt l\u00f8fter din emballage og afspejler kvaliteten af \u200b\u200bdit brand.<\/p>\n<p>Disse klisterm\u00e6rker er fremstillet ved hj\u00e6lp af avanceret transferteknologi og har en elegant metaloverflade med pr\u00e6cise detaljer, hvilket g\u00f8r dem ideelle til logoer, brandnavne eller dekorative elementer. Transferapplikationen sikrer, at kun den metalliske del kl\u00e6ber til overfladen, hvilket ikke efterlader baggrund eller kl\u00e6bende kanter - hvilket skaber et problemfrit, graveret udseende direkte p\u00e5 glas- eller plastikflasken.<\/p>\n<p>Vores metal-logo-klisterm\u00e6rker f\u00e5s i en r\u00e6kke forskellige finish som guld, s\u00f8lv, rosaguld, mat sort og krom, og kan tilpasses, s\u00e5 de matcher dit brands \u00e6stetik. Uanset om du foretr\u00e6kker et minimalistisk monogram eller et indviklet logo-design, tilbyder vi skr\u00e6ddersyede l\u00f8sninger, der opfylder dine specifikke behov.<\/p>\n<p>Disse klisterm\u00e6rker er ikke kun visuelt tiltalende, men ogs\u00e5 holdbare \u2013 de er modstandsdygtige over for vand, olie og parfume, hvilket sikrer, at din branding forbliver intakt over tid. Perfekt til luksuri\u00f8se parfumelinjer, kosmetikprodukter eller eksklusive reklameartikler.<\/p>\n<p>Vores designteam vil arbejde t\u00e6t sammen med dig for at skabe det perfekte logo-klisterm\u00e6rke, der afspejler din brandidentitet. MOQ og bulkpriser er tilg\u00e6ngelige for engrosordrer.<\/p>\n<p>Opgrader din emballage med elegance og s\u00e6rpr\u00e6g \u2013 v\u00e6lg vores brugerdefinerede metaloverf\u00f8rselslogo-klisterm\u00e6rker for et sofistikeret finish.<\/p>\n<div style=\"width: 480px;\" class=\"wp-video\"><!--[if lt IE 9]><script>document.createElement('video');<\/script><![endif]--><br \/>\n<video class=\"wp-video-shortcode\" id=\"video-2634-1\" width=\"480\" height=\"480\" preload=\"metadata\" controls=\"controls\"><source type=\"video\/mp4\" src=\"https:\/\/cmykprinted.com\/wp-content\/uploads\/2025\/05\/Metal-Transfer-Logo-Stickers-For-Perfume-Bottle.mp4?_=1\" \/><a href=\"https:\/\/cmykprinted.com\/wp-content\/uploads\/2025\/05\/Metal-Transfer-Logo-Stickers-For-Perfume-Bottle.mp4\">https:\/\/cmykprinted.com\/wp-content\/uploads\/2025\/05\/Metal-Transfer-Logo-Stickers-For-Perfume-Bottle.mp4<\/a><\/video><\/div>","protected":false},"featured_media":2635,"template":"","meta":{"_kad_post_transparent":"default","_kad_post_title":"hide","_kad_post_layout":"fullwidth","_kad_post_sidebar_id":"","_kad_post_content_style":"unboxed","_kad_post_vertical_padding":"hide","_kad_post_feature":"hide","_kad_post_feature_position":"","_kad_post_header":false,"_kad_post_footer":false},"product_cat":[101,102],"product_tag":[596,594,595,597],"class_list":{"0":"post-2634","1":"product","2":"type-product","3":"status-publish","4":"has-post-thumbnail","6":"product_cat-transfer-stickers","7":"product_cat-metal-transfer-stickers","8":"product_tag-custom-metal-transfer-logo-stickers","9":"product_tag-logo-stickers-for-perfume-bottle","10":"product_tag-metal-transfer-logo-stickers","11":"product_tag-transfer-logo-stickers-for-perfume-bottle","13":"first","14":"instock","15":"shipping-taxable","16":"product-type-simple","17":"entry","18":"content-bg","19":"loop-entry"},"_links":{"self":[{"href":"https:\/\/cmykprinted.com\/da\/wp-json\/wp\/v2\/product\/2634","targetHints":{"allow":["GET"]}}],"collection":[{"href":"https:\/\/cmykprinted.com\/da\/wp-json\/wp\/v2\/product"}],"about":[{"href":"https:\/\/cmykprinted.com\/da\/wp-json\/wp\/v2\/types\/product"}],"version-history":[{"count":1,"href":"https:\/\/cmykprinted.com\/da\/wp-json\/wp\/v2\/product\/2634\/revisions"}],"predecessor-version":[{"id":2640,"href":"https:\/\/cmykprinted.com\/da\/wp-json\/wp\/v2\/product\/2634\/revisions\/2640"}],"wp:featuredmedia":[{"embeddable":true,"href":"https:\/\/cmykprinted.com\/da\/wp-json\/wp\/v2\/media\/2635"}],"wp:attachment":[{"href":"https:\/\/cmykprinted.com\/da\/wp-json\/wp\/v2\/media?parent=2634"}],"wp:term":[{"taxonomy":"product_cat","embeddable":true,"href":"https:\/\/cmykprinted.com\/da\/wp-json\/wp\/v2\/product_cat?post=2634"},{"taxonomy":"product_tag","embeddable":true,"href":"https:\/\/cmykprinted.com\/da\/wp-json\/wp\/v2\/product_tag?post=2634"}],"curies":[{"name":"wp","href":"https:\/\/api.w.org\/{rel}","templated":true}]}}