{"id":2668,"date":"2025-06-06T04:34:33","date_gmt":"2025-06-06T04:34:33","guid":{"rendered":"https:\/\/cmykprinted.com\/?post_type=product&#038;p=2668"},"modified":"2025-06-06T05:55:38","modified_gmt":"2025-06-06T05:55:38","slug":"custom-made-canopy-tents-with-your-logo-printed","status":"publish","type":"product","link":"https:\/\/cmykprinted.com\/da\/vare\/specialfremstillede-telte-med-dit-logo-trykt\/","title":{"rendered":"Specialfremstillede baldakintelte med dit logo trykt"},"content":{"rendered":"","protected":false},"excerpt":{"rendered":"<p>Skil dig ud ved ethvert arrangement med vores brugerdefinerede baldakintelte af h\u00f8j kvalitet. Vores telte er designet til at fremvise dit brand og har fuldfarvetryk af dit logo, slogan eller kunstv\u00e6rk p\u00e5 alle sider. Uanset om du deltager i en messe, festival, marked eller sportsbegivenhed, sikrer vores personlige telte maksimal synlighed og en professionel tilstedev\u00e6relse.<\/p>\n<p>Hvert telt er lavet af slidst\u00e6rke, vejrbestandige materialer og bygget til at modst\u00e5 det australske klima. V\u00e6lg mellem en r\u00e6kke forskellige st\u00f8rrelser, stelstyrker og trykmuligheder, der passer til dine behov. Pop-up-designet muligg\u00f8r hurtig og nem ops\u00e6tning, hvilket g\u00f8r det perfekt til b\u00e5de indend\u00f8rs og udend\u00f8rs brug.<\/p>\n<p>Vi bruger den nyeste trykteknologi for at sikre levende, holdbare farver, der ikke falmer. Valgfrit tilbeh\u00f8r inkluderer v\u00e6gge, bannere, flag og b\u00e6reposer \u2013 alt sammen fuldt tilpasset.<\/p>\n<p>Perfekt til virksomheder, skoler, nonprofitorganisationer og eventarrang\u00f8rer, vores m\u00e6rkevarede baldakintelte hj\u00e6lper dig med at skabe et uforglemmeligt f\u00f8rsteh\u00e5ndsindtryk.<\/p>\n<p>Lad dit brand skinne \u2013 kontakt os i dag for et tilbud eller en gratis mockup.<\/p>\n<div style=\"width: 960px;\" class=\"wp-video\"><!--[if lt IE 9]><script>document.createElement('video');<\/script><![endif]--><br \/>\n<video class=\"wp-video-shortcode\" id=\"video-2668-1\" width=\"960\" height=\"544\" preload=\"metadata\" controls=\"controls\"><source type=\"video\/mp4\" src=\"https:\/\/cmykprinted.com\/wp-content\/uploads\/2024\/04\/digicel-tents.mp4?_=1\" \/><a href=\"https:\/\/cmykprinted.com\/wp-content\/uploads\/2024\/04\/digicel-tents.mp4\">https:\/\/cmykprinted.com\/wp-content\/uploads\/2024\/04\/digicel-tents.mp4<\/a><\/video><\/div>","protected":false},"featured_media":2677,"template":"","meta":{"_kad_post_transparent":"default","_kad_post_title":"hide","_kad_post_layout":"normal","_kad_post_sidebar_id":"","_kad_post_content_style":"unboxed","_kad_post_vertical_padding":"hide","_kad_post_feature":"hide","_kad_post_feature_position":"","_kad_post_header":false,"_kad_post_footer":false},"product_cat":[68,76,74],"product_tag":[605,604,606],"class_list":{"0":"post-2668","1":"product","2":"type-product","3":"status-publish","4":"has-post-thumbnail","6":"product_cat-custom-canopy-tents","7":"product_cat-10x15ft-pop-up-tents-50mm-heavy-duty-hexagon-aluminum-tents-custom-canopy-tents","8":"product_cat-50mm-heavy-duty-hexagon-aluminum-tents","9":"product_tag-custom-canopy-tents-with-logo","10":"product_tag-custom-made-canopy-tents","11":"product_tag-custom-printed-canopy-tents","13":"first","14":"instock","15":"shipping-taxable","16":"product-type-simple","17":"entry","18":"content-bg","19":"loop-entry"},"_links":{"self":[{"href":"https:\/\/cmykprinted.com\/da\/wp-json\/wp\/v2\/product\/2668","targetHints":{"allow":["GET"]}}],"collection":[{"href":"https:\/\/cmykprinted.com\/da\/wp-json\/wp\/v2\/product"}],"about":[{"href":"https:\/\/cmykprinted.com\/da\/wp-json\/wp\/v2\/types\/product"}],"version-history":[{"count":1,"href":"https:\/\/cmykprinted.com\/da\/wp-json\/wp\/v2\/product\/2668\/revisions"}],"predecessor-version":[{"id":2671,"href":"https:\/\/cmykprinted.com\/da\/wp-json\/wp\/v2\/product\/2668\/revisions\/2671"}],"wp:featuredmedia":[{"embeddable":true,"href":"https:\/\/cmykprinted.com\/da\/wp-json\/wp\/v2\/media\/2677"}],"wp:attachment":[{"href":"https:\/\/cmykprinted.com\/da\/wp-json\/wp\/v2\/media?parent=2668"}],"wp:term":[{"taxonomy":"product_cat","embeddable":true,"href":"https:\/\/cmykprinted.com\/da\/wp-json\/wp\/v2\/product_cat?post=2668"},{"taxonomy":"product_tag","embeddable":true,"href":"https:\/\/cmykprinted.com\/da\/wp-json\/wp\/v2\/product_tag?post=2668"}],"curies":[{"name":"wp","href":"https:\/\/api.w.org\/{rel}","templated":true}]}}