{"id":2678,"date":"2025-06-09T08:44:00","date_gmt":"2025-06-09T08:44:00","guid":{"rendered":"https:\/\/cmykprinted.com\/?post_type=product&#038;p=2678"},"modified":"2025-06-09T08:44:00","modified_gmt":"2025-06-09T08:44:00","slug":"outdoor-marketing-flags-supplier-best-price-with-48-hours-turnaround","status":"publish","type":"product","link":"https:\/\/cmykprinted.com\/da\/vare\/udendors-markedsforingsflag-leverandor-bedste-pris-med-48-timers-levering\/","title":{"rendered":"Leverand\u00f8r af udend\u00f8rs marketingflag - Bedste pris med 48 timers ekspeditionstid"},"content":{"rendered":"","protected":false},"excerpt":{"rendered":"<p>I reklamens hurtige verden er det altafg\u00f8rende at fange opm\u00e6rksomheden. Uanset om du promoverer en storsl\u00e5et \u00e5bning, annoncerer et udsalg, deltager i en messe eller blot pr\u00f8ver at skille dig ud p\u00e5 en travl gade, er brugerdefinerede udend\u00f8rs marketingflag blevet et vigtigt og effektivt reklamev\u00e6rkt\u00f8j for virksomheder i alle st\u00f8rrelser. Disse i\u00f8jnefaldende bannere blafrer i vinden og skaber dynamisk bev\u00e6gelse og synlighed, hvilket sikrer, at dit budskab bliver set \u2013 h\u00f8jt og tydeligt.<\/p>\n<p>I denne guide vil vi udforske alt, hvad du beh\u00f8ver at vide om fjerflag til udend\u00f8rs markedsf\u00f8ring: hvad de er, hvorfor de virker, hvordan man designer dem effektivt, og hvor og hvorn\u00e5r man skal bruge dem.<\/p>\n<p>Brugerdefinerede udend\u00f8rs fjerflag er en smart, stilfuld og skalerbar l\u00f8sning for moderne marketingfolk. Deres blanding af bev\u00e6gelse, h\u00f8jde, farve og overkommelige pris g\u00f8r dem til et af de mest effektive reklamev\u00e6rkt\u00f8jer, der findes i dag. Uanset om du har brug for et enkelt flag til et weekendudsalg eller en fl\u00e5de af flag til en storstilet kampagne, er investering i brugerdefinerede fjerflag en dokumenteret strategi til at vende hoveder \u2013 og konvertere trafik til kunder.<\/p>\n<p>Med det rigtige design, kvalitetsmaterialer og strategisk placering vil dit fjerflag arbejde h\u00e5rdt for din virksomhed \u2013 i regn eller solskin, dag efter dag.<\/p>\n<p>&nbsp;<\/p>","protected":false},"featured_media":2679,"template":"","meta":{"_kad_post_transparent":"default","_kad_post_title":"hide","_kad_post_layout":"fullwidth","_kad_post_sidebar_id":"","_kad_post_content_style":"unboxed","_kad_post_vertical_padding":"hide","_kad_post_feature":"hide","_kad_post_feature_position":"","_kad_post_header":false,"_kad_post_footer":false},"product_cat":[64,65],"product_tag":[609,610,607,608],"class_list":{"0":"post-2678","1":"product","2":"type-product","3":"status-publish","4":"has-post-thumbnail","6":"product_cat-beach-flags","7":"product_cat-feather-flags-banners","8":"product_tag-outdoor-flags","9":"product_tag-outdoor-flags-with-best-price","10":"product_tag-outdoor-marketing-flags","11":"product_tag-outdoor-marketing-flags-supplier","13":"first","14":"instock","15":"shipping-taxable","16":"product-type-simple","17":"entry","18":"content-bg","19":"loop-entry"},"_links":{"self":[{"href":"https:\/\/cmykprinted.com\/da\/wp-json\/wp\/v2\/product\/2678","targetHints":{"allow":["GET"]}}],"collection":[{"href":"https:\/\/cmykprinted.com\/da\/wp-json\/wp\/v2\/product"}],"about":[{"href":"https:\/\/cmykprinted.com\/da\/wp-json\/wp\/v2\/types\/product"}],"version-history":[{"count":1,"href":"https:\/\/cmykprinted.com\/da\/wp-json\/wp\/v2\/product\/2678\/revisions"}],"predecessor-version":[{"id":2684,"href":"https:\/\/cmykprinted.com\/da\/wp-json\/wp\/v2\/product\/2678\/revisions\/2684"}],"wp:featuredmedia":[{"embeddable":true,"href":"https:\/\/cmykprinted.com\/da\/wp-json\/wp\/v2\/media\/2679"}],"wp:attachment":[{"href":"https:\/\/cmykprinted.com\/da\/wp-json\/wp\/v2\/media?parent=2678"}],"wp:term":[{"taxonomy":"product_cat","embeddable":true,"href":"https:\/\/cmykprinted.com\/da\/wp-json\/wp\/v2\/product_cat?post=2678"},{"taxonomy":"product_tag","embeddable":true,"href":"https:\/\/cmykprinted.com\/da\/wp-json\/wp\/v2\/product_tag?post=2678"}],"curies":[{"name":"wp","href":"https:\/\/api.w.org\/{rel}","templated":true}]}}