{"id":2686,"date":"2025-06-14T12:05:03","date_gmt":"2025-06-14T12:05:03","guid":{"rendered":"https:\/\/cmykprinted.com\/?post_type=product&#038;p=2686"},"modified":"2025-06-14T12:58:32","modified_gmt":"2025-06-14T12:58:32","slug":"factory-with-best-quality-custom-canopy-tent-10x15","status":"publish","type":"product","link":"https:\/\/cmykprinted.com\/da\/vare\/fabrik-med-bedste-kvalitet-specialdesignet-telt-10x15\/","title":{"rendered":"Fabrik med den bedste kvalitet af brugerdefineret baldakintelt 10\u00d715"},"content":{"rendered":"","protected":false},"excerpt":{"rendered":"<p>Leder du efter den perfekte udend\u00f8rsl\u00f8sning til at styrke din brandtilstedev\u00e6relse? Vores 10\u00d715 specialfremstillede baldakintelte er fremstillet p\u00e5 vores professionelle fabrik med materialer af h\u00f8jeste kvalitet og pr\u00e6cisionsfremstilling. Uanset om du fremviser din virksomhed p\u00e5 en messe, et udend\u00f8rs marked, en festival, en sportsbegivenhed eller en salgsfremmende aktivitet, leverer dette telt uovertruffen holdbarhed, funktionalitet og stil.<\/p>\n<p>Vores baldakiner er fremstillet af kraftig 600D polyester med vandt\u00e6tte, UV-bestandige og brandh\u00e6mmende egenskaber og er designet til at modst\u00e5 alle vejrforhold. De robuste aluminiums- eller st\u00e5lrammer giver langvarig st\u00f8tte og er nemme at s\u00e6tte op p\u00e5 f\u00e5 minutter. Tilpas hver eneste detalje \u2013 tilf\u00f8j dit logo i fuld farve, dit brandbudskab eller dine i\u00f8jnefaldende visuelle elementer ved hj\u00e6lp af avanceret farvesublimeringstryk, der sikrer levende og falmebestandige resultater.<\/p>\n<p>Med priser direkte fra fabrikken, hurtige ekspeditionstider og verdensomsp\u00e6ndende levering f\u00e5r du ikke bare et telt \u2013 du f\u00e5r et synligt marketingv\u00e6rkt\u00f8j, der er bygget til at pr\u00e6stere. Skil dig ud fra m\u00e6ngden med vores 10\u00d715 specialfremstillede baldakintelt af h\u00f8jeste kvalitet.<\/p>","protected":false},"featured_media":2690,"template":"","meta":{"_kad_post_transparent":"default","_kad_post_title":"hide","_kad_post_layout":"normal","_kad_post_sidebar_id":"","_kad_post_content_style":"unboxed","_kad_post_vertical_padding":"hide","_kad_post_feature":"hide","_kad_post_feature_position":"","_kad_post_header":false,"_kad_post_footer":false},"product_cat":[68,76,74],"product_tag":[612,613,611],"class_list":{"0":"post-2686","1":"product","2":"type-product","3":"status-publish","4":"has-post-thumbnail","6":"product_cat-custom-canopy-tents","7":"product_cat-10x15ft-pop-up-tents-50mm-heavy-duty-hexagon-aluminum-tents-custom-canopy-tents","8":"product_cat-50mm-heavy-duty-hexagon-aluminum-tents","9":"product_tag-best-quality-custom-canopy-tent","10":"product_tag-canopy-tent-10x15","11":"product_tag-custom-canopy-tent-10x15","13":"first","14":"instock","15":"shipping-taxable","16":"product-type-simple","17":"entry","18":"content-bg","19":"loop-entry"},"_links":{"self":[{"href":"https:\/\/cmykprinted.com\/da\/wp-json\/wp\/v2\/product\/2686","targetHints":{"allow":["GET"]}}],"collection":[{"href":"https:\/\/cmykprinted.com\/da\/wp-json\/wp\/v2\/product"}],"about":[{"href":"https:\/\/cmykprinted.com\/da\/wp-json\/wp\/v2\/types\/product"}],"version-history":[{"count":1,"href":"https:\/\/cmykprinted.com\/da\/wp-json\/wp\/v2\/product\/2686\/revisions"}],"predecessor-version":[{"id":2688,"href":"https:\/\/cmykprinted.com\/da\/wp-json\/wp\/v2\/product\/2686\/revisions\/2688"}],"wp:featuredmedia":[{"embeddable":true,"href":"https:\/\/cmykprinted.com\/da\/wp-json\/wp\/v2\/media\/2690"}],"wp:attachment":[{"href":"https:\/\/cmykprinted.com\/da\/wp-json\/wp\/v2\/media?parent=2686"}],"wp:term":[{"taxonomy":"product_cat","embeddable":true,"href":"https:\/\/cmykprinted.com\/da\/wp-json\/wp\/v2\/product_cat?post=2686"},{"taxonomy":"product_tag","embeddable":true,"href":"https:\/\/cmykprinted.com\/da\/wp-json\/wp\/v2\/product_tag?post=2686"}],"curies":[{"name":"wp","href":"https:\/\/api.w.org\/{rel}","templated":true}]}}