{"id":2696,"date":"2025-06-16T04:06:39","date_gmt":"2025-06-16T04:06:39","guid":{"rendered":"https:\/\/cmykprinted.com\/?post_type=product&#038;p=2696"},"modified":"2025-06-16T04:08:43","modified_gmt":"2025-06-16T04:08:43","slug":"custom-printed-canopy-tent-10x10-with-free-mock-up","status":"publish","type":"product","link":"https:\/\/cmykprinted.com\/da\/vare\/tilpasset-trykt-telt-10x10-med-gratis-mockup\/","title":{"rendered":"Brugerdefineret trykt baldakintelt 10\u00d710 med gratis mockup"},"content":{"rendered":"","protected":false},"excerpt":{"rendered":"<p>Skil dig ud ved ethvert arrangement med et specialtrykt 300 x 300 cm baldakintelt \u2013 Gratis mock-up inkluderet!<\/p>\n<p>G\u00f8r dit brand umuligt at overse med vores specialtrykte 10 x 10 baldakintelt, perfekt til messer, festivaler, udend\u00f8rsmarkeder, sportsbegivenheder og meget mere. Dette telt er designet til at kombinere holdbarhed, nem ops\u00e6tning og fantastisk farvegrafik og forvandler ethvert rum til et professionelt og i\u00f8jnefaldende brandshowcase.<\/p>\n<p>1. Fuldt farvetrykt baldakin \u2013 Tryk dit logo, din besked eller dit kunstv\u00e6rk p\u00e5 alle sider for at maksimere synligheden og brandp\u00e5virkningen.<br \/>\n2. Gratis mock-up f\u00f8r k\u00f8b \u2013 F\u00e5 en realistisk digital forh\u00e5ndsvisning af dit design, f\u00f8r produktionen starter. Ingen g\u00e6tteri, ingen overraskelser.<br \/>\n3. Robust ramme + vejrbestandigt 600 D brandsikkert stof \u2013 Bygget til at modst\u00e5 vind, regn og sol, samtidig med at din stand ser flot ud.<br \/>\n4. Hurtig og v\u00e6rkt\u00f8jsfri ops\u00e6tning \u2013 S\u00e6t dit telt op p\u00e5 f\u00e5 minutter med vores brugervenlige pop-up-ramme.<br \/>\n5. Ideel st\u00f8rrelse 10 x 10 \u2013 Perfekt til at skabe en professionel tilstedev\u00e6relse, samtidig med at den passer komfortabelt ind i standardbokspladser.<\/p>\n<p>Uanset om du promoverer et produkt, \u00f8ger opm\u00e6rksomheden eller blot tiltr\u00e6kker flere kunder, g\u00f8r vores brugerdefinerede trykte baldakintelte dit brand til centrum for opm\u00e6rksomheden \u2013 uden designrisiko takket v\u00e6re vores gratis mockup-service!<\/p>\n<p><strong>\u00a0Bestil i dag, og lad dit telt tale!<\/strong><\/p>","protected":false},"featured_media":2704,"template":"","meta":{"_kad_post_transparent":"default","_kad_post_title":"hide","_kad_post_layout":"normal","_kad_post_sidebar_id":"","_kad_post_content_style":"unboxed","_kad_post_vertical_padding":"hide","_kad_post_feature":"hide","_kad_post_feature_position":"","_kad_post_header":false,"_kad_post_footer":false},"product_cat":[68,76,74],"product_tag":[615,614],"class_list":{"0":"post-2696","1":"product","2":"type-product","3":"status-publish","4":"has-post-thumbnail","6":"product_cat-custom-canopy-tents","7":"product_cat-10x15ft-pop-up-tents-50mm-heavy-duty-hexagon-aluminum-tents-custom-canopy-tents","8":"product_cat-50mm-heavy-duty-hexagon-aluminum-tents","9":"product_tag-custom-printed-canopy-tent","10":"product_tag-custom-printed-canopy-tent-10x10","12":"first","13":"instock","14":"shipping-taxable","15":"product-type-simple","16":"entry","17":"content-bg","18":"loop-entry"},"_links":{"self":[{"href":"https:\/\/cmykprinted.com\/da\/wp-json\/wp\/v2\/product\/2696","targetHints":{"allow":["GET"]}}],"collection":[{"href":"https:\/\/cmykprinted.com\/da\/wp-json\/wp\/v2\/product"}],"about":[{"href":"https:\/\/cmykprinted.com\/da\/wp-json\/wp\/v2\/types\/product"}],"version-history":[{"count":1,"href":"https:\/\/cmykprinted.com\/da\/wp-json\/wp\/v2\/product\/2696\/revisions"}],"predecessor-version":[{"id":2703,"href":"https:\/\/cmykprinted.com\/da\/wp-json\/wp\/v2\/product\/2696\/revisions\/2703"}],"wp:featuredmedia":[{"embeddable":true,"href":"https:\/\/cmykprinted.com\/da\/wp-json\/wp\/v2\/media\/2704"}],"wp:attachment":[{"href":"https:\/\/cmykprinted.com\/da\/wp-json\/wp\/v2\/media?parent=2696"}],"wp:term":[{"taxonomy":"product_cat","embeddable":true,"href":"https:\/\/cmykprinted.com\/da\/wp-json\/wp\/v2\/product_cat?post=2696"},{"taxonomy":"product_tag","embeddable":true,"href":"https:\/\/cmykprinted.com\/da\/wp-json\/wp\/v2\/product_tag?post=2696"}],"curies":[{"name":"wp","href":"https:\/\/api.w.org\/{rel}","templated":true}]}}