{"id":2716,"date":"2025-06-23T02:33:41","date_gmt":"2025-06-23T02:33:41","guid":{"rendered":"https:\/\/cmykprinted.com\/?post_type=product&#038;p=2716"},"modified":"2025-06-23T02:33:41","modified_gmt":"2025-06-23T02:33:41","slug":"logo-transfer-stickers","status":"publish","type":"product","link":"https:\/\/cmykprinted.com\/da\/vare\/logo-overforsels-klistermaerker\/","title":{"rendered":"Brugerdefinerede metal nikkel logo overf\u00f8ringsklisterm\u00e6rker fremstillet i Kina"},"content":{"rendered":"","protected":false},"excerpt":{"rendered":"<p>Vil du gerne have dit brand til at skille sig ud med en elegant og eksklusiv finish? Vores brugerdefinerede metal-nikkellogo-overf\u00f8ringsklisterm\u00e6rker er den perfekte l\u00f8sning til virksomheder, der kr\u00e6ver kvalitet, holdbarhed og visuel effekt. Disse klisterm\u00e6rker er fremstillet i Kina ved hj\u00e6lp af avanceret elektroformningsteknologi og har et ultratyndt, let nikkelmateriale med en fantastisk metallisk finish \u2013 f\u00e5s i s\u00f8lv, guld, mat, blank eller b\u00f8rstet tekstur.<\/p>\n<p>Ideel til b\u00e6rbare computere, elektronik, emballage, apparater, reklameartikler, kosmetikemballageflasker, parfumeflasker, stearinlysemballage\u00e6sker og meget mere. Disse transferklisterm\u00e6rker er nemme at p\u00e5f\u00f8re med st\u00e6rk kl\u00e6bende bagside og ingen snavsede rester. Hvert logo er specialsk\u00e5ret med skarpe detaljer, hvilket sikrer et rent og professionelt udseende p\u00e5 enhver glat overflade.<\/p>\n<p>Minimumsbestillingsm\u00e6ngderne er lave, der tilbydes bulkrabatter, og hurtig global forsendelse sikrer rettidig levering. Uanset om du er en startup eller et etableret brand, kan du v\u00e6lge Kina-fremstillet kvalitet, du kan stole p\u00e5 \u2013 raffineret, overkommelig i pris og bygget til at imponere.<\/p>\n<div style=\"width: 726px;\" class=\"wp-video\"><!--[if lt IE 9]><script>document.createElement('video');<\/script><![endif]--><br \/>\n<video class=\"wp-video-shortcode\" id=\"video-2716-1\" width=\"726\" height=\"720\" preload=\"metadata\" controls=\"controls\"><source type=\"video\/mp4\" src=\"https:\/\/cmykprinted.com\/wp-content\/uploads\/2025\/06\/3d-Metal-Transfer-Stickers.mp4?_=1\" \/><a href=\"https:\/\/cmykprinted.com\/wp-content\/uploads\/2025\/06\/3d-Metal-Transfer-Stickers.mp4\">https:\/\/cmykprinted.com\/wp-content\/uploads\/2025\/06\/3d-Metal-Transfer-Stickers.mp4<\/a><\/video><\/div>","protected":false},"featured_media":2717,"template":"","meta":{"_kad_post_transparent":"default","_kad_post_title":"hide","_kad_post_layout":"fullwidth","_kad_post_sidebar_id":"","_kad_post_content_style":"unboxed","_kad_post_vertical_padding":"hide","_kad_post_feature":"hide","_kad_post_feature_position":"","_kad_post_header":false,"_kad_post_footer":false},"product_cat":[101,102],"product_tag":[620,619,621],"class_list":{"0":"post-2716","1":"product","2":"type-product","3":"status-publish","4":"has-post-thumbnail","6":"product_cat-transfer-stickers","7":"product_cat-metal-transfer-stickers","8":"product_tag-custom-logo-transfer-stickers","9":"product_tag-logo-transfer-stickers","10":"product_tag-metal-nickle-logo-transfer-stickers","12":"first","13":"instock","14":"shipping-taxable","15":"product-type-simple","16":"entry","17":"content-bg","18":"loop-entry"},"_links":{"self":[{"href":"https:\/\/cmykprinted.com\/da\/wp-json\/wp\/v2\/product\/2716","targetHints":{"allow":["GET"]}}],"collection":[{"href":"https:\/\/cmykprinted.com\/da\/wp-json\/wp\/v2\/product"}],"about":[{"href":"https:\/\/cmykprinted.com\/da\/wp-json\/wp\/v2\/types\/product"}],"version-history":[{"count":1,"href":"https:\/\/cmykprinted.com\/da\/wp-json\/wp\/v2\/product\/2716\/revisions"}],"predecessor-version":[{"id":2722,"href":"https:\/\/cmykprinted.com\/da\/wp-json\/wp\/v2\/product\/2716\/revisions\/2722"}],"wp:featuredmedia":[{"embeddable":true,"href":"https:\/\/cmykprinted.com\/da\/wp-json\/wp\/v2\/media\/2717"}],"wp:attachment":[{"href":"https:\/\/cmykprinted.com\/da\/wp-json\/wp\/v2\/media?parent=2716"}],"wp:term":[{"taxonomy":"product_cat","embeddable":true,"href":"https:\/\/cmykprinted.com\/da\/wp-json\/wp\/v2\/product_cat?post=2716"},{"taxonomy":"product_tag","embeddable":true,"href":"https:\/\/cmykprinted.com\/da\/wp-json\/wp\/v2\/product_tag?post=2716"}],"curies":[{"name":"wp","href":"https:\/\/api.w.org\/{rel}","templated":true}]}}