{"id":2723,"date":"2025-06-27T03:53:26","date_gmt":"2025-06-27T03:53:26","guid":{"rendered":"https:\/\/cmykprinted.com\/?post_type=product&#038;p=2723"},"modified":"2025-06-27T06:33:48","modified_gmt":"2025-06-27T06:33:48","slug":"custom-made-football-flags","status":"publish","type":"product","link":"https:\/\/cmykprinted.com\/da\/vare\/specialfremstillede-fodbold-flag\/","title":{"rendered":"Store specialfremstillede fodboldflagbannere til billig pris"},"content":{"rendered":"","protected":false},"excerpt":{"rendered":"<p>Vil du vise din fodboldstolthed p\u00e5 en stor m\u00e5de? Vores store, specialfremstillede fodboldflagbannere er den perfekte l\u00f8sning til passionerede fans, klubber eller eventarrang\u00f8rer, der \u00f8nsker at g\u00f8re et st\u00e6rkt statement. Disse bannere er fremstillet af f\u00f8rsteklasses, slidst\u00e6rkt polyesterstof, der modst\u00e5r udend\u00f8rs elementer og forbliver livlige s\u00e6son efter s\u00e6son.<\/p>\n<p>Vi tilbyder fuld tilpasning \u2013 v\u00e6lg dine holdfarver, logoer, slogans og ethvert unikt design for at skabe flag, der virkelig afspejler din fodbold\u00e5nd. Uanset om du dekorerer stadioner, fanzoner, sportsbarer eller udend\u00f8rsarrangementer, sikrer vores HD-print skarp grafik og i\u00f8jnefaldende farver, der skiller sig ud fra m\u00e6ngden.<\/p>\n<p>Trods deres imponerende st\u00f8rrelse og kvalitet garanterer vi yderst konkurrencedygtige priser, der passer til alle budgetter, hvilket g\u00f8r det nemmere end nogensinde at bestille i store m\u00e6ngder til turneringer, ligaer eller reklamekampagner. Hurtig ekspeditionstid og verdensomsp\u00e6ndende levering betyder, at du f\u00e5r dine bannere til tiden, uanset hvor du er.<\/p>\n<p>N\u00f8jes ikke med det ordin\u00e6re. Vis dit holds passion h\u00f8jt og stolt med vores store, specialfremstillede fodboldsportsflagbannere \u2013 premium kvalitet uden premiumprisen!<\/p>\n<div style=\"width: 854px;\" class=\"wp-video\"><!--[if lt IE 9]><script>document.createElement('video');<\/script><![endif]--><br \/>\n<video class=\"wp-video-shortcode\" id=\"video-2723-1\" width=\"854\" height=\"480\" preload=\"metadata\" controls=\"controls\"><source type=\"video\/mp4\" src=\"https:\/\/cmykprinted.com\/wp-content\/uploads\/2025\/06\/Large-Flag-Banner-for-Football-Events.mp4?_=1\" \/><a href=\"https:\/\/cmykprinted.com\/wp-content\/uploads\/2025\/06\/Large-Flag-Banner-for-Football-Events.mp4\">https:\/\/cmykprinted.com\/wp-content\/uploads\/2025\/06\/Large-Flag-Banner-for-Football-Events.mp4<\/a><\/video><\/div>","protected":false},"featured_media":2724,"template":"","meta":{"_kad_post_transparent":"default","_kad_post_title":"hide","_kad_post_layout":"fullwidth","_kad_post_sidebar_id":"","_kad_post_content_style":"unboxed","_kad_post_vertical_padding":"hide","_kad_post_feature":"hide","_kad_post_feature_position":"","_kad_post_header":false,"_kad_post_footer":false},"product_cat":[79],"product_tag":[625,622,626,624,623],"class_list":{"0":"post-2723","1":"product","2":"type-product","3":"status-publish","4":"has-post-thumbnail","6":"product_cat-custom-flags","7":"product_tag-custom-football-flags","8":"product_tag-custom-made-football-flags","9":"product_tag-custom-made-sports-flags","10":"product_tag-large-size-flags","11":"product_tag-sports-flags-banners","13":"first","14":"instock","15":"shipping-taxable","16":"product-type-simple","17":"entry","18":"content-bg","19":"loop-entry"},"_links":{"self":[{"href":"https:\/\/cmykprinted.com\/da\/wp-json\/wp\/v2\/product\/2723","targetHints":{"allow":["GET"]}}],"collection":[{"href":"https:\/\/cmykprinted.com\/da\/wp-json\/wp\/v2\/product"}],"about":[{"href":"https:\/\/cmykprinted.com\/da\/wp-json\/wp\/v2\/types\/product"}],"version-history":[{"count":5,"href":"https:\/\/cmykprinted.com\/da\/wp-json\/wp\/v2\/product\/2723\/revisions"}],"predecessor-version":[{"id":2743,"href":"https:\/\/cmykprinted.com\/da\/wp-json\/wp\/v2\/product\/2723\/revisions\/2743"}],"wp:featuredmedia":[{"embeddable":true,"href":"https:\/\/cmykprinted.com\/da\/wp-json\/wp\/v2\/media\/2724"}],"wp:attachment":[{"href":"https:\/\/cmykprinted.com\/da\/wp-json\/wp\/v2\/media?parent=2723"}],"wp:term":[{"taxonomy":"product_cat","embeddable":true,"href":"https:\/\/cmykprinted.com\/da\/wp-json\/wp\/v2\/product_cat?post=2723"},{"taxonomy":"product_tag","embeddable":true,"href":"https:\/\/cmykprinted.com\/da\/wp-json\/wp\/v2\/product_tag?post=2723"}],"curies":[{"name":"wp","href":"https:\/\/api.w.org\/{rel}","templated":true}]}}