{"id":2738,"date":"2025-06-27T06:28:32","date_gmt":"2025-06-27T06:28:32","guid":{"rendered":"https:\/\/cmykprinted.com\/?post_type=product&#038;p=2738"},"modified":"2025-06-27T06:28:33","modified_gmt":"2025-06-27T06:28:33","slug":"business-flags","status":"publish","type":"product","link":"https:\/\/cmykprinted.com\/da\/vare\/erhvervs-flag\/","title":{"rendered":"Brugerdefinerede dr\u00e5beformede forretningsflag med 24 timers ekspeditionstid"},"content":{"rendered":"","protected":false},"excerpt":{"rendered":"<p><strong>Skil dig ud med det samme med brugerdefinerede dr\u00e5beformede forretningsflag \u2013 leveret p\u00e5 kun 24 timer!<\/strong><\/p>\n<p>Vil du have, at din virksomhed hurtigt fanger opm\u00e6rksomheden? Vores brugerdefinerede dr\u00e5beformede virksomhedsflag er den perfekte, effektive l\u00f8sning til at fremvise dit brand, dine kampagner eller dine begivenheder. Disse flag er designet til maksimal synlighed og har en elegant, moderne form, der blafrer smukt og tiltr\u00e6kker \u00f8jne fra alle retninger.<\/p>\n<p>Vi tilbyder fuldfarvetryk i h\u00f8j opl\u00f8sning p\u00e5 f\u00f8rsteklasses polyesterstof, hvilket sikrer, at dine logoer, slogans og grafik ser levende og professionelle ud. Med flere tilg\u00e6ngelige st\u00f8rrelser kan du v\u00e6lge den perfekte h\u00f8jde og bredde, der passer til din butik, messestand, udend\u00f8rsarrangement eller vejkanten.<\/p>\n<p>Bedst af alt tilbyder vi en uovertruffen 24-timers ekspeditionsservice, s\u00e5 du kan overholde stramme deadlines uden at g\u00e5 p\u00e5 kompromis med kvaliteten. Fra designgodkendelse til produktion sikrer vores str\u00f8mlinede proces, at dine flag sendes hurtigt, hvilket hj\u00e6lper dig med at gribe muligheder uden forsinkelse.<\/p>\n<p>Overkommelige priser, holdbare materialer og nem montering g\u00f8r vores brugerdefinerede dr\u00e5beformede erhvervsflag til det ultimative marketingv\u00e6rkt\u00f8j for enhver virksomhed, der er klar til at g\u00f8re et st\u00e6rkt indtryk \u2013 hurtigt!<\/p>\n<div style=\"width: 1290px;\" class=\"wp-video\"><!--[if lt IE 9]><script>document.createElement('video');<\/script><![endif]--><br \/>\n<video class=\"wp-video-shortcode\" id=\"video-2738-1\" width=\"1290\" height=\"726\" poster=\"https:\/\/cmykprinted.com\/wp-content\/uploads\/2023\/10\/Wholesale-Teardrop-Flags-1026002.jpg\" preload=\"metadata\" controls=\"controls\"><source type=\"video\/mp4\" src=\"https:\/\/cmykprinted.com\/wp-content\/uploads\/2023\/10\/Wholesale-Teardrop-Flags.mp4?_=1\" \/><a href=\"https:\/\/cmykprinted.com\/wp-content\/uploads\/2023\/10\/Wholesale-Teardrop-Flags.mp4\">https:\/\/cmykprinted.com\/wp-content\/uploads\/2023\/10\/Wholesale-Teardrop-Flags.mp4<\/a><\/video><\/div>","protected":false},"featured_media":2741,"template":"","meta":{"_kad_post_transparent":"default","_kad_post_title":"hide","_kad_post_layout":"fullwidth","_kad_post_sidebar_id":"","_kad_post_content_style":"unboxed","_kad_post_vertical_padding":"hide","_kad_post_feature":"hide","_kad_post_feature_position":"","_kad_post_header":false,"_kad_post_footer":false},"product_cat":[64,67],"product_tag":[627,629,628],"class_list":{"0":"post-2738","1":"product","2":"type-product","3":"status-publish","4":"has-post-thumbnail","6":"product_cat-beach-flags","7":"product_cat-teardrop-flags-banners","8":"product_tag-business-flags","9":"product_tag-custom-business-flags","10":"product_tag-teardrop-business-flags","12":"first","13":"instock","14":"shipping-taxable","15":"product-type-simple","16":"entry","17":"content-bg","18":"loop-entry"},"_links":{"self":[{"href":"https:\/\/cmykprinted.com\/da\/wp-json\/wp\/v2\/product\/2738","targetHints":{"allow":["GET"]}}],"collection":[{"href":"https:\/\/cmykprinted.com\/da\/wp-json\/wp\/v2\/product"}],"about":[{"href":"https:\/\/cmykprinted.com\/da\/wp-json\/wp\/v2\/types\/product"}],"version-history":[{"count":1,"href":"https:\/\/cmykprinted.com\/da\/wp-json\/wp\/v2\/product\/2738\/revisions"}],"predecessor-version":[{"id":2742,"href":"https:\/\/cmykprinted.com\/da\/wp-json\/wp\/v2\/product\/2738\/revisions\/2742"}],"wp:featuredmedia":[{"embeddable":true,"href":"https:\/\/cmykprinted.com\/da\/wp-json\/wp\/v2\/media\/2741"}],"wp:attachment":[{"href":"https:\/\/cmykprinted.com\/da\/wp-json\/wp\/v2\/media?parent=2738"}],"wp:term":[{"taxonomy":"product_cat","embeddable":true,"href":"https:\/\/cmykprinted.com\/da\/wp-json\/wp\/v2\/product_cat?post=2738"},{"taxonomy":"product_tag","embeddable":true,"href":"https:\/\/cmykprinted.com\/da\/wp-json\/wp\/v2\/product_tag?post=2738"}],"curies":[{"name":"wp","href":"https:\/\/api.w.org\/{rel}","templated":true}]}}