{"id":2745,"date":"2025-07-01T12:15:17","date_gmt":"2025-07-01T12:15:17","guid":{"rendered":"https:\/\/cmykprinted.com\/?post_type=product&#038;p=2745"},"modified":"2025-07-01T12:35:43","modified_gmt":"2025-07-01T12:35:43","slug":"display-signs-for-trade-shows","status":"publish","type":"product","link":"https:\/\/cmykprinted.com\/da\/vare\/display-skilte-til-messer\/","title":{"rendered":"Brugerdefinerede stofskilte til messer med 48 timers ekspeditionstid"},"content":{"rendered":"","protected":false},"excerpt":{"rendered":"<p>F\u00e5 dit brand til at skille sig ud p\u00e5 messer med vores specialfremstillede tekstilskilte, der er fremstillet til at levere levende visuelle effekter og en professionel effekt. Disse skilte er produceret i vores avancerede produktionsanl\u00e6g og har h\u00f8jopl\u00f8selig farvesublimeringstryk p\u00e5 f\u00f8rsteklasses stoffer som 250 gsm polyester, hvilket sikrer str\u00e5lende farver og kr\u00f8lfri ydeevne.<\/p>\n<p>Fra brugerdefinerede tekstilskilte til messer til h\u00e6ngende bannere og borddisplays tilbyder vi et bredt udvalg af brugerdefinerede st\u00f8rrelser og former, der passer til dit standdesign. Vores tekstilskilte er lette og nemme at samle, ideelle til hurtig ops\u00e6tning og transport, hvilket sparer dig tid og kr\u00e6fter under travle arrangementer.<\/p>\n<p>Nyd \u00e6gte fabriks-direkte priser uden at g\u00e5 p\u00e5 kompromis med kvaliteten. Uanset om du har brug for en enkelt udstilling eller bulkproduktion, garanterer vi konkurrencedygtige priser, hurtige ekspeditionstider og verdensomsp\u00e6ndende levering. Markedsf\u00f8r dit brand med brugerdefinerede tekstilskilte, der tiltr\u00e6kker opm\u00e6rksomhed og giver et varigt indtryk p\u00e5 hver eneste messe!<\/p>\n<div style=\"width: 720px;\" class=\"wp-video\"><!--[if lt IE 9]><script>document.createElement('video');<\/script><![endif]--><br \/>\n<video class=\"wp-video-shortcode\" id=\"video-2745-1\" width=\"720\" height=\"1280\" preload=\"metadata\" controls=\"controls\"><source type=\"video\/mp4\" src=\"https:\/\/cmykprinted.com\/wp-content\/uploads\/2025\/07\/Instruction-Installation-Custom-Pillowcase-Backdrop.mp4?_=1\" \/><a href=\"https:\/\/cmykprinted.com\/wp-content\/uploads\/2025\/07\/Instruction-Installation-Custom-Pillowcase-Backdrop.mp4\">https:\/\/cmykprinted.com\/wp-content\/uploads\/2025\/07\/Instruction-Installation-Custom-Pillowcase-Backdrop.mp4<\/a><\/video><\/div>\n<p>&nbsp;<\/p>","protected":false},"featured_media":2751,"template":"","meta":{"_kad_post_transparent":"default","_kad_post_title":"hide","_kad_post_layout":"fullwidth","_kad_post_sidebar_id":"","_kad_post_content_style":"unboxed","_kad_post_vertical_padding":"hide","_kad_post_feature":"hide","_kad_post_feature_position":"","_kad_post_header":false,"_kad_post_footer":false},"product_cat":[97,99],"product_tag":[632,630,631],"class_list":{"0":"post-2745","1":"product","2":"type-product","3":"status-publish","4":"has-post-thumbnail","6":"product_cat-tension-fabric-displays","7":"product_cat-custom-fabric-displays","8":"product_tag-custom-fabric-display-signs","9":"product_tag-display-signs-for-trade-shows","10":"product_tag-fabric-display-signs","12":"first","13":"instock","14":"shipping-taxable","15":"product-type-simple","16":"entry","17":"content-bg","18":"loop-entry"},"_links":{"self":[{"href":"https:\/\/cmykprinted.com\/da\/wp-json\/wp\/v2\/product\/2745","targetHints":{"allow":["GET"]}}],"collection":[{"href":"https:\/\/cmykprinted.com\/da\/wp-json\/wp\/v2\/product"}],"about":[{"href":"https:\/\/cmykprinted.com\/da\/wp-json\/wp\/v2\/types\/product"}],"version-history":[{"count":1,"href":"https:\/\/cmykprinted.com\/da\/wp-json\/wp\/v2\/product\/2745\/revisions"}],"predecessor-version":[{"id":2756,"href":"https:\/\/cmykprinted.com\/da\/wp-json\/wp\/v2\/product\/2745\/revisions\/2756"}],"wp:featuredmedia":[{"embeddable":true,"href":"https:\/\/cmykprinted.com\/da\/wp-json\/wp\/v2\/media\/2751"}],"wp:attachment":[{"href":"https:\/\/cmykprinted.com\/da\/wp-json\/wp\/v2\/media?parent=2745"}],"wp:term":[{"taxonomy":"product_cat","embeddable":true,"href":"https:\/\/cmykprinted.com\/da\/wp-json\/wp\/v2\/product_cat?post=2745"},{"taxonomy":"product_tag","embeddable":true,"href":"https:\/\/cmykprinted.com\/da\/wp-json\/wp\/v2\/product_tag?post=2745"}],"curies":[{"name":"wp","href":"https:\/\/api.w.org\/{rel}","templated":true}]}}