{"id":2758,"date":"2025-07-02T03:30:52","date_gmt":"2025-07-02T03:30:52","guid":{"rendered":"https:\/\/cmykprinted.com\/?post_type=product&#038;p=2758"},"modified":"2025-07-02T03:30:52","modified_gmt":"2025-07-02T03:30:52","slug":"waterproof-transfer-stickers","status":"publish","type":"product","link":"https:\/\/cmykprinted.com\/da\/vare\/vandtaette-transfer-klistermaerker\/","title":{"rendered":"Logo kl\u00e6bende vandt\u00e6tte overf\u00f8ringsklisterm\u00e6rker til kosmetik parfume glasflaske"},"content":{"rendered":"","protected":false},"excerpt":{"rendered":"<p>Giv din kosmetik- og parfumeemballage et l\u00f8ft med brugerdefinerede logo-klisterm\u00e6rker med vandt\u00e6t kl\u00e6bning, der er designet til at kl\u00e6be perfekt til glasflasker og glatte overflader. Disse klisterm\u00e6rker er fremstillet af materialer af h\u00f8j kvalitet og har en st\u00e6rk kl\u00e6bende bagside, der sikrer et sikkert greb, selv i fugtige eller fugtige omgivelser. De vandt\u00e6tte og olieafvisende egenskaber bevarer dit logos glans uden at skalle af eller falme med tiden. De er perfekte til branding af kosmetik, parfumer, \u00e6teriske olier eller luksuri\u00f8se glasbeholdere, og de giver et professionelt og elegant udseende. Vores avancerede trykteknologi garanterer levende farver, skarpe detaljer og en glat finish, der passer perfekt til flaskens overflade, hvilket giver et eksklusivt udseende uden etiketter. Disse transferklisterm\u00e6rker er nemme at p\u00e5f\u00f8re og meget holdbare, og de giver et varigt brandindtryk, der forbedrer dine produkters visuelle appel og f\u00e5r dem til at skille sig ud p\u00e5 hylderne. Tilpas former, st\u00f8rrelser og finish for at afspejle din unikke brandidentitet.<\/p>\n<div style=\"width: 1280px;\" class=\"wp-video\"><!--[if lt IE 9]><script>document.createElement('video');<\/script><![endif]--><br \/>\n<video class=\"wp-video-shortcode\" id=\"video-2758-1\" width=\"1280\" height=\"720\" preload=\"metadata\" controls=\"controls\"><source type=\"video\/mp4\" src=\"https:\/\/cmykprinted.com\/wp-content\/uploads\/2025\/07\/Waterproof-Transfer-Stickers.mp4?_=1\" \/><a href=\"https:\/\/cmykprinted.com\/wp-content\/uploads\/2025\/07\/Waterproof-Transfer-Stickers.mp4\">https:\/\/cmykprinted.com\/wp-content\/uploads\/2025\/07\/Waterproof-Transfer-Stickers.mp4<\/a><\/video><\/div>","protected":false},"featured_media":2762,"template":"","meta":{"_kad_post_transparent":"default","_kad_post_title":"hide","_kad_post_layout":"fullwidth","_kad_post_sidebar_id":"","_kad_post_content_style":"unboxed","_kad_post_vertical_padding":"hide","_kad_post_feature":"hide","_kad_post_feature_position":"","_kad_post_header":false,"_kad_post_footer":false},"product_cat":[101,102],"product_tag":[636,635,634,633],"class_list":{"0":"post-2758","1":"product","2":"type-product","3":"status-publish","4":"has-post-thumbnail","6":"product_cat-transfer-stickers","7":"product_cat-metal-transfer-stickers","8":"product_tag-transfer-stickers-for-cosmetics-bottle","9":"product_tag-transfer-stickers-for-glass-bottle","10":"product_tag-transfer-stickers-for-perfume-bottle","11":"product_tag-waterproof-transfer-stickers","13":"first","14":"instock","15":"shipping-taxable","16":"product-type-simple","17":"entry","18":"content-bg","19":"loop-entry"},"_links":{"self":[{"href":"https:\/\/cmykprinted.com\/da\/wp-json\/wp\/v2\/product\/2758","targetHints":{"allow":["GET"]}}],"collection":[{"href":"https:\/\/cmykprinted.com\/da\/wp-json\/wp\/v2\/product"}],"about":[{"href":"https:\/\/cmykprinted.com\/da\/wp-json\/wp\/v2\/types\/product"}],"version-history":[{"count":1,"href":"https:\/\/cmykprinted.com\/da\/wp-json\/wp\/v2\/product\/2758\/revisions"}],"predecessor-version":[{"id":2766,"href":"https:\/\/cmykprinted.com\/da\/wp-json\/wp\/v2\/product\/2758\/revisions\/2766"}],"wp:featuredmedia":[{"embeddable":true,"href":"https:\/\/cmykprinted.com\/da\/wp-json\/wp\/v2\/media\/2762"}],"wp:attachment":[{"href":"https:\/\/cmykprinted.com\/da\/wp-json\/wp\/v2\/media?parent=2758"}],"wp:term":[{"taxonomy":"product_cat","embeddable":true,"href":"https:\/\/cmykprinted.com\/da\/wp-json\/wp\/v2\/product_cat?post=2758"},{"taxonomy":"product_tag","embeddable":true,"href":"https:\/\/cmykprinted.com\/da\/wp-json\/wp\/v2\/product_tag?post=2758"}],"curies":[{"name":"wp","href":"https:\/\/api.w.org\/{rel}","templated":true}]}}