{"id":2776,"date":"2025-07-03T08:36:07","date_gmt":"2025-07-03T08:36:07","guid":{"rendered":"https:\/\/cmykprinted.com\/?post_type=product&#038;p=2776"},"modified":"2025-07-03T08:41:55","modified_gmt":"2025-07-03T08:41:55","slug":"street-pole-banners","status":"publish","type":"product","link":"https:\/\/cmykprinted.com\/da\/vare\/bannere-til-gadelamper\/","title":{"rendered":"Gadebannere af h\u00f8j kvalitet til billig fabrikspris"},"content":{"rendered":"","protected":false},"excerpt":{"rendered":"<p>G\u00f8r dine gader levende, og giv dit budskab et indtryk med vores gadebannere af h\u00f8j kvalitet til en uovertruffen fabrikspris! Disse bannere er fremstillet af slidst\u00e6rke, vejrbestandige materialer som kraftig vinyl eller polyesterstof og er designet til at modst\u00e5 sol, vind, regn og sne, hvilket sikrer langvarig ydeevne udend\u00f8rs.<\/p>\n<p>Trykt i levende farver i h\u00f8j opl\u00f8sning fanger de opm\u00e6rksomheden og v\u00e6kker dine designs, logoer eller reklamebudskaber til live. Hvert banner er specialfremstillet til din \u00f8nskede st\u00f8rrelse og form med forst\u00e6rkede kanter og stanglommer til sikker montering p\u00e5 lygtep\u00e6le, gademaster eller lysmaster. Vores gadebannere til gademaster er perfekte til byforsk\u00f8nnelse, s\u00e6sonbestemte dekorationer, forretningsfremst\u00f8d eller eventannoncering og kombinerer premium kvalitet med overkommelige priser direkte fra fabrikken. Forbedr dit lokalsamfunds udseende, eller \u00f8g dit brands synlighed uden at spr\u00e6nge dit budget.<\/p>\n<p>Stol p\u00e5 os for gadebannere af h\u00f8j kvalitet, der giver maksimal effekt til en lav pris!<\/p>\n<p>&nbsp;<\/p>\n<p>&nbsp;<\/p>","protected":false},"featured_media":2782,"template":"","meta":{"_kad_post_transparent":"default","_kad_post_title":"hide","_kad_post_layout":"fullwidth","_kad_post_sidebar_id":"","_kad_post_content_style":"unboxed","_kad_post_vertical_padding":"hide","_kad_post_feature":"hide","_kad_post_feature_position":"","_kad_post_header":false,"_kad_post_footer":false},"product_cat":[85,90,91,89],"product_tag":[640,639],"class_list":{"0":"post-2776","1":"product","2":"type-product","3":"status-publish","4":"has-post-thumbnail","6":"product_cat-outdoor-vinyl-banners","7":"product_cat-glossy-pvc-banners","8":"product_cat-matte-vinyl-banners","9":"product_cat-pvc-banners","10":"product_tag-pole-banners","11":"product_tag-street-pole-banners","13":"first","14":"instock","15":"shipping-taxable","16":"product-type-simple","17":"entry","18":"content-bg","19":"loop-entry"},"_links":{"self":[{"href":"https:\/\/cmykprinted.com\/da\/wp-json\/wp\/v2\/product\/2776","targetHints":{"allow":["GET"]}}],"collection":[{"href":"https:\/\/cmykprinted.com\/da\/wp-json\/wp\/v2\/product"}],"about":[{"href":"https:\/\/cmykprinted.com\/da\/wp-json\/wp\/v2\/types\/product"}],"version-history":[{"count":1,"href":"https:\/\/cmykprinted.com\/da\/wp-json\/wp\/v2\/product\/2776\/revisions"}],"predecessor-version":[{"id":2783,"href":"https:\/\/cmykprinted.com\/da\/wp-json\/wp\/v2\/product\/2776\/revisions\/2783"}],"wp:featuredmedia":[{"embeddable":true,"href":"https:\/\/cmykprinted.com\/da\/wp-json\/wp\/v2\/media\/2782"}],"wp:attachment":[{"href":"https:\/\/cmykprinted.com\/da\/wp-json\/wp\/v2\/media?parent=2776"}],"wp:term":[{"taxonomy":"product_cat","embeddable":true,"href":"https:\/\/cmykprinted.com\/da\/wp-json\/wp\/v2\/product_cat?post=2776"},{"taxonomy":"product_tag","embeddable":true,"href":"https:\/\/cmykprinted.com\/da\/wp-json\/wp\/v2\/product_tag?post=2776"}],"curies":[{"name":"wp","href":"https:\/\/api.w.org\/{rel}","templated":true}]}}