{"id":2784,"date":"2025-07-07T02:32:54","date_gmt":"2025-07-07T02:32:54","guid":{"rendered":"https:\/\/cmykprinted.com\/?post_type=product&#038;p=2784"},"modified":"2025-07-07T02:35:29","modified_gmt":"2025-07-07T02:35:29","slug":"street-light-pole-banner","status":"publish","type":"product","link":"https:\/\/cmykprinted.com\/da\/vare\/gade-lygtepaele-banner\/","title":{"rendered":"Billig pris gadelygtestangbanner med beslag"},"content":{"rendered":"","protected":false},"excerpt":{"rendered":"<p>Leder du efter en budgetvenlig, men alligevel effektfuld m\u00e5de at fremvise dit brand, promovere events eller dekorere byens gader? Vores billige gadelygte-bannere med beslag er den perfekte l\u00f8sning.<\/p>\n<p>Disse bannere er fremstillet af slidst\u00e6rke, vejrbestandige materialer som kraftig vinyl eller polyesterstof og sikrer livlige og holdbare print, der modst\u00e5r sol, regn og vind. Hvert s\u00e6t leveres komplet med robuste beslag til sikker og nem montering p\u00e5 forskellige stangst\u00f8rrelser, hvilket g\u00f8r dem ideelle til gader, parkeringspladser, campusser, shoppingomr\u00e5der og meget mere.<\/p>\n<p>N\u00f8glefunktioner:<br \/>\n1. Omkostningseffektiv markedsf\u00f8ring \u2013 H\u00f8j synlighed til en overkommelig pris.<\/p>\n<p>2. Brugerdefineret tryk \u2013 Fuldfarvegrafik, der fremh\u00e6ver dit unikke budskab eller brand.<\/p>\n<p>3. Holdbare materialer \u2013 Designet til at modst\u00e5 udend\u00f8rs forhold til l\u00e6ngere tids brug.<\/p>\n<p>4. Nem installation \u2013 Inkluderer p\u00e5lidelige beslag til hurtig montering.<\/p>\n<p>5. Alsidige anvendelser \u2013 Perfekt til s\u00e6sonbestemte kampagner, festivaler, borgerstolthed og forretningsreklame.<\/p>\n<p>Lad ikke budgetbegr\u00e6nsninger begr\u00e6nse din synlighed. Med vores billige gadelygtebannere med beslag kan du tiltr\u00e6kke opm\u00e6rksomhed og styrke dit budskab uden at bruge for mange penge. Kontakt os i dag for brugerdefinerede st\u00f8rrelser, designs og et gratis tilbud!<\/p>\n<figure id=\"attachment_2785\" aria-describedby=\"caption-attachment-2785\" style=\"width: 1000px\" class=\"wp-caption alignnone\"><img fetchpriority=\"high\" decoding=\"async\" class=\"size-full wp-image-2785\" src=\"https:\/\/cmykprinted.com\/wp-content\/uploads\/2025\/07\/Street-Light-Pole-Banner.jpg\" alt=\"Gadelygtestangbanner\" width=\"1000\" height=\"560\" srcset=\"https:\/\/cmykprinted.com\/wp-content\/uploads\/2025\/07\/Street-Light-Pole-Banner.jpg 1000w, https:\/\/cmykprinted.com\/wp-content\/uploads\/2025\/07\/Street-Light-Pole-Banner-300x168.jpg 300w, https:\/\/cmykprinted.com\/wp-content\/uploads\/2025\/07\/Street-Light-Pole-Banner-768x430.jpg 768w, https:\/\/cmykprinted.com\/wp-content\/uploads\/2025\/07\/Street-Light-Pole-Banner-18x10.jpg 18w, https:\/\/cmykprinted.com\/wp-content\/uploads\/2025\/07\/Street-Light-Pole-Banner-600x336.jpg 600w\" sizes=\"(max-width: 1000px) 100vw, 1000px\" \/><figcaption id=\"caption-attachment-2785\" class=\"wp-caption-text\">Gadelygtestangbanner<\/figcaption><\/figure>\n<p>&nbsp;<\/p>","protected":false},"featured_media":2786,"template":"","meta":{"_kad_post_transparent":"default","_kad_post_title":"hide","_kad_post_layout":"fullwidth","_kad_post_sidebar_id":"","_kad_post_content_style":"unboxed","_kad_post_vertical_padding":"hide","_kad_post_feature":"hide","_kad_post_feature_position":"","_kad_post_header":false,"_kad_post_footer":false},"product_cat":[85,90,91,89],"product_tag":[642,641],"class_list":{"0":"post-2784","1":"product","2":"type-product","3":"status-publish","4":"has-post-thumbnail","6":"product_cat-outdoor-vinyl-banners","7":"product_cat-glossy-pvc-banners","8":"product_cat-matte-vinyl-banners","9":"product_cat-pvc-banners","10":"product_tag-light-pole-banner-with-brackets","11":"product_tag-street-light-pole-banner","13":"first","14":"instock","15":"shipping-taxable","16":"product-type-simple","17":"entry","18":"content-bg","19":"loop-entry"},"_links":{"self":[{"href":"https:\/\/cmykprinted.com\/da\/wp-json\/wp\/v2\/product\/2784","targetHints":{"allow":["GET"]}}],"collection":[{"href":"https:\/\/cmykprinted.com\/da\/wp-json\/wp\/v2\/product"}],"about":[{"href":"https:\/\/cmykprinted.com\/da\/wp-json\/wp\/v2\/types\/product"}],"version-history":[{"count":1,"href":"https:\/\/cmykprinted.com\/da\/wp-json\/wp\/v2\/product\/2784\/revisions"}],"predecessor-version":[{"id":2789,"href":"https:\/\/cmykprinted.com\/da\/wp-json\/wp\/v2\/product\/2784\/revisions\/2789"}],"wp:featuredmedia":[{"embeddable":true,"href":"https:\/\/cmykprinted.com\/da\/wp-json\/wp\/v2\/media\/2786"}],"wp:attachment":[{"href":"https:\/\/cmykprinted.com\/da\/wp-json\/wp\/v2\/media?parent=2784"}],"wp:term":[{"taxonomy":"product_cat","embeddable":true,"href":"https:\/\/cmykprinted.com\/da\/wp-json\/wp\/v2\/product_cat?post=2784"},{"taxonomy":"product_tag","embeddable":true,"href":"https:\/\/cmykprinted.com\/da\/wp-json\/wp\/v2\/product_tag?post=2784"}],"curies":[{"name":"wp","href":"https:\/\/api.w.org\/{rel}","templated":true}]}}