{"id":2790,"date":"2025-07-07T09:16:58","date_gmt":"2025-07-07T09:16:58","guid":{"rendered":"https:\/\/cmykprinted.com\/?post_type=product&#038;p=2790"},"modified":"2025-07-08T00:21:16","modified_gmt":"2025-07-08T00:21:16","slug":"double-sided-vinyl-banners","status":"publish","type":"product","link":"https:\/\/cmykprinted.com\/da\/vare\/dobbeltsidede-vinyl-bannere\/","title":{"rendered":"18 oz dobbeltsidede vinylbannere med $11"},"content":{"rendered":"","protected":false},"excerpt":{"rendered":"<p>I den dynamiske verden af \u200b\u200bmarketing og promovering er det altafg\u00f8rende at lave et st\u00e6rkt statement og fange opm\u00e6rksomheden. S\u00e5 tag et kig p\u00e5 vores 18 oz dobbeltsidede vinylbannere \u2013 den ultimative l\u00f8sning til virksomheder, events og enkeltpersoner, der \u00f8nsker at s\u00e6tte et uudsletteligt pr\u00e6g.<\/p>\n<p>Disse bannere er fremstillet med pr\u00e6cision og konstrueret til at v\u00e6re fremragende, og de er ikke bare vinylstykker; de er kraftfulde v\u00e6rkt\u00f8jer designet til at l\u00f8fte dit budskab til nye h\u00f8jder.<\/p>\n<p>Kernen i vores 18 oz dobbeltsidede vinylbannere er en exceptionel holdbarhed. Disse bannere er fremstillet af h\u00f8jkvalitets, kraftigt vinylmateriale og er bygget til at modst\u00e5 de h\u00e5rdeste elementer. Uanset om det er br\u00e6ndende sol, skybrud, st\u00e6rk vind eller frostgrader, forbliver vores bannere intakte og livlige. V\u00e6gten p\u00e5 18 oz giver en robust og robust struktur, der sikrer, at dit banner ikke let g\u00e5r i stykker, flosser eller falmer.<\/p>\n<p>Denne holdbarhed g\u00f8r dem ideelle til b\u00e5de kortvarig og langvarig udend\u00f8rs brug. Hvis du for eksempel promoverer et s\u00e6sonudsalg uden for din butik, vil banneret bevare sin integritet gennem hele kampagnen. Eller hvis du bruger det til at markere placeringen af \u200b\u200bet stort arrangement over flere dage, kan du stole p\u00e5, at det fortsat vil se godt ud og formidle dit budskab klart.<\/p>\n<p>Den dobbeltsidede konstruktion af disse bannere fordobler effekten. Uanset hvilken retning dit publikum n\u00e6rmer sig fra, vil de blive m\u00f8dt med et klart og overbevisende budskab. Dette er is\u00e6r fordelagtigt i omr\u00e5der med h\u00f8j trafik, s\u00e5som travle gader, kryds eller store \u00e5bne omr\u00e5der p\u00e5 festivaler og markeder.<\/p>\n<p>Det maksimerer synligheden af \u200b\u200bdit brand, produkt eller event og sikrer, at din marketinginvestering r\u00e6kker l\u00e6ngere.<\/p>\n<figure id=\"attachment_2785\" aria-describedby=\"caption-attachment-2785\" style=\"width: 1000px\" class=\"wp-caption alignnone\"><img fetchpriority=\"high\" decoding=\"async\" class=\"size-full wp-image-2785\" src=\"https:\/\/cmykprinted.com\/wp-content\/uploads\/2025\/07\/Street-Light-Pole-Banner.jpg\" alt=\" Dobbeltsidede vinylbannere\" width=\"1000\" height=\"560\" srcset=\"https:\/\/cmykprinted.com\/wp-content\/uploads\/2025\/07\/Street-Light-Pole-Banner.jpg 1000w, https:\/\/cmykprinted.com\/wp-content\/uploads\/2025\/07\/Street-Light-Pole-Banner-300x168.jpg 300w, https:\/\/cmykprinted.com\/wp-content\/uploads\/2025\/07\/Street-Light-Pole-Banner-768x430.jpg 768w, https:\/\/cmykprinted.com\/wp-content\/uploads\/2025\/07\/Street-Light-Pole-Banner-18x10.jpg 18w, https:\/\/cmykprinted.com\/wp-content\/uploads\/2025\/07\/Street-Light-Pole-Banner-600x336.jpg 600w\" sizes=\"(max-width: 1000px) 100vw, 1000px\" \/><figcaption id=\"caption-attachment-2785\" class=\"wp-caption-text\">Dobbeltsidede vinylbannere<\/figcaption><\/figure>","protected":false},"featured_media":2792,"template":"","meta":{"_kad_post_transparent":"default","_kad_post_title":"hide","_kad_post_layout":"fullwidth","_kad_post_sidebar_id":"","_kad_post_content_style":"unboxed","_kad_post_vertical_padding":"hide","_kad_post_feature":"hide","_kad_post_feature_position":"","_kad_post_header":false,"_kad_post_footer":false},"product_cat":[85,90,91,89],"product_tag":[644,645,643],"class_list":{"0":"post-2790","1":"product","2":"type-product","3":"status-publish","4":"has-post-thumbnail","6":"product_cat-outdoor-vinyl-banners","7":"product_cat-glossy-pvc-banners","8":"product_cat-matte-vinyl-banners","9":"product_cat-pvc-banners","10":"product_tag-18-oz-vinyl-banners","11":"product_tag-double-sided-banners","12":"product_tag-double-sided-vinyl-banners","14":"first","15":"instock","16":"shipping-taxable","17":"product-type-simple","18":"entry","19":"content-bg","20":"loop-entry"},"_links":{"self":[{"href":"https:\/\/cmykprinted.com\/da\/wp-json\/wp\/v2\/product\/2790","targetHints":{"allow":["GET"]}}],"collection":[{"href":"https:\/\/cmykprinted.com\/da\/wp-json\/wp\/v2\/product"}],"about":[{"href":"https:\/\/cmykprinted.com\/da\/wp-json\/wp\/v2\/types\/product"}],"version-history":[{"count":1,"href":"https:\/\/cmykprinted.com\/da\/wp-json\/wp\/v2\/product\/2790\/revisions"}],"predecessor-version":[{"id":2796,"href":"https:\/\/cmykprinted.com\/da\/wp-json\/wp\/v2\/product\/2790\/revisions\/2796"}],"wp:featuredmedia":[{"embeddable":true,"href":"https:\/\/cmykprinted.com\/da\/wp-json\/wp\/v2\/media\/2792"}],"wp:attachment":[{"href":"https:\/\/cmykprinted.com\/da\/wp-json\/wp\/v2\/media?parent=2790"}],"wp:term":[{"taxonomy":"product_cat","embeddable":true,"href":"https:\/\/cmykprinted.com\/da\/wp-json\/wp\/v2\/product_cat?post=2790"},{"taxonomy":"product_tag","embeddable":true,"href":"https:\/\/cmykprinted.com\/da\/wp-json\/wp\/v2\/product_tag?post=2790"}],"curies":[{"name":"wp","href":"https:\/\/api.w.org\/{rel}","templated":true}]}}