{"id":2810,"date":"2025-07-10T09:30:52","date_gmt":"2025-07-10T09:30:52","guid":{"rendered":"https:\/\/cmykprinted.com\/?post_type=product&#038;p=2810"},"modified":"2025-07-10T09:30:52","modified_gmt":"2025-07-10T09:30:52","slug":"breakaway-banner-for-football","status":"publish","type":"product","link":"https:\/\/cmykprinted.com\/da\/vare\/gennembruds-banner-til-fodbold\/","title":{"rendered":"Breakaway Banner til fodbold med konkurrencedygtig pris"},"content":{"rendered":"","protected":false},"excerpt":{"rendered":"<p>Leder du efter uovertruffen sp\u00e6nding og hold\u00e5nd til dine fodboldkampe uden at overbelaste dit budget? Vores Breakaway Banner til fodbold tilbyder den perfekte l\u00f8sning til en konkurrencedygtig pris. Designet til dramatiske spillerindgange skaber disse bannere et sp\u00e6ndende skue, der giver b\u00e5de atleter og fans energi.<\/p>\n<p>Skab fantastiske \u00f8jeblikke p\u00e5 kampdagen<\/p>\n<p>Vores fodboldbannere er lavet af slidst\u00e6rkt stof af h\u00f8j kvalitet, der kan modst\u00e5 gentagen brug, kamp efter kamp. Banneret best\u00e5r af to paneler, der fastg\u00f8res med velcro, s\u00e5 spillerne kan brase ud af midten for en eksplosiv entr\u00e9 p\u00e5 banen. Det er en uforglemmelig m\u00e5de at vise holdstolthed og hype publikum op.<\/p>\n<p>Nem at s\u00e6tte op og genbruge<\/p>\n<p>Hvert breakaway-banner til fodbold har lommer p\u00e5 begge sider til at holde st\u00f8ttest\u00e6nger. St\u00e6ngerne kan forankres i jorden for stabilitet, mens reb, der holdes af cheerleaders eller personale, holder toppen sikkert. Ops\u00e6tningen er hurtig og ligetil, s\u00e5 du er klar til kickoff p\u00e5 f\u00e5 minutter. Efter kampen skal du blot s\u00e6tte panelerne p\u00e5 igen og rulle banneret sammen for kompakt opbevaring.<\/p>\n<p>Livlig brugerdefineret trykning<\/p>\n<p>Vi tilbyder fuldfarvetryk i h\u00f8j opl\u00f8sning, s\u00e5 du kan personligg\u00f8re dit banner med holdlogoer, skolenavne, maskotter, slogans eller sponsorgrafik. De livlige tryk forbliver klare og i\u00f8jnefaldende selv efter flere anvendelser, hvilket hj\u00e6lper dit hold med at skille sig ud p\u00e5 banen.<\/p>\n<div style=\"width: 960px;\" class=\"wp-video\"><!--[if lt IE 9]><script>document.createElement('video');<\/script><![endif]--><br \/>\n<video class=\"wp-video-shortcode\" id=\"video-2810-1\" width=\"960\" height=\"540\" preload=\"metadata\" controls=\"controls\"><source type=\"video\/mp4\" src=\"https:\/\/cmykprinted.com\/wp-content\/uploads\/2025\/07\/Breakaway-Banners.mp4?_=1\" \/><a href=\"https:\/\/cmykprinted.com\/wp-content\/uploads\/2025\/07\/Breakaway-Banners.mp4\">https:\/\/cmykprinted.com\/wp-content\/uploads\/2025\/07\/Breakaway-Banners.mp4<\/a><\/video><\/div>","protected":false},"featured_media":2816,"template":"","meta":{"_kad_post_transparent":"default","_kad_post_title":"hide","_kad_post_layout":"fullwidth","_kad_post_sidebar_id":"","_kad_post_content_style":"unboxed","_kad_post_vertical_padding":"hide","_kad_post_feature":"hide","_kad_post_feature_position":"","_kad_post_header":false,"_kad_post_footer":false},"product_cat":[79],"product_tag":[650,649],"class_list":{"0":"post-2810","1":"product","2":"type-product","3":"status-publish","4":"has-post-thumbnail","6":"product_cat-custom-flags","7":"product_tag-breakaway-banner","8":"product_tag-breakaway-banner-for-football","10":"first","11":"instock","12":"shipping-taxable","13":"product-type-simple","14":"entry","15":"content-bg","16":"loop-entry"},"_links":{"self":[{"href":"https:\/\/cmykprinted.com\/da\/wp-json\/wp\/v2\/product\/2810","targetHints":{"allow":["GET"]}}],"collection":[{"href":"https:\/\/cmykprinted.com\/da\/wp-json\/wp\/v2\/product"}],"about":[{"href":"https:\/\/cmykprinted.com\/da\/wp-json\/wp\/v2\/types\/product"}],"version-history":[{"count":1,"href":"https:\/\/cmykprinted.com\/da\/wp-json\/wp\/v2\/product\/2810\/revisions"}],"predecessor-version":[{"id":2820,"href":"https:\/\/cmykprinted.com\/da\/wp-json\/wp\/v2\/product\/2810\/revisions\/2820"}],"wp:featuredmedia":[{"embeddable":true,"href":"https:\/\/cmykprinted.com\/da\/wp-json\/wp\/v2\/media\/2816"}],"wp:attachment":[{"href":"https:\/\/cmykprinted.com\/da\/wp-json\/wp\/v2\/media?parent=2810"}],"wp:term":[{"taxonomy":"product_cat","embeddable":true,"href":"https:\/\/cmykprinted.com\/da\/wp-json\/wp\/v2\/product_cat?post=2810"},{"taxonomy":"product_tag","embeddable":true,"href":"https:\/\/cmykprinted.com\/da\/wp-json\/wp\/v2\/product_tag?post=2810"}],"curies":[{"name":"wp","href":"https:\/\/api.w.org\/{rel}","templated":true}]}}