{"id":2856,"date":"2025-10-17T08:07:33","date_gmt":"2025-10-17T08:07:33","guid":{"rendered":"https:\/\/cmykprinted.com\/?post_type=product&#038;p=2856"},"modified":"2025-10-17T08:07:33","modified_gmt":"2025-10-17T08:07:33","slug":"ez-tube-display","status":"publish","type":"product","link":"https:\/\/cmykprinted.com\/da\/vare\/ez-ror-display\/","title":{"rendered":"Billig brugerdefineret EZ Tube Display Banner Straight Tension Fabric Background"},"content":{"rendered":"","protected":false},"excerpt":{"rendered":"<p>N\u00e5r det kommer til at fremvise dit brand p\u00e5 en professionel, i\u00f8jnefaldende og effektiv m\u00e5de, er der intet, der kan sammenlignes med EZ Tube Display. Dette b\u00e6rbare displaysystem er designet med et elegant design og nem montering i tankerne og er en favorit blandt udstillere, eventplanl\u00e6ggere og marketingfolk, der v\u00e6rds\u00e6tter b\u00e5de bekvemmelighed og effekt. Uanset om det er til messer, produktlanceringer, udstillinger eller firmaarrangementer, giver EZ Tube Display dit brand et poleret, eksklusivt udseende, der \u00f8jeblikkeligt tiltr\u00e6kker opm\u00e6rksomhed.<\/p>\n<p>I dagens konkurrencepr\u00e6gede marketinglandskab skiller EZ Tube Display sig ud som en alsidig, holdbar og visuelt imponerende l\u00f8sning for virksomheder, der \u00f8nsker at g\u00f8re et varigt indtryk. Med sin v\u00e6rkt\u00f8jsfri ops\u00e6tning, livlige printkvalitet og genanvendelige struktur tilbyder den uovertruffen v\u00e6rdi og bekvemmelighed til professionel eventmarkedsf\u00f8ring. L\u00f8ft din n\u00e6ste messe eller salgsfremmende begivenhed med en EZ Tube Display \u2013 hvor enkelhed m\u00f8der sofistikering, og dit brand er i centrum.<\/p>\n<div style=\"width: 720px;\" class=\"wp-video\"><!--[if lt IE 9]><script>document.createElement('video');<\/script><![endif]--><br \/>\n<video class=\"wp-video-shortcode\" id=\"video-2856-1\" width=\"720\" height=\"1280\" preload=\"metadata\" controls=\"controls\"><source type=\"video\/mp4\" src=\"https:\/\/cmykprinted.com\/wp-content\/uploads\/2025\/07\/Branded-Backdrops.mp4?_=1\" \/><a href=\"https:\/\/cmykprinted.com\/wp-content\/uploads\/2025\/07\/Branded-Backdrops.mp4\">https:\/\/cmykprinted.com\/wp-content\/uploads\/2025\/07\/Branded-Backdrops.mp4<\/a><\/video><\/div>","protected":false},"featured_media":2857,"template":"","meta":{"_kad_post_transparent":"default","_kad_post_title":"hide","_kad_post_layout":"fullwidth","_kad_post_sidebar_id":"","_kad_post_content_style":"unboxed","_kad_post_vertical_padding":"hide","_kad_post_feature":"hide","_kad_post_feature_position":"","_kad_post_header":false,"_kad_post_footer":false},"product_cat":[97,100],"product_tag":[664,662,663,197],"class_list":{"0":"post-2856","1":"product","2":"type-product","3":"status-publish","4":"has-post-thumbnail","6":"product_cat-tension-fabric-displays","7":"product_cat-straight-tension-fabric-backdrop","8":"product_tag-custom-straight-tension-fabric-backdrop","9":"product_tag-ez-tube-display","10":"product_tag-ez-tube-display-banner","11":"product_tag-tension-fabric-backdrop","13":"first","14":"instock","15":"shipping-taxable","16":"product-type-simple","17":"entry","18":"content-bg","19":"loop-entry"},"_links":{"self":[{"href":"https:\/\/cmykprinted.com\/da\/wp-json\/wp\/v2\/product\/2856","targetHints":{"allow":["GET"]}}],"collection":[{"href":"https:\/\/cmykprinted.com\/da\/wp-json\/wp\/v2\/product"}],"about":[{"href":"https:\/\/cmykprinted.com\/da\/wp-json\/wp\/v2\/types\/product"}],"version-history":[{"count":1,"href":"https:\/\/cmykprinted.com\/da\/wp-json\/wp\/v2\/product\/2856\/revisions"}],"predecessor-version":[{"id":2863,"href":"https:\/\/cmykprinted.com\/da\/wp-json\/wp\/v2\/product\/2856\/revisions\/2863"}],"wp:featuredmedia":[{"embeddable":true,"href":"https:\/\/cmykprinted.com\/da\/wp-json\/wp\/v2\/media\/2857"}],"wp:attachment":[{"href":"https:\/\/cmykprinted.com\/da\/wp-json\/wp\/v2\/media?parent=2856"}],"wp:term":[{"taxonomy":"product_cat","embeddable":true,"href":"https:\/\/cmykprinted.com\/da\/wp-json\/wp\/v2\/product_cat?post=2856"},{"taxonomy":"product_tag","embeddable":true,"href":"https:\/\/cmykprinted.com\/da\/wp-json\/wp\/v2\/product_tag?post=2856"}],"curies":[{"name":"wp","href":"https:\/\/api.w.org\/{rel}","templated":true}]}}