{"id":2866,"date":"2025-10-30T09:12:11","date_gmt":"2025-10-30T09:12:11","guid":{"rendered":"https:\/\/cmykprinted.com\/?post_type=product&#038;p=2866"},"modified":"2025-10-30T09:12:11","modified_gmt":"2025-10-30T09:12:11","slug":"collapsible-trade-show-displays","status":"publish","type":"product","link":"https:\/\/cmykprinted.com\/da\/vare\/sammenklappelige-messeudstillinger\/","title":{"rendered":"Sammenklappelige messedisplays i topkvalitet med LED-lys"},"content":{"rendered":"","protected":false},"excerpt":{"rendered":"<p>F\u00e5 dit brand til at skinne p\u00e5 hver eneste udstilling med vores sammenklappelige messedisplays i topkvalitet med LED-lys \u2013 den perfekte kombination af b\u00e6rbarhed, professionalisme og visuel effekt. Disse displays er designet til moderne marketingfolk, der har brug for at s\u00e6tte dem op hurtigt og skille sig ud med det samme. De har lette aluminiumsrammer og f\u00f8rsteklasses sp\u00e6ndstofgrafik, der leverer en fantastisk, kr\u00f8lfri grafik.<\/p>\n<p>Med en innovativ sammenklappelig struktur tager ops\u00e6tning og nedtagning kun f\u00e5 minutter \u2013 uden behov for v\u00e6rkt\u00f8j. N\u00e5r den er samlet, giver den holdbare ramme et robust fundament, mens det integrerede LED-belysningssystem sikrer, at din brandgrafik er str\u00e5lende oplyst og tiltr\u00e6kker opm\u00e6rksomhed selv i de mest overfyldte messemilj\u00f8er.<\/p>\n<p>Disse displays er ideelle til messer, udstillinger, konferencer og detailhandelskampagner, og de er nemme at pakke, transportere og genbruge, hvilket g\u00f8r dem til en omkostningseffektiv langsigtet investering. Mulighederne for brugerdefineret tryk giver dig mulighed for at fremvise din virksomheds farver, logoer og marketingbudskaber i levende HD-kvalitet.<\/p>\n<p>Uanset om du lancerer et nyt produkt, opbygger brand awareness eller engagerer kunder ansigt til ansigt, leverer vores sammenklappelige LED-messedisplays maksimal effekt med minimal indsats. Imponer dit publikum, \u00f8g dit brands synlighed, og skab en professionel pr\u00e6sentation, der virkelig skiller sig ud \u2013 n\u00e5r som helst og hvor som helst.<\/p>\n<div style=\"width: 720px;\" class=\"wp-video\"><!--[if lt IE 9]><script>document.createElement('video');<\/script><![endif]--><br \/>\n<video class=\"wp-video-shortcode\" id=\"video-2866-1\" width=\"720\" height=\"1280\" preload=\"metadata\" controls=\"controls\"><source type=\"video\/mp4\" src=\"https:\/\/cmykprinted.com\/wp-content\/uploads\/2025\/10\/Collapsible-Trade-Show-Displays.mp4?_=1\" \/><a href=\"https:\/\/cmykprinted.com\/wp-content\/uploads\/2025\/10\/Collapsible-Trade-Show-Displays.mp4\">https:\/\/cmykprinted.com\/wp-content\/uploads\/2025\/10\/Collapsible-Trade-Show-Displays.mp4<\/a><\/video><\/div>","protected":false},"featured_media":2868,"template":"","meta":{"_kad_post_transparent":"default","_kad_post_title":"hide","_kad_post_layout":"fullwidth","_kad_post_sidebar_id":"","_kad_post_content_style":"unboxed","_kad_post_vertical_padding":"hide","_kad_post_feature":"hide","_kad_post_feature_position":"","_kad_post_header":false,"_kad_post_footer":false},"product_cat":[97,99],"product_tag":[665,667,668,666],"class_list":{"0":"post-2866","1":"product","2":"type-product","3":"status-publish","4":"has-post-thumbnail","6":"product_cat-tension-fabric-displays","7":"product_cat-custom-fabric-displays","8":"product_tag-collapsible-trade-show-displays","9":"product_tag-top-quality-collapsible-trade-show-displays","10":"product_tag-trade-show-displays","11":"product_tag-trade-show-displays-with-led-light","13":"first","14":"instock","15":"shipping-taxable","16":"product-type-simple","17":"entry","18":"content-bg","19":"loop-entry"},"_links":{"self":[{"href":"https:\/\/cmykprinted.com\/da\/wp-json\/wp\/v2\/product\/2866","targetHints":{"allow":["GET"]}}],"collection":[{"href":"https:\/\/cmykprinted.com\/da\/wp-json\/wp\/v2\/product"}],"about":[{"href":"https:\/\/cmykprinted.com\/da\/wp-json\/wp\/v2\/types\/product"}],"version-history":[{"count":1,"href":"https:\/\/cmykprinted.com\/da\/wp-json\/wp\/v2\/product\/2866\/revisions"}],"predecessor-version":[{"id":2875,"href":"https:\/\/cmykprinted.com\/da\/wp-json\/wp\/v2\/product\/2866\/revisions\/2875"}],"wp:featuredmedia":[{"embeddable":true,"href":"https:\/\/cmykprinted.com\/da\/wp-json\/wp\/v2\/media\/2868"}],"wp:attachment":[{"href":"https:\/\/cmykprinted.com\/da\/wp-json\/wp\/v2\/media?parent=2866"}],"wp:term":[{"taxonomy":"product_cat","embeddable":true,"href":"https:\/\/cmykprinted.com\/da\/wp-json\/wp\/v2\/product_cat?post=2866"},{"taxonomy":"product_tag","embeddable":true,"href":"https:\/\/cmykprinted.com\/da\/wp-json\/wp\/v2\/product_tag?post=2866"}],"curies":[{"name":"wp","href":"https:\/\/api.w.org\/{rel}","templated":true}]}}