{"id":393,"date":"2022-12-03T03:54:51","date_gmt":"2022-12-03T03:54:51","guid":{"rendered":"https:\/\/cmykprinted.com\/?post_type=product&#038;p=393"},"modified":"2022-12-09T09:14:36","modified_gmt":"2022-12-09T09:14:36","slug":"custom-printed-advertising-promotional-beach-feather-flag","status":"publish","type":"product","link":"https:\/\/cmykprinted.com\/da\/vare\/custom-printed-advertising-promotional-beach-feather-flag\/","title":{"rendered":"Brugerdefineret trykt reklame reklame strandfjer flag"},"content":{"rendered":"","protected":false},"excerpt":{"rendered":"<p>Fors\u00f8ger du at skille dig ud p\u00e5 en travl gade eller ved overfyldte messearrangementer? Fed brugerdefinerede flag er en gennempr\u00f8vet m\u00e5de at henlede opm\u00e6rksomheden p\u00e5 vores forretning p\u00e5 et landmandsmarked, messe eller food truck. De er ogs\u00e5 effektiv markedsf\u00f8ring med h\u00f8j synlighed \u2013 en mulighed for at f\u00e5 din virksomheds navn, logo og farver bem\u00e6rket af b\u00e5de fodg\u00e6ngere og vejtrafik. Vores reklameflag leveres med alt, hvad du beh\u00f8ver for at s\u00e6tte op p\u00e5 en flad overflade. Din pakke vil inkludere et vejrbestandigt polyesterflag, glasfiber- og aluminiumsstang, en jordspyd og endda et bl\u00f8dt etui til nem transport. Udforsk vores galleri med brugerdefinerede flagskabeloner, inklusive branche- og begivenhedsspecifikke muligheder. N\u00e5r du har fundet en favoritmulighed, kan du tilf\u00f8je dine tilpassede detaljer i vores online designstudie. Vi tager os af resten, professionelt udskriver og sender din ordre. Dit reklameflag kommer frem og ser godt ud og er klar til at begynde at vende hovederne.<\/p>\n<div style=\"width: 1280px;\" class=\"wp-video\"><!--[if lt IE 9]><script>document.createElement('video');<\/script><![endif]--><br \/>\n<video class=\"wp-video-shortcode\" id=\"video-393-1\" width=\"1280\" height=\"720\" loop autoplay preload=\"auto\" controls=\"controls\"><source type=\"video\/mp4\" src=\"http:\/\/cmykprinted.com\/wp-content\/uploads\/2022\/12\/Custom-Printed-Advertising-Promotional-Beach-Feather-Flag.mp4?_=1\" \/><a href=\"http:\/\/cmykprinted.com\/wp-content\/uploads\/2022\/12\/Custom-Printed-Advertising-Promotional-Beach-Feather-Flag.mp4\">http:\/\/cmykprinted.com\/wp-content\/uploads\/2022\/12\/Custom-Printed-Advertising-Promotional-Beach-Feather-Flag.mp4<\/a><\/video><\/div>","protected":false},"featured_media":394,"template":"","meta":{"_kad_post_transparent":"default","_kad_post_title":"hide","_kad_post_layout":"fullwidth","_kad_post_sidebar_id":"","_kad_post_content_style":"unboxed","_kad_post_vertical_padding":"hide","_kad_post_feature":"hide","_kad_post_feature_position":"","_kad_post_header":false,"_kad_post_footer":false},"product_cat":[64,65,66,67],"product_tag":[107,104,105,106,108],"class_list":{"0":"post-393","1":"product","2":"type-product","3":"status-publish","4":"has-post-thumbnail","6":"product_cat-beach-flags","7":"product_cat-feather-flags-banners","8":"product_cat-rectangular-flags-banners","9":"product_cat-teardrop-flags-banners","10":"product_tag-advertising-beach-flag","11":"product_tag-beach-feather-flag","12":"product_tag-custom-beach-flag","13":"product_tag-custom-beach-flag-feather-flag","14":"product_tag-promotional-beach-flag","16":"first","17":"instock","18":"shipping-taxable","19":"product-type-simple","20":"entry","21":"content-bg","22":"loop-entry"},"_links":{"self":[{"href":"https:\/\/cmykprinted.com\/da\/wp-json\/wp\/v2\/product\/393","targetHints":{"allow":["GET"]}}],"collection":[{"href":"https:\/\/cmykprinted.com\/da\/wp-json\/wp\/v2\/product"}],"about":[{"href":"https:\/\/cmykprinted.com\/da\/wp-json\/wp\/v2\/types\/product"}],"version-history":[{"count":3,"href":"https:\/\/cmykprinted.com\/da\/wp-json\/wp\/v2\/product\/393\/revisions"}],"predecessor-version":[{"id":433,"href":"https:\/\/cmykprinted.com\/da\/wp-json\/wp\/v2\/product\/393\/revisions\/433"}],"wp:featuredmedia":[{"embeddable":true,"href":"https:\/\/cmykprinted.com\/da\/wp-json\/wp\/v2\/media\/394"}],"wp:attachment":[{"href":"https:\/\/cmykprinted.com\/da\/wp-json\/wp\/v2\/media?parent=393"}],"wp:term":[{"taxonomy":"product_cat","embeddable":true,"href":"https:\/\/cmykprinted.com\/da\/wp-json\/wp\/v2\/product_cat?post=393"},{"taxonomy":"product_tag","embeddable":true,"href":"https:\/\/cmykprinted.com\/da\/wp-json\/wp\/v2\/product_tag?post=393"}],"curies":[{"name":"wp","href":"https:\/\/api.w.org\/{rel}","templated":true}]}}