{"id":549,"date":"2022-12-18T09:53:56","date_gmt":"2022-12-18T09:53:56","guid":{"rendered":"https:\/\/cmykprinted.com\/?post_type=product&#038;p=549"},"modified":"2022-12-18T10:09:57","modified_gmt":"2022-12-18T10:09:57","slug":"custom-shop-front-flag-double-sided-wall-flag-banner-sign","status":"publish","type":"product","link":"https:\/\/cmykprinted.com\/da\/vare\/custom-shop-front-flag-double-sided-wall-flag-banner-sign\/","title":{"rendered":"Custom Shop Front Flag Dobbeltsidet V\u00e6g Flag Banner Sign"},"content":{"rendered":"","protected":false},"excerpt":{"rendered":"<p>Butiksflag er en popul\u00e6r m\u00e5de for virksomheder at annoncere for deres produkter eller tjenester til forbipasserende. De er typisk monteret p\u00e5 ydersiden af en butik eller butik, og er designet til at v\u00e6re i\u00f8jnefaldende og tiltr\u00e6kke opm\u00e6rksomhed. De to hovedtyper af butiksflag er spidse og lige kantstile. Spidse kantflag har en trekantet form og er typisk monteret p\u00e5 en stang, mens lige kantflag er rektangul\u00e6re og kan monteres p\u00e5 v\u00e6g eller h\u00e6nges i loft. Begge typer flag kan printes med enkelt- eller dobbeltsidet kunst, afh\u00e6ngigt af virksomhedens behov.<br \/>\nButiksflag er normalt lavet af aluminium eller stof og kan udskrives med en r\u00e6kke forskellige metoder, herunder UV digital print eller dye-sublimation. UV digital print er en proces, der bruger UV-lys til at h\u00e6rde bl\u00e6kket, hvilket resulterer i l\u00e6ngerevarende farve og forbedret modstandsdygtighed over for falmning og vandskader. Dye-sublimation er en proces, der bruger varme til at overf\u00f8re bl\u00e6k fra et specielt papir til stoffet, hvilket resulterer i en levende og skarp finish.<\/p>\n<p>&nbsp;<\/p>","protected":false},"featured_media":550,"template":"","meta":{"_kad_post_transparent":"default","_kad_post_title":"hide","_kad_post_layout":"fullwidth","_kad_post_sidebar_id":"","_kad_post_content_style":"unboxed","_kad_post_vertical_padding":"hide","_kad_post_feature":"hide","_kad_post_feature_position":"","_kad_post_header":false,"_kad_post_footer":false},"product_cat":[79],"product_tag":[131,133,132,129,130],"class_list":{"0":"post-549","1":"product","2":"type-product","3":"status-publish","4":"has-post-thumbnail","6":"product_cat-custom-flags","7":"product_tag-custom-flag","8":"product_tag-custom-wall-sign","9":"product_tag-double-sided-wall-flag","10":"product_tag-shop-front-flag","11":"product_tag-wall-flag","13":"first","14":"instock","15":"shipping-taxable","16":"product-type-simple","17":"entry","18":"content-bg","19":"loop-entry"},"_links":{"self":[{"href":"https:\/\/cmykprinted.com\/da\/wp-json\/wp\/v2\/product\/549","targetHints":{"allow":["GET"]}}],"collection":[{"href":"https:\/\/cmykprinted.com\/da\/wp-json\/wp\/v2\/product"}],"about":[{"href":"https:\/\/cmykprinted.com\/da\/wp-json\/wp\/v2\/types\/product"}],"version-history":[{"count":2,"href":"https:\/\/cmykprinted.com\/da\/wp-json\/wp\/v2\/product\/549\/revisions"}],"predecessor-version":[{"id":556,"href":"https:\/\/cmykprinted.com\/da\/wp-json\/wp\/v2\/product\/549\/revisions\/556"}],"wp:featuredmedia":[{"embeddable":true,"href":"https:\/\/cmykprinted.com\/da\/wp-json\/wp\/v2\/media\/550"}],"wp:attachment":[{"href":"https:\/\/cmykprinted.com\/da\/wp-json\/wp\/v2\/media?parent=549"}],"wp:term":[{"taxonomy":"product_cat","embeddable":true,"href":"https:\/\/cmykprinted.com\/da\/wp-json\/wp\/v2\/product_cat?post=549"},{"taxonomy":"product_tag","embeddable":true,"href":"https:\/\/cmykprinted.com\/da\/wp-json\/wp\/v2\/product_tag?post=549"}],"curies":[{"name":"wp","href":"https:\/\/api.w.org\/{rel}","templated":true}]}}