{"id":571,"date":"2022-12-18T10:43:31","date_gmt":"2022-12-18T10:43:31","guid":{"rendered":"https:\/\/cmykprinted.com\/?post_type=product&#038;p=571"},"modified":"2022-12-18T12:40:23","modified_gmt":"2022-12-18T12:40:23","slug":"20ft-straight-tension-fabric-displays-with-custom-printing","status":"publish","type":"product","link":"https:\/\/cmykprinted.com\/da\/vare\/20ft-straight-tension-fabric-displays-with-custom-printing\/","title":{"rendered":"20 fods lige sp\u00e6ndingsstofdisplays med brugerdefineret tryk"},"content":{"rendered":"","protected":false},"excerpt":{"rendered":"<p>Sp\u00e6nde stofsk\u00e6rme er et popul\u00e6rt valg til messestande og s\u00e6rlige begivenhedsudstillinger, fordi de er lette, nemme at s\u00e6tte op og giver dit brand et rent og moderne look. Disse sk\u00e6rme bruger et monteret stofbetr\u00e6k, som er trykt med dit kunstv\u00e6rk, strakt over en letv\u00e6gtsramme for at skabe en r\u00e6kke forskellige konfigurationer. Nogle almindelige typer af sp\u00e6ndingsstofsk\u00e6rme omfatter bannerstandere, pop-up-displays og h\u00e6ngende bannere. Disse systemer tilbyder en bred vifte af tilpasningsmuligheder, der passer til dine unikke marketingbehov og kan nemt skilles ad og transporteres til forskellige begivenheder. Sp\u00e6nde stofsk\u00e6rme kan v\u00e6re en effektiv m\u00e5de at fremvise dit brand og dit budskab p\u00e5 en professionel og visuelt tiltalende m\u00e5de.<\/p>\n<div style=\"width: 1290px;\" class=\"wp-video\"><!--[if lt IE 9]><script>document.createElement('video');<\/script><![endif]--><br \/>\n<video class=\"wp-video-shortcode\" id=\"video-571-1\" width=\"1290\" height=\"726\" loop autoplay preload=\"auto\" controls=\"controls\"><source type=\"video\/mp4\" src=\"http:\/\/cmykprinted.com\/wp-content\/uploads\/2022\/12\/Tension-Fabric-Displays.mp4?_=1\" \/><a href=\"http:\/\/cmykprinted.com\/wp-content\/uploads\/2022\/12\/Tension-Fabric-Displays.mp4\">http:\/\/cmykprinted.com\/wp-content\/uploads\/2022\/12\/Tension-Fabric-Displays.mp4<\/a><\/video><\/div>\n<p>&nbsp;<\/p>","protected":false},"featured_media":572,"template":"","meta":{"_kad_post_transparent":"default","_kad_post_title":"hide","_kad_post_layout":"fullwidth","_kad_post_sidebar_id":"","_kad_post_content_style":"unboxed","_kad_post_vertical_padding":"hide","_kad_post_feature":"hide","_kad_post_feature_position":"","_kad_post_header":false,"_kad_post_footer":false},"product_cat":[97,99],"product_tag":[136,137,135,134],"class_list":{"0":"post-571","1":"product","2":"type-product","3":"status-publish","4":"has-post-thumbnail","6":"product_cat-tension-fabric-displays","7":"product_cat-custom-fabric-displays","8":"product_tag-20ft-tension-fabric-displays","9":"product_tag-custom-tension-fabric-displays","10":"product_tag-straight-tension-fabric-displays","11":"product_tag-tension-fabric-displays","13":"first","14":"instock","15":"shipping-taxable","16":"product-type-simple","17":"entry","18":"content-bg","19":"loop-entry"},"_links":{"self":[{"href":"https:\/\/cmykprinted.com\/da\/wp-json\/wp\/v2\/product\/571","targetHints":{"allow":["GET"]}}],"collection":[{"href":"https:\/\/cmykprinted.com\/da\/wp-json\/wp\/v2\/product"}],"about":[{"href":"https:\/\/cmykprinted.com\/da\/wp-json\/wp\/v2\/types\/product"}],"version-history":[{"count":1,"href":"https:\/\/cmykprinted.com\/da\/wp-json\/wp\/v2\/product\/571\/revisions"}],"predecessor-version":[{"id":578,"href":"https:\/\/cmykprinted.com\/da\/wp-json\/wp\/v2\/product\/571\/revisions\/578"}],"wp:featuredmedia":[{"embeddable":true,"href":"https:\/\/cmykprinted.com\/da\/wp-json\/wp\/v2\/media\/572"}],"wp:attachment":[{"href":"https:\/\/cmykprinted.com\/da\/wp-json\/wp\/v2\/media?parent=571"}],"wp:term":[{"taxonomy":"product_cat","embeddable":true,"href":"https:\/\/cmykprinted.com\/da\/wp-json\/wp\/v2\/product_cat?post=571"},{"taxonomy":"product_tag","embeddable":true,"href":"https:\/\/cmykprinted.com\/da\/wp-json\/wp\/v2\/product_tag?post=571"}],"curies":[{"name":"wp","href":"https:\/\/api.w.org\/{rel}","templated":true}]}}