{"id":612,"date":"2022-12-21T13:15:52","date_gmt":"2022-12-21T13:15:52","guid":{"rendered":"https:\/\/cmykprinted.com\/?post_type=product&#038;p=612"},"modified":"2022-12-21T14:08:22","modified_gmt":"2022-12-21T14:08:22","slug":"outdoor-folding-50mm-heavy-duty-hexagonal-aluminum-tents","status":"publish","type":"product","link":"https:\/\/cmykprinted.com\/da\/vare\/outdoor-folding-50mm-heavy-duty-hexagonal-aluminum-tents\/","title":{"rendered":"Udend\u00f8rs foldbare 50 mm Heavy Duty sekskantede aluminiumstelte"},"content":{"rendered":"","protected":false},"excerpt":{"rendered":"<p>Vores 50 mm kraftige sekskantede aluminiumstelte er den ultimative l\u00f8sning til enhver form for udend\u00f8rsbegivenhed, inklusive loppemarkeder, kunsth\u00e5ndv\u00e6rksshows, sportsbegivenheder og kunstfestivaler. De er ogs\u00e5 velegnede til indend\u00f8rs brug, hvilket g\u00f8r dem utroligt alsidige og praktiske. Baldakinstoppene er lavet af kraftig polyester, der b\u00e5de er vandafvisende og printet med UV-beskyttet bl\u00e6k, hvilket sikrer, at de er bygget til at holde og modst\u00e5 elementerne. Ud over deres holdbarhed og funktionalitet er vores skr\u00e6ddersyede telte ogs\u00e5 meget b\u00e6rbare, hvilket g\u00f8r dem til det perfekte valg for enkeltpersoner og organisationer, der har brug for en p\u00e5lidelig og brugervenlig shelter-l\u00f8sning, der kan rejse n\u00e6sten overalt. Uanset om du har brug for en midlertidig baldakin til en engangsbegivenhed eller en langsigtet beskyttelsesl\u00f8sning til din virksomhed eller organisation, tilbyder vores 50 mm kraftige sekskantede aluminiumstelte den perfekte kombination af styrke, holdbarhed og bekvemmelighed.<\/p>\n<div style=\"width: 1290px;\" class=\"wp-video\"><!--[if lt IE 9]><script>document.createElement('video');<\/script><![endif]--><br \/>\n<video class=\"wp-video-shortcode\" id=\"video-612-1\" width=\"1290\" height=\"726\" loop autoplay preload=\"auto\" controls=\"controls\"><source type=\"video\/mp4\" src=\"http:\/\/cmykprinted.com\/wp-content\/uploads\/2022\/12\/50mm-Heavy-Duty-Hexagon-Aluminum-Tents.mp4?_=1\" \/><a href=\"http:\/\/cmykprinted.com\/wp-content\/uploads\/2022\/12\/50mm-Heavy-Duty-Hexagon-Aluminum-Tents.mp4\">http:\/\/cmykprinted.com\/wp-content\/uploads\/2022\/12\/50mm-Heavy-Duty-Hexagon-Aluminum-Tents.mp4<\/a><\/video><\/div>","protected":false},"featured_media":613,"template":"","meta":{"_kad_post_transparent":"default","_kad_post_title":"hide","_kad_post_layout":"fullwidth","_kad_post_sidebar_id":"","_kad_post_content_style":"unboxed","_kad_post_vertical_padding":"hide","_kad_post_feature":"hide","_kad_post_feature_position":"","_kad_post_header":false,"_kad_post_footer":false},"product_cat":[68,75,74],"product_tag":[147,151,149,148,150],"class_list":{"0":"post-612","1":"product","2":"type-product","3":"status-publish","4":"has-post-thumbnail","6":"product_cat-custom-canopy-tents","7":"product_cat-10x10-custom-branded-canopy-tents","8":"product_cat-50mm-heavy-duty-hexagon-aluminum-tents","9":"product_tag-50mm-heavy-duty-hexagonal-aluminum-tents","10":"product_tag-folding-aluminum-tents","11":"product_tag-heavy-duty-aluminum-tents","12":"product_tag-hexagonal-aluminum-tents","13":"product_tag-outdoor-aluminum-tents","15":"first","16":"instock","17":"shipping-taxable","18":"product-type-simple","19":"entry","20":"content-bg","21":"loop-entry"},"_links":{"self":[{"href":"https:\/\/cmykprinted.com\/da\/wp-json\/wp\/v2\/product\/612","targetHints":{"allow":["GET"]}}],"collection":[{"href":"https:\/\/cmykprinted.com\/da\/wp-json\/wp\/v2\/product"}],"about":[{"href":"https:\/\/cmykprinted.com\/da\/wp-json\/wp\/v2\/types\/product"}],"version-history":[{"count":3,"href":"https:\/\/cmykprinted.com\/da\/wp-json\/wp\/v2\/product\/612\/revisions"}],"predecessor-version":[{"id":623,"href":"https:\/\/cmykprinted.com\/da\/wp-json\/wp\/v2\/product\/612\/revisions\/623"}],"wp:featuredmedia":[{"embeddable":true,"href":"https:\/\/cmykprinted.com\/da\/wp-json\/wp\/v2\/media\/613"}],"wp:attachment":[{"href":"https:\/\/cmykprinted.com\/da\/wp-json\/wp\/v2\/media?parent=612"}],"wp:term":[{"taxonomy":"product_cat","embeddable":true,"href":"https:\/\/cmykprinted.com\/da\/wp-json\/wp\/v2\/product_cat?post=612"},{"taxonomy":"product_tag","embeddable":true,"href":"https:\/\/cmykprinted.com\/da\/wp-json\/wp\/v2\/product_tag?post=612"}],"curies":[{"name":"wp","href":"https:\/\/api.w.org\/{rel}","templated":true}]}}