{"id":624,"date":"2022-12-22T03:01:03","date_gmt":"2022-12-22T03:01:03","guid":{"rendered":"https:\/\/cmykprinted.com\/?post_type=product&#038;p=624"},"modified":"2022-12-22T03:51:54","modified_gmt":"2022-12-22T03:51:54","slug":"custom-printed-hand-flags-handheld-stick-flag-at-cheap-price","status":"publish","type":"product","link":"https:\/\/cmykprinted.com\/da\/vare\/custom-printed-hand-flags-handheld-stick-flag-at-cheap-price\/","title":{"rendered":"Brugerdefinerede trykte h\u00e5ndflag H\u00e5ndholdt stickflag til en billig pris"},"content":{"rendered":"","protected":false},"excerpt":{"rendered":"<p>Brugerdefinerede trykte h\u00e5ndflag er en fremragende m\u00e5de at f\u00e5 dit budskab igennem ved enhver begivenhed eller kampagne. De er overkommelige, men alligevel s\u00e6tter de et slag, n\u00e5r det kommer til at tiltr\u00e6kke opm\u00e6rksomhed. Uanset om du er til en messe, en sportskamp, en parade, en konference eller enhver anden form for begivenhed, er specialdesignede h\u00e5ndflag en fantastisk m\u00e5de at vise dit brand eller budskab frem. De er lavet af slidst\u00e6rkt polyesterstof og er trykt ved hj\u00e6lp af dye sublimation print, som sikrer, at farverne er st\u00e6rke og levende. Flagene er enkelt omvendt printet, hvilket betyder at billedet er synligt p\u00e5 den ene side og bagsiden er et spejlbillede. De afsluttes med enten en plastik- eller tr\u00e6dyvel og fastg\u00f8res til stokken ved hj\u00e6lp af en flagmuffe. Brugerdefinerede trykte h\u00e5ndflag er ikke kun en fantastisk m\u00e5de at promovere dit brand eller budskab p\u00e5, men de er ogs\u00e5 en sjov og interaktiv m\u00e5de at engagere sig med dit publikum p\u00e5. S\u00e5 hvorfor vente? F\u00e5 dine brugerdefinerede trykte h\u00e5ndflag i dag, og se dit budskab flyve!<\/p>\n<div style=\"width: 1290px;\" class=\"wp-video\"><!--[if lt IE 9]><script>document.createElement('video');<\/script><![endif]--><br \/>\n<video class=\"wp-video-shortcode\" id=\"video-624-1\" width=\"1290\" height=\"726\" loop autoplay preload=\"auto\" controls=\"controls\"><source type=\"video\/mp4\" src=\"http:\/\/cmykprinted.com\/wp-content\/uploads\/2022\/12\/Custom-Printed-Hand-Flags.mp4?_=1\" \/><a href=\"http:\/\/cmykprinted.com\/wp-content\/uploads\/2022\/12\/Custom-Printed-Hand-Flags.mp4\">http:\/\/cmykprinted.com\/wp-content\/uploads\/2022\/12\/Custom-Printed-Hand-Flags.mp4<\/a><\/video><\/div>\n<p>&nbsp;<\/p>","protected":false},"featured_media":625,"template":"","meta":{"_kad_post_transparent":"default","_kad_post_title":"hide","_kad_post_layout":"fullwidth","_kad_post_sidebar_id":"","_kad_post_content_style":"unboxed","_kad_post_vertical_padding":"hide","_kad_post_feature":"hide","_kad_post_feature_position":"","_kad_post_header":false,"_kad_post_footer":false},"product_cat":[79],"product_tag":[153,155,152,154],"class_list":{"0":"post-624","1":"product","2":"type-product","3":"status-publish","4":"has-post-thumbnail","6":"product_cat-custom-flags","7":"product_tag-custom-hand-flags","8":"product_tag-custom-handheld-flag","9":"product_tag-custom-printed-hand-flags","10":"product_tag-handheld-stick-flag","12":"first","13":"instock","14":"shipping-taxable","15":"product-type-simple","16":"entry","17":"content-bg","18":"loop-entry"},"_links":{"self":[{"href":"https:\/\/cmykprinted.com\/da\/wp-json\/wp\/v2\/product\/624","targetHints":{"allow":["GET"]}}],"collection":[{"href":"https:\/\/cmykprinted.com\/da\/wp-json\/wp\/v2\/product"}],"about":[{"href":"https:\/\/cmykprinted.com\/da\/wp-json\/wp\/v2\/types\/product"}],"version-history":[{"count":4,"href":"https:\/\/cmykprinted.com\/da\/wp-json\/wp\/v2\/product\/624\/revisions"}],"predecessor-version":[{"id":635,"href":"https:\/\/cmykprinted.com\/da\/wp-json\/wp\/v2\/product\/624\/revisions\/635"}],"wp:featuredmedia":[{"embeddable":true,"href":"https:\/\/cmykprinted.com\/da\/wp-json\/wp\/v2\/media\/625"}],"wp:attachment":[{"href":"https:\/\/cmykprinted.com\/da\/wp-json\/wp\/v2\/media?parent=624"}],"wp:term":[{"taxonomy":"product_cat","embeddable":true,"href":"https:\/\/cmykprinted.com\/da\/wp-json\/wp\/v2\/product_cat?post=624"},{"taxonomy":"product_tag","embeddable":true,"href":"https:\/\/cmykprinted.com\/da\/wp-json\/wp\/v2\/product_tag?post=624"}],"curies":[{"name":"wp","href":"https:\/\/api.w.org\/{rel}","templated":true}]}}