{"id":644,"date":"2022-12-22T07:18:12","date_gmt":"2022-12-22T07:18:12","guid":{"rendered":"https:\/\/cmykprinted.com\/?post_type=product&#038;p=644"},"modified":"2022-12-22T07:55:34","modified_gmt":"2022-12-22T07:55:34","slug":"custom-table-runners-table-cover-trade-show-tablecloth","status":"publish","type":"product","link":"https:\/\/cmykprinted.com\/da\/vare\/custom-table-runners-table-cover-trade-show-tablecloth\/","title":{"rendered":"Brugerdefineret bordl\u00f8bere bordd\u00e6kning Messe dug"},"content":{"rendered":"","protected":false},"excerpt":{"rendered":"<p>Hvis du har brug for skr\u00e6ddersyede bordl\u00f8bere til din virksomhed eller personlige begivenheder, har vi dig d\u00e6kket. Vores bordd\u00e6ksler i h\u00f8j kvalitet er perfekte til alt fra messer til fundraisers, og de er designet til at holde. Lavet af premium polyesterstof og med fuld farve, 1440DPI dye-sublimation print, vil disse specialprintede bordl\u00f8bere med sikkerhed g\u00f8re et varigt indtryk. Brug dem til at promovere dit brand eller logo ved konferencer, begivenheder eller messer, eller f\u00f8j dem blot til et solidt bordd\u00e6ksel for et strejf af elegance og indretning. Tilg\u00e6ngelig i foruddefinerede dimensioner p\u00e5 2&#039;x7,5\u2032, du kan endda v\u00e6lge tilpassede st\u00f8rrelser, der passer perfekt til dine behov. Stol p\u00e5 os som din p\u00e5lidelige kilde til brugerdefinerede bordl\u00f8bere, der effektivt vil reklamere for din virksomhed og st\u00e5 tidens tand.<\/p>","protected":false},"featured_media":647,"template":"","meta":{"_kad_post_transparent":"default","_kad_post_title":"hide","_kad_post_layout":"fullwidth","_kad_post_sidebar_id":"","_kad_post_content_style":"unboxed","_kad_post_vertical_padding":"hide","_kad_post_feature":"hide","_kad_post_feature_position":"","_kad_post_header":false,"_kad_post_footer":false},"product_cat":[80,82],"product_tag":[157,156,158,159],"class_list":{"0":"post-644","1":"product","2":"type-product","3":"status-publish","4":"has-post-thumbnail","6":"product_cat-custom-tablecloth","7":"product_cat-custom-table-runner","8":"product_tag-custom-table-cover","9":"product_tag-custom-table-runners","10":"product_tag-custom-tablecloth","11":"product_tag-trade-show-tablecloth","13":"first","14":"instock","15":"shipping-taxable","16":"product-type-simple","17":"entry","18":"content-bg","19":"loop-entry"},"_links":{"self":[{"href":"https:\/\/cmykprinted.com\/da\/wp-json\/wp\/v2\/product\/644","targetHints":{"allow":["GET"]}}],"collection":[{"href":"https:\/\/cmykprinted.com\/da\/wp-json\/wp\/v2\/product"}],"about":[{"href":"https:\/\/cmykprinted.com\/da\/wp-json\/wp\/v2\/types\/product"}],"version-history":[{"count":2,"href":"https:\/\/cmykprinted.com\/da\/wp-json\/wp\/v2\/product\/644\/revisions"}],"predecessor-version":[{"id":646,"href":"https:\/\/cmykprinted.com\/da\/wp-json\/wp\/v2\/product\/644\/revisions\/646"}],"wp:featuredmedia":[{"embeddable":true,"href":"https:\/\/cmykprinted.com\/da\/wp-json\/wp\/v2\/media\/647"}],"wp:attachment":[{"href":"https:\/\/cmykprinted.com\/da\/wp-json\/wp\/v2\/media?parent=644"}],"wp:term":[{"taxonomy":"product_cat","embeddable":true,"href":"https:\/\/cmykprinted.com\/da\/wp-json\/wp\/v2\/product_cat?post=644"},{"taxonomy":"product_tag","embeddable":true,"href":"https:\/\/cmykprinted.com\/da\/wp-json\/wp\/v2\/product_tag?post=644"}],"curies":[{"name":"wp","href":"https:\/\/api.w.org\/{rel}","templated":true}]}}