{"id":682,"date":"2022-12-29T09:44:31","date_gmt":"2022-12-29T09:44:31","guid":{"rendered":"https:\/\/cmykprinted.com\/?post_type=product&#038;p=682"},"modified":"2022-12-29T10:03:18","modified_gmt":"2022-12-29T10:03:18","slug":"custom-3d-metal-transfer-sticker-metallic-logo-label-sticker","status":"publish","type":"product","link":"https:\/\/cmykprinted.com\/da\/vare\/custom-3d-metal-transfer-sticker-metallic-logo-label-sticker\/","title":{"rendered":"Brugerdefineret 3D metaloverf\u00f8rselsm\u00e6rkat Metallisk logom\u00e6rkat"},"content":{"rendered":"","protected":false},"excerpt":{"rendered":"<p>3D metaloverf\u00f8rselsm\u00e6rkater er en type m\u00e6rkningsl\u00f8sning, der involverer brugen af meget holdbar nikkelfolie for at skabe en tredimensionel effekt. Disse klisterm\u00e6rker er designet til at give et &quot;no label&quot; look ved at fjerne overskydende materiale fra designet, hvilket resulterer i et mere raffineret og professionelt udseende. De bruges ofte som avancerede produktetiketter eller til detailsalg i onlinebutikker.<br \/>\nFor at skabe 3D metaloverf\u00f8rselsm\u00e6rkater printes designet f\u00f8rst p\u00e5 et ark nikkelfolie ved hj\u00e6lp af en specialiseret printproces. Det overskydende materiale fjernes derefter og efterlader kun de h\u00e6vede elementer i designet. Det resulterende klisterm\u00e6rke er derefter belagt med et lag kl\u00e6bemiddel og kan p\u00e5f\u00f8res p\u00e5 en r\u00e6kke forskellige overflader, herunder plastik, metal og papir.<br \/>\nEn af fordelene ved at bruge 3D metaloverf\u00f8rselsm\u00e6rkater er deres holdbarhed. Nikkel er et st\u00e6rkt og korrosionsbestandigt materiale, s\u00e5 disse klisterm\u00e6rker kan modst\u00e5 slitage og bevare deres kvalitet over tid. De er ogs\u00e5 modstandsdygtige over for falmning og misfarvning, hvilket g\u00f8r dem til en langtidsholdbar m\u00e6rkningsl\u00f8sning. Derudover kan den tredimensionelle effekt af disse klisterm\u00e6rker tilf\u00f8je et unikt og i\u00f8jnefaldende element til din produktemballage eller branding.<\/p>\n<div style=\"width: 1280px;\" class=\"wp-video\"><!--[if lt IE 9]><script>document.createElement('video');<\/script><![endif]--><br \/>\n<video class=\"wp-video-shortcode\" id=\"video-682-1\" width=\"1280\" height=\"720\" loop autoplay preload=\"metadata\" controls=\"controls\"><source type=\"video\/mp4\" src=\"http:\/\/cmykprinted.com\/wp-content\/uploads\/2022\/12\/Metal-Transfer-Sticker.mp4?_=1\" \/><a href=\"http:\/\/cmykprinted.com\/wp-content\/uploads\/2022\/12\/Metal-Transfer-Sticker.mp4\">http:\/\/cmykprinted.com\/wp-content\/uploads\/2022\/12\/Metal-Transfer-Sticker.mp4<\/a><\/video><\/div>\n<p>&nbsp;<\/p>","protected":false},"featured_media":683,"template":"","meta":{"_kad_post_transparent":"default","_kad_post_title":"hide","_kad_post_layout":"fullwidth","_kad_post_sidebar_id":"","_kad_post_content_style":"unboxed","_kad_post_vertical_padding":"hide","_kad_post_feature":"hide","_kad_post_feature_position":"","_kad_post_header":false,"_kad_post_footer":false},"product_cat":[101,102],"product_tag":[174,173,171,172],"class_list":{"0":"post-682","1":"product","2":"type-product","3":"status-publish","4":"has-post-thumbnail","6":"product_cat-transfer-stickers","7":"product_cat-metal-transfer-stickers","8":"product_tag-3d-metal-transfer-sticker","9":"product_tag-custom-metal-transfer-sticker","10":"product_tag-metal-transfer-sticker","11":"product_tag-metallic-logo-label-sticker","13":"first","14":"instock","15":"shipping-taxable","16":"product-type-simple","17":"entry","18":"content-bg","19":"loop-entry"},"_links":{"self":[{"href":"https:\/\/cmykprinted.com\/da\/wp-json\/wp\/v2\/product\/682","targetHints":{"allow":["GET"]}}],"collection":[{"href":"https:\/\/cmykprinted.com\/da\/wp-json\/wp\/v2\/product"}],"about":[{"href":"https:\/\/cmykprinted.com\/da\/wp-json\/wp\/v2\/types\/product"}],"version-history":[{"count":2,"href":"https:\/\/cmykprinted.com\/da\/wp-json\/wp\/v2\/product\/682\/revisions"}],"predecessor-version":[{"id":691,"href":"https:\/\/cmykprinted.com\/da\/wp-json\/wp\/v2\/product\/682\/revisions\/691"}],"wp:featuredmedia":[{"embeddable":true,"href":"https:\/\/cmykprinted.com\/da\/wp-json\/wp\/v2\/media\/683"}],"wp:attachment":[{"href":"https:\/\/cmykprinted.com\/da\/wp-json\/wp\/v2\/media?parent=682"}],"wp:term":[{"taxonomy":"product_cat","embeddable":true,"href":"https:\/\/cmykprinted.com\/da\/wp-json\/wp\/v2\/product_cat?post=682"},{"taxonomy":"product_tag","embeddable":true,"href":"https:\/\/cmykprinted.com\/da\/wp-json\/wp\/v2\/product_tag?post=682"}],"curies":[{"name":"wp","href":"https:\/\/api.w.org\/{rel}","templated":true}]}}