{"id":692,"date":"2022-12-29T10:09:13","date_gmt":"2022-12-29T10:09:13","guid":{"rendered":"https:\/\/cmykprinted.com\/?post_type=product&#038;p=692"},"modified":"2022-12-29T10:44:20","modified_gmt":"2022-12-29T10:44:20","slug":"double-sided-printed-advertising-beach-teardrop-flags-banner","status":"publish","type":"product","link":"https:\/\/cmykprinted.com\/da\/vare\/double-sided-printed-advertising-beach-teardrop-flags-banner\/","title":{"rendered":"Dobbeltsidet trykt reklame Strand Teardrop Flag Banner"},"content":{"rendered":"","protected":false},"excerpt":{"rendered":"<p>Teardrop flag, ogs\u00e5 kendt som teardrop flag bannere eller teardrop fjer flag, er en type store, dr\u00e5beformet flag, der bruges til reklame- og marketingform\u00e5l. De er lavet ved at printe et brugerdefineret design p\u00e5 flaget ved hj\u00e6lp af en farvesublimeringsproces, som giver mulighed for levende grafik af h\u00f8j kvalitet. Flagene er fastgjort til en letv\u00e6gts flagstang af aluminium og glasfiber, som er b\u00f8jelig og hj\u00e6lper med at holde flaget stramt selv under bl\u00e6sende forhold. Flagstangen kan enten stikkes ned i jorden eller placeres p\u00e5 et flagstativ, alt efter brugerens specifikke behov og pr\u00e6ferencer.<br \/>\nBrug af et dr\u00e5beflag foran din butik eller virksomhed kan v\u00e6re en effektiv m\u00e5de at tiltr\u00e6kke potentielle kunders og andre forbipasserendes opm\u00e6rksomhed. Disse flag er i\u00f8jnefaldende og kan bidrage til effektivt at promovere din virksomhed og dens produkter eller tjenester. Teardrop flag bannere er ogs\u00e5 alsidige og kan bruges i en r\u00e6kke forskellige omgivelser, herunder messer, udend\u00f8rs begivenheder og butiksfacader. Ved at v\u00e6lge et tilpasset design, der pr\u00e6cist afspejler din virksomheds branding og budskab, kan du effektivt kommunikere dit budskab og g\u00f8re et st\u00e6rkt indtryk p\u00e5 din m\u00e5lgruppe.<\/p>\n<div style=\"width: 1280px;\" class=\"wp-video\"><!--[if lt IE 9]><script>document.createElement('video');<\/script><![endif]--><br \/>\n<video class=\"wp-video-shortcode\" id=\"video-692-1\" width=\"1280\" height=\"720\" loop autoplay preload=\"metadata\" controls=\"controls\"><source type=\"video\/mp4\" src=\"http:\/\/cmykprinted.com\/wp-content\/uploads\/2022\/12\/Beach-Teardrop-Flags-Banner.mp4?_=1\" \/><a href=\"http:\/\/cmykprinted.com\/wp-content\/uploads\/2022\/12\/Beach-Teardrop-Flags-Banner.mp4\">http:\/\/cmykprinted.com\/wp-content\/uploads\/2022\/12\/Beach-Teardrop-Flags-Banner.mp4<\/a><\/video><\/div>","protected":false},"featured_media":693,"template":"","meta":{"_kad_post_transparent":"default","_kad_post_title":"hide","_kad_post_layout":"fullwidth","_kad_post_sidebar_id":"","_kad_post_content_style":"unboxed","_kad_post_vertical_padding":"hide","_kad_post_feature":"hide","_kad_post_feature_position":"","_kad_post_header":false,"_kad_post_footer":false},"product_cat":[64,67],"product_tag":[177,176,175,178],"class_list":{"0":"post-692","1":"product","2":"type-product","3":"status-publish","4":"has-post-thumbnail","6":"product_cat-beach-flags","7":"product_cat-teardrop-flags-banners","8":"product_tag-advertising-beach-flags","9":"product_tag-beach-teardrop-banner","10":"product_tag-beach-teardrop-flags","11":"product_tag-teardrop-flags","13":"first","14":"instock","15":"shipping-taxable","16":"product-type-simple","17":"entry","18":"content-bg","19":"loop-entry"},"_links":{"self":[{"href":"https:\/\/cmykprinted.com\/da\/wp-json\/wp\/v2\/product\/692","targetHints":{"allow":["GET"]}}],"collection":[{"href":"https:\/\/cmykprinted.com\/da\/wp-json\/wp\/v2\/product"}],"about":[{"href":"https:\/\/cmykprinted.com\/da\/wp-json\/wp\/v2\/types\/product"}],"version-history":[{"count":4,"href":"https:\/\/cmykprinted.com\/da\/wp-json\/wp\/v2\/product\/692\/revisions"}],"predecessor-version":[{"id":703,"href":"https:\/\/cmykprinted.com\/da\/wp-json\/wp\/v2\/product\/692\/revisions\/703"}],"wp:featuredmedia":[{"embeddable":true,"href":"https:\/\/cmykprinted.com\/da\/wp-json\/wp\/v2\/media\/693"}],"wp:attachment":[{"href":"https:\/\/cmykprinted.com\/da\/wp-json\/wp\/v2\/media?parent=692"}],"wp:term":[{"taxonomy":"product_cat","embeddable":true,"href":"https:\/\/cmykprinted.com\/da\/wp-json\/wp\/v2\/product_cat?post=692"},{"taxonomy":"product_tag","embeddable":true,"href":"https:\/\/cmykprinted.com\/da\/wp-json\/wp\/v2\/product_tag?post=692"}],"curies":[{"name":"wp","href":"https:\/\/api.w.org\/{rel}","templated":true}]}}