{"id":733,"date":"2022-12-30T03:56:29","date_gmt":"2022-12-30T03:56:29","guid":{"rendered":"https:\/\/cmykprinted.com\/?post_type=product&#038;p=733"},"modified":"2022-12-30T04:21:48","modified_gmt":"2022-12-30T04:21:48","slug":"promotional-triangle-pop-up-banners-a-frame-pop-out-banners","status":"publish","type":"product","link":"https:\/\/cmykprinted.com\/da\/vare\/promotional-triangle-pop-up-banners-a-frame-pop-out-banners\/","title":{"rendered":"Salgsfremmende trekant pop-up bannere A-ramme pop-out bannere"},"content":{"rendered":"","protected":false},"excerpt":{"rendered":"<p>Trekantede pop-up bannere er en alsidig og i\u00f8jnefaldende m\u00e5de at promovere din virksomhed eller dit brand. De er designet til nemt at blive sat op og ned, hvilket g\u00f8r dem perfekte til brug p\u00e5 messer, konferencer og andre begivenheder. Disse bannere er lavet af slidst\u00e6rkt ferskenfarvet stof og er lette og nemme at transportere, og de kommer med en praktisk b\u00e6retaske til opbevaring.<br \/>\nUd over at v\u00e6re nemme at bruge, er vores trekantede pop-up bannere ogs\u00e5 yderst effektive til at tiltr\u00e6kke opm\u00e6rksomhed. Uanset om du vil annoncere for en lancering af et nyt produkt, et udsalg eller en kommende begivenhed, er disse bannere en fantastisk m\u00e5de at f\u00e5 folk til at interessere sig for din virksomhed. De kan bruges b\u00e5de indend\u00f8rs og udend\u00f8rs, og deres fjedermetal st\u00e5l og pl\u00f8kker g\u00f8r dem nemme at samle og skille ad.<br \/>\nHvis du leder efter en m\u00e5de at tage din virksomheds annoncering til det n\u00e6ste niveau, kan du overveje at investere i et trekantet pop-up-banner. De er en fantastisk m\u00e5de at henlede opm\u00e6rksomheden p\u00e5 din virksomhed og g\u00f8re et varigt indtryk p\u00e5 potentielle kunder. Og med vores omfattende installationsmanual har du alt, hvad du beh\u00f8ver for nemt at konfigurere og fjerne dit banner. S\u00e5 disse bannere er det perfekte valg for enhver virksomhed, der \u00f8nsker at sl\u00e5 til ved deres n\u00e6ste begivenhed eller konference.<\/p>\n<div style=\"width: 1280px;\" class=\"wp-video\"><!--[if lt IE 9]><script>document.createElement('video');<\/script><![endif]--><br \/>\n<video class=\"wp-video-shortcode\" id=\"video-733-1\" width=\"1280\" height=\"720\" loop autoplay preload=\"metadata\" controls=\"controls\"><source type=\"video\/mp4\" src=\"http:\/\/cmykprinted.com\/wp-content\/uploads\/2022\/12\/Triangle-Pop-Up-Banners.mp4?_=1\" \/><a href=\"http:\/\/cmykprinted.com\/wp-content\/uploads\/2022\/12\/Triangle-Pop-Up-Banners.mp4\">http:\/\/cmykprinted.com\/wp-content\/uploads\/2022\/12\/Triangle-Pop-Up-Banners.mp4<\/a><\/video><\/div>","protected":false},"featured_media":734,"template":"","meta":{"_kad_post_transparent":"default","_kad_post_title":"hide","_kad_post_layout":"fullwidth","_kad_post_sidebar_id":"","_kad_post_content_style":"unboxed","_kad_post_vertical_padding":"hide","_kad_post_feature":"hide","_kad_post_feature_position":"","_kad_post_header":false,"_kad_post_footer":false},"product_cat":[92,95],"product_tag":[193,194,128,195,192],"class_list":{"0":"post-733","1":"product","2":"type-product","3":"status-publish","4":"has-post-thumbnail","6":"product_cat-pop-up-banners","7":"product_cat-triangle-pop-up-banners","8":"product_tag-a-frame-pop-out-banners","9":"product_tag-pop-out-banners","10":"product_tag-pop-up-banner","11":"product_tag-promotional-pop-up-banners","12":"product_tag-triangle-pop-up-banner","14":"first","15":"instock","16":"shipping-taxable","17":"product-type-simple","18":"entry","19":"content-bg","20":"loop-entry"},"_links":{"self":[{"href":"https:\/\/cmykprinted.com\/da\/wp-json\/wp\/v2\/product\/733","targetHints":{"allow":["GET"]}}],"collection":[{"href":"https:\/\/cmykprinted.com\/da\/wp-json\/wp\/v2\/product"}],"about":[{"href":"https:\/\/cmykprinted.com\/da\/wp-json\/wp\/v2\/types\/product"}],"version-history":[{"count":3,"href":"https:\/\/cmykprinted.com\/da\/wp-json\/wp\/v2\/product\/733\/revisions"}],"predecessor-version":[{"id":743,"href":"https:\/\/cmykprinted.com\/da\/wp-json\/wp\/v2\/product\/733\/revisions\/743"}],"wp:featuredmedia":[{"embeddable":true,"href":"https:\/\/cmykprinted.com\/da\/wp-json\/wp\/v2\/media\/734"}],"wp:attachment":[{"href":"https:\/\/cmykprinted.com\/da\/wp-json\/wp\/v2\/media?parent=733"}],"wp:term":[{"taxonomy":"product_cat","embeddable":true,"href":"https:\/\/cmykprinted.com\/da\/wp-json\/wp\/v2\/product_cat?post=733"},{"taxonomy":"product_tag","embeddable":true,"href":"https:\/\/cmykprinted.com\/da\/wp-json\/wp\/v2\/product_tag?post=733"}],"curies":[{"name":"wp","href":"https:\/\/api.w.org\/{rel}","templated":true}]}}