{"id":744,"date":"2022-12-30T08:55:17","date_gmt":"2022-12-30T08:55:17","guid":{"rendered":"https:\/\/cmykprinted.com\/?post_type=product&#038;p=744"},"modified":"2022-12-30T12:44:27","modified_gmt":"2022-12-30T12:44:27","slug":"straight-tension-fabric-backdrop-media-wall-wholesale-price","status":"publish","type":"product","link":"https:\/\/cmykprinted.com\/da\/vare\/straight-tension-fabric-backdrop-media-wall-wholesale-price\/","title":{"rendered":"Lige sp\u00e6ndingsstof baggrundsmediev\u00e6g engrospris"},"content":{"rendered":"","protected":false},"excerpt":{"rendered":"<p>Vores bedst s\u00e6lgende lige sp\u00e6ndingsstof-bagt\u00e6ppe er alsidigt og velegnet til en r\u00e6kke forskellige form\u00e5l, herunder brug som studiebaggrund, scene- eller begivenhedsbaggrund, photobooth-baggrund, pressekonferencebagt\u00e6ppe, prisuddelingsbagt\u00e6ppe og r\u00f8d l\u00f8ber. Med muligheden for at inkludere to forskellige designs p\u00e5 det samme banner, kan du maksimere din v\u00e6rdi og bekvemmelighed ved transport. Str\u00e6kstofbaggrunden er lavet af robust og fleksibel 100% maskinvaskbar polyester, trykt ved hj\u00e6lp af vores brugerdefinerede stoftrykproces, som sikrer, at dit design forbliver levende og klart, selv efter flere vaske og under alle vejrforhold. Vores trykproces er ogs\u00e5 \u00f8ko-opl\u00f8sningsmiddel ved at bruge helt naturlige, biologisk nedbrydelige opl\u00f8sningsmidler, der er mindre h\u00e5rde og sikrere for kroppen. Den lette og st\u00e6rke aluminiumsramme er designet til at underst\u00f8tte stoffets str\u00e6kning over en l\u00e6ngere periode, og den leveres med snapl\u00e5sr\u00f8r for nem og hurtig ops\u00e6tning uden behov for ekstra v\u00e6rkt\u00f8j. Stativet kan justeres til din foretrukne st\u00f8rrelse, og det kommer med et rullende h\u00e5rdt etui for nem transport. Den lige sp\u00e6ndte stofbaggrund afsendes inden for fire til fem hverdage uden omkostninger.<\/p>\n<div style=\"width: 1280px;\" class=\"wp-video\"><!--[if lt IE 9]><script>document.createElement('video');<\/script><![endif]--><br \/>\n<video class=\"wp-video-shortcode\" id=\"video-744-1\" width=\"1280\" height=\"720\" loop autoplay preload=\"auto\" controls=\"controls\"><source type=\"video\/mp4\" src=\"http:\/\/cmykprinted.com\/wp-content\/uploads\/2022\/12\/Straight-Tension-Fabric-Backdrop.mp4?_=1\" \/><a href=\"http:\/\/cmykprinted.com\/wp-content\/uploads\/2022\/12\/Straight-Tension-Fabric-Backdrop.mp4\">http:\/\/cmykprinted.com\/wp-content\/uploads\/2022\/12\/Straight-Tension-Fabric-Backdrop.mp4<\/a><\/video><\/div>","protected":false},"featured_media":745,"template":"","meta":{"_kad_post_transparent":"default","_kad_post_title":"hide","_kad_post_layout":"fullwidth","_kad_post_sidebar_id":"","_kad_post_content_style":"unboxed","_kad_post_vertical_padding":"hide","_kad_post_feature":"hide","_kad_post_feature_position":"","_kad_post_header":false,"_kad_post_footer":false},"product_cat":[97,100],"product_tag":[196,197,198],"class_list":{"0":"post-744","1":"product","2":"type-product","3":"status-publish","4":"has-post-thumbnail","6":"product_cat-tension-fabric-displays","7":"product_cat-straight-tension-fabric-backdrop","8":"product_tag-straight-tension-fabric-backdrop","9":"product_tag-tension-fabric-backdrop","10":"product_tag-tension-fabric-media-wall","12":"first","13":"instock","14":"shipping-taxable","15":"product-type-simple","16":"entry","17":"content-bg","18":"loop-entry"},"_links":{"self":[{"href":"https:\/\/cmykprinted.com\/da\/wp-json\/wp\/v2\/product\/744","targetHints":{"allow":["GET"]}}],"collection":[{"href":"https:\/\/cmykprinted.com\/da\/wp-json\/wp\/v2\/product"}],"about":[{"href":"https:\/\/cmykprinted.com\/da\/wp-json\/wp\/v2\/types\/product"}],"version-history":[{"count":4,"href":"https:\/\/cmykprinted.com\/da\/wp-json\/wp\/v2\/product\/744\/revisions"}],"predecessor-version":[{"id":750,"href":"https:\/\/cmykprinted.com\/da\/wp-json\/wp\/v2\/product\/744\/revisions\/750"}],"wp:featuredmedia":[{"embeddable":true,"href":"https:\/\/cmykprinted.com\/da\/wp-json\/wp\/v2\/media\/745"}],"wp:attachment":[{"href":"https:\/\/cmykprinted.com\/da\/wp-json\/wp\/v2\/media?parent=744"}],"wp:term":[{"taxonomy":"product_cat","embeddable":true,"href":"https:\/\/cmykprinted.com\/da\/wp-json\/wp\/v2\/product_cat?post=744"},{"taxonomy":"product_tag","embeddable":true,"href":"https:\/\/cmykprinted.com\/da\/wp-json\/wp\/v2\/product_tag?post=744"}],"curies":[{"name":"wp","href":"https:\/\/api.w.org\/{rel}","templated":true}]}}