{"id":751,"date":"2022-12-30T12:03:52","date_gmt":"2022-12-30T12:03:52","guid":{"rendered":"https:\/\/cmykprinted.com\/?post_type=product&#038;p=751"},"modified":"2022-12-30T12:39:33","modified_gmt":"2022-12-30T12:39:33","slug":"multipurpose-wholesale-adhesive-uv-transfer-stickers-labels","status":"publish","type":"product","link":"https:\/\/cmykprinted.com\/da\/vare\/multipurpose-wholesale-adhesive-uv-transfer-stickers-labels\/","title":{"rendered":"Multipurpose engros kl\u00e6bende UV-overf\u00f8rselsm\u00e6rkater"},"content":{"rendered":"","protected":false},"excerpt":{"rendered":"<p>UV-overf\u00f8rselsklisterm\u00e6rker med 3D stereoeffekt giver dig mulighed for at skabe brugerdefinerede designs med dine egne m\u00f8nstre, logoer og tekst. Disse klisterm\u00e6rker er lavet af UV-transferpasta, som er kendt for sine st\u00e6rke kl\u00e6bende egenskaber og vandt\u00e6tte egenskaber. Det er ogs\u00e5 modstandsdygtigt over for ridser, hvilket g\u00f8r det til et holdbart og langtidsholdbart valg til forskellige overflader. Det er dog vigtigt at bem\u00e6rke, at disse klisterm\u00e6rker ikke b\u00f8r uds\u00e6ttes for varmt vand eller opvarmning, da det kan p\u00e5virke deres kl\u00e6brighed.<br \/>\nDisse klisterm\u00e6rker kan bruges p\u00e5 en lang r\u00e6kke overflader, herunder metal, plastik, glas, malede overflader, b\u00f8ger, pap, tr\u00e6, kartoner, harpiksmaterialer, keramiske materialer, h\u00e5rde omslagsmaterialer, kuglepenne, trof\u00e6er, flasker, termokander, notesblokke, pendrives og ethvert andet glat materiale. De kan endda p\u00e5f\u00f8res din bil, s\u00e5 l\u00e6nge overfladen er ren f\u00f8r brug.<br \/>\nDerudover kan disse klisterm\u00e6rker skr\u00e6ddersyes i enhver form, du \u00f8nsker, ved hj\u00e6lp af en proces kaldet udstansning eller kyssk\u00e6ring. Dette giver dig mulighed for at skabe unikke og personlige klisterm\u00e6rker, der kan bruges til en r\u00e6kke forskellige form\u00e5l, s\u00e5som branding, markedsf\u00f8ring eller personligt udtryk. S\u00e5 disse klisterm\u00e6rker er meget alsidige og kan bruges i en bred vifte af applikationer.<\/p>\n<div style=\"width: 1280px;\" class=\"wp-video\"><!--[if lt IE 9]><script>document.createElement('video');<\/script><![endif]--><br \/>\n<video class=\"wp-video-shortcode\" id=\"video-751-1\" width=\"1280\" height=\"720\" loop autoplay preload=\"auto\" controls=\"controls\"><source type=\"video\/mp4\" src=\"http:\/\/cmykprinted.com\/wp-content\/uploads\/2022\/12\/UV-transfer-stickers.mp4?_=1\" \/><a href=\"http:\/\/cmykprinted.com\/wp-content\/uploads\/2022\/12\/UV-transfer-stickers.mp4\">http:\/\/cmykprinted.com\/wp-content\/uploads\/2022\/12\/UV-transfer-stickers.mp4<\/a><\/video><\/div>","protected":false},"featured_media":752,"template":"","meta":{"_kad_post_transparent":"default","_kad_post_title":"hide","_kad_post_layout":"fullwidth","_kad_post_sidebar_id":"","_kad_post_content_style":"unboxed","_kad_post_vertical_padding":"hide","_kad_post_feature":"hide","_kad_post_feature_position":"","_kad_post_header":false,"_kad_post_footer":false},"product_cat":[101,103],"product_tag":[202,200,199,138,201],"class_list":{"0":"post-751","1":"product","2":"type-product","3":"status-publish","4":"has-post-thumbnail","6":"product_cat-transfer-stickers","7":"product_cat-uv-transfer-stickers","8":"product_tag-adhesive-transfer-stickers","9":"product_tag-multipurpose-transfer-stickers","10":"product_tag-uv-transfer-labels","11":"product_tag-uv-transfer-stickers","12":"product_tag-wholesale-transfer-stickers","14":"first","15":"instock","16":"shipping-taxable","17":"product-type-simple","18":"entry","19":"content-bg","20":"loop-entry"},"_links":{"self":[{"href":"https:\/\/cmykprinted.com\/da\/wp-json\/wp\/v2\/product\/751","targetHints":{"allow":["GET"]}}],"collection":[{"href":"https:\/\/cmykprinted.com\/da\/wp-json\/wp\/v2\/product"}],"about":[{"href":"https:\/\/cmykprinted.com\/da\/wp-json\/wp\/v2\/types\/product"}],"version-history":[{"count":3,"href":"https:\/\/cmykprinted.com\/da\/wp-json\/wp\/v2\/product\/751\/revisions"}],"predecessor-version":[{"id":761,"href":"https:\/\/cmykprinted.com\/da\/wp-json\/wp\/v2\/product\/751\/revisions\/761"}],"wp:featuredmedia":[{"embeddable":true,"href":"https:\/\/cmykprinted.com\/da\/wp-json\/wp\/v2\/media\/752"}],"wp:attachment":[{"href":"https:\/\/cmykprinted.com\/da\/wp-json\/wp\/v2\/media?parent=751"}],"wp:term":[{"taxonomy":"product_cat","embeddable":true,"href":"https:\/\/cmykprinted.com\/da\/wp-json\/wp\/v2\/product_cat?post=751"},{"taxonomy":"product_tag","embeddable":true,"href":"https:\/\/cmykprinted.com\/da\/wp-json\/wp\/v2\/product_tag?post=751"}],"curies":[{"name":"wp","href":"https:\/\/api.w.org\/{rel}","templated":true}]}}