{"id":791,"date":"2022-12-31T06:57:00","date_gmt":"2022-12-31T06:57:00","guid":{"rendered":"https:\/\/cmykprinted.com\/?post_type=product&#038;p=791"},"modified":"2022-12-31T07:06:35","modified_gmt":"2022-12-31T07:06:35","slug":"wall-mounted-promotional-flags-end-sign-flags-custom-printed","status":"publish","type":"product","link":"https:\/\/cmykprinted.com\/da\/vare\/wall-mounted-promotional-flags-end-sign-flags-custom-printed\/","title":{"rendered":"V\u00e6gmonterede salgsfremmende flag Slutskilte flag Specialtrykt"},"content":{"rendered":"","protected":false},"excerpt":{"rendered":"<p>Vores v\u00e6gmonterede reklameflag er trykt p\u00e5 sejt, slidst\u00e6rkt PVC-bannermateriale og behandlet med UV-bl\u00e6k for lang udend\u00f8rs levetid. Disse flag, der m\u00e5ler 430 mm brede og 355 mm p\u00e5 den ene side og 560 mm p\u00e5 den anden, er konstrueret af st\u00e6rk, men fleksibel hvid PVC og har en 750 mm lang flagstang. Den tilspidsede fatning sikrer et sikkert greb om stangen og forhindrer flaget i at blive tabt under bl\u00e6sende forhold. Disse flag kan nemt skrues p\u00e5 v\u00e6gge og leveres med et s\u00e6t, der inkluderer et polypropylenbeslag, PVC-stang, endestykke og krave. Vi tilbyder ogs\u00e5 almindelige &#039;Display Flags&#039; lavet af 780gsm forst\u00e6rket lysblok PVC, der er velegnede til vinylp\u00e5f\u00f8ring og kan printes p\u00e5 bestilling. Brugerdefinerede flag er ogs\u00e5 tilg\u00e6ngelige. Alle vores flag er lavet med superstyrke medier og marinekvalitets polyesters\u00f8mme for den bedste udend\u00f8rs ydeevne.<\/p>","protected":false},"featured_media":792,"template":"","meta":{"_kad_post_transparent":"default","_kad_post_title":"hide","_kad_post_layout":"fullwidth","_kad_post_sidebar_id":"","_kad_post_content_style":"unboxed","_kad_post_vertical_padding":"hide","_kad_post_feature":"hide","_kad_post_feature_position":"","_kad_post_header":false,"_kad_post_footer":false},"product_cat":[79],"product_tag":[215,213,214,212],"class_list":{"0":"post-791","1":"product","2":"type-product","3":"status-publish","4":"has-post-thumbnail","6":"product_cat-custom-flags","7":"product_tag-custom-promotional-flags","8":"product_tag-end-sign-flags","9":"product_tag-promotional-flags","10":"product_tag-wall-mounted-promotional-flags","12":"first","13":"instock","14":"shipping-taxable","15":"product-type-simple","16":"entry","17":"content-bg","18":"loop-entry"},"_links":{"self":[{"href":"https:\/\/cmykprinted.com\/da\/wp-json\/wp\/v2\/product\/791","targetHints":{"allow":["GET"]}}],"collection":[{"href":"https:\/\/cmykprinted.com\/da\/wp-json\/wp\/v2\/product"}],"about":[{"href":"https:\/\/cmykprinted.com\/da\/wp-json\/wp\/v2\/types\/product"}],"version-history":[{"count":3,"href":"https:\/\/cmykprinted.com\/da\/wp-json\/wp\/v2\/product\/791\/revisions"}],"predecessor-version":[{"id":799,"href":"https:\/\/cmykprinted.com\/da\/wp-json\/wp\/v2\/product\/791\/revisions\/799"}],"wp:featuredmedia":[{"embeddable":true,"href":"https:\/\/cmykprinted.com\/da\/wp-json\/wp\/v2\/media\/792"}],"wp:attachment":[{"href":"https:\/\/cmykprinted.com\/da\/wp-json\/wp\/v2\/media?parent=791"}],"wp:term":[{"taxonomy":"product_cat","embeddable":true,"href":"https:\/\/cmykprinted.com\/da\/wp-json\/wp\/v2\/product_cat?post=791"},{"taxonomy":"product_tag","embeddable":true,"href":"https:\/\/cmykprinted.com\/da\/wp-json\/wp\/v2\/product_tag?post=791"}],"curies":[{"name":"wp","href":"https:\/\/api.w.org\/{rel}","templated":true}]}}