{"id":810,"date":"2022-12-31T13:39:50","date_gmt":"2022-12-31T13:39:50","guid":{"rendered":"https:\/\/cmykprinted.com\/?post_type=product&#038;p=810"},"modified":"2022-12-31T13:53:52","modified_gmt":"2022-12-31T13:53:52","slug":"durable-custom-printed-outdoor-scrim-glossy-vinyl-banner","status":"publish","type":"product","link":"https:\/\/cmykprinted.com\/da\/vare\/durable-custom-printed-outdoor-scrim-glossy-vinyl-banner\/","title":{"rendered":"Holdbar brugerdefineret trykt udend\u00f8rs scrim blank vinyl banner"},"content":{"rendered":"","protected":false},"excerpt":{"rendered":"<p>Vores blanke vinylbannere er velegnede til b\u00e5de indend\u00f8rs og udend\u00f8rs brug, da de er modstandsdygtige over for falme, rivefaste og vindafvisende. De er ogs\u00e5 meget omkostningseffektive, hvilket g\u00f8r dem til et godt valg for dem, der har et budget. Vinylmaterialet, der bruges i disse bannere, er lyst og skinnende, hvilket er med til at f\u00e5 farverne i dit design til at fremst\u00e5 mere levende og i\u00f8jnefaldende. Plus, den ultraglatte bogstavoverflade p\u00e5 disse bannere hj\u00e6lper med at bringe din grafik til live.<br \/>\nVores blanke vinylbannere er et popul\u00e6rt valg til udend\u00f8rs arrangementer, s\u00e5som fodboldkampe, hvor de kan h\u00e6nges langs hegnet eller muren omkring banen for at fremvise holdets sponsorer. De er ogs\u00e5 et godt valg til familiesammenkomster, firmaspicnic og andre udend\u00f8rs sammenkomster, da de nemt kan h\u00e6nges op mellem to tr\u00e6er for at skabe en levende og overkommelig udstilling. Uanset hvilken anledning, vil vores blanke vinylbannere helt sikkert g\u00f8re din begivenhed speciel.<\/p>\n<div style=\"width: 1290px;\" class=\"wp-video\"><!--[if lt IE 9]><script>document.createElement('video');<\/script><![endif]--><br \/>\n<video class=\"wp-video-shortcode\" id=\"video-810-1\" width=\"1290\" height=\"726\" loop autoplay preload=\"auto\" controls=\"controls\"><source type=\"video\/mp4\" src=\"http:\/\/cmykprinted.com\/wp-content\/uploads\/2022\/12\/vinyl-PVC-banners.mp4?_=1\" \/><a href=\"http:\/\/cmykprinted.com\/wp-content\/uploads\/2022\/12\/vinyl-PVC-banners.mp4\">http:\/\/cmykprinted.com\/wp-content\/uploads\/2022\/12\/vinyl-PVC-banners.mp4<\/a><\/video><\/div>\n<p>&nbsp;<\/p>","protected":false},"featured_media":811,"template":"","meta":{"_kad_post_transparent":"default","_kad_post_title":"hide","_kad_post_layout":"fullwidth","_kad_post_sidebar_id":"","_kad_post_content_style":"unboxed","_kad_post_vertical_padding":"hide","_kad_post_feature":"hide","_kad_post_feature_position":"","_kad_post_header":false,"_kad_post_footer":false},"product_cat":[85,90,91,89],"product_tag":[221,220,219,222],"class_list":{"0":"post-810","1":"product","2":"type-product","3":"status-publish","4":"has-post-thumbnail","6":"product_cat-outdoor-vinyl-banners","7":"product_cat-glossy-pvc-banners","8":"product_cat-matte-vinyl-banners","9":"product_cat-pvc-banners","10":"product_tag-custom-vinyl-banner","11":"product_tag-durable-vinyl-banner","12":"product_tag-glossy-vinyl-banner","13":"product_tag-outdoor-vinyl-banner","15":"first","16":"instock","17":"shipping-taxable","18":"product-type-simple","19":"entry","20":"content-bg","21":"loop-entry"},"_links":{"self":[{"href":"https:\/\/cmykprinted.com\/da\/wp-json\/wp\/v2\/product\/810","targetHints":{"allow":["GET"]}}],"collection":[{"href":"https:\/\/cmykprinted.com\/da\/wp-json\/wp\/v2\/product"}],"about":[{"href":"https:\/\/cmykprinted.com\/da\/wp-json\/wp\/v2\/types\/product"}],"version-history":[{"count":2,"href":"https:\/\/cmykprinted.com\/da\/wp-json\/wp\/v2\/product\/810\/revisions"}],"predecessor-version":[{"id":817,"href":"https:\/\/cmykprinted.com\/da\/wp-json\/wp\/v2\/product\/810\/revisions\/817"}],"wp:featuredmedia":[{"embeddable":true,"href":"https:\/\/cmykprinted.com\/da\/wp-json\/wp\/v2\/media\/811"}],"wp:attachment":[{"href":"https:\/\/cmykprinted.com\/da\/wp-json\/wp\/v2\/media?parent=810"}],"wp:term":[{"taxonomy":"product_cat","embeddable":true,"href":"https:\/\/cmykprinted.com\/da\/wp-json\/wp\/v2\/product_cat?post=810"},{"taxonomy":"product_tag","embeddable":true,"href":"https:\/\/cmykprinted.com\/da\/wp-json\/wp\/v2\/product_tag?post=810"}],"curies":[{"name":"wp","href":"https:\/\/api.w.org\/{rel}","templated":true}]}}