{"id":818,"date":"2022-12-31T14:04:19","date_gmt":"2022-12-31T14:04:19","guid":{"rendered":"https:\/\/cmykprinted.com\/?post_type=product&#038;p=818"},"modified":"2022-12-31T14:16:24","modified_gmt":"2022-12-31T14:16:24","slug":"vertical-pop-up-banners-for-promotional-outdoor-advertising","status":"publish","type":"product","link":"https:\/\/cmykprinted.com\/da\/vare\/vertical-pop-up-banners-for-promotional-outdoor-advertising\/","title":{"rendered":"Lodrette pop-up bannere til salgsfremmende udend\u00f8rs reklamer"},"content":{"rendered":"","protected":false},"excerpt":{"rendered":"<p>Lodrette pop-up bannere er et godt alternativ til traditionelle A-frame designs, da de tilbyder meget mere printbart overfladeareal. Disse bannere er designet til at v\u00e6re nemme at transportere, s\u00e6tte op og tage ned, hvilket g\u00f8r dem til et praktisk valg til begivenheder, messer og andre lejligheder. De er ogs\u00e5 velegnede til b\u00e5de indend\u00f8rs og udend\u00f8rs brug og kommer med fire jordspyd for ekstra stabilitet.<br \/>\nEn af de vigtigste fordele ved lodrette pop-up bannere er, at de er en enhed i \u00e9t stykke, hvilket betyder, at stativet og grafikken er kombineret i en enkelt enhed. Dette g\u00f8r dem nemme at flytte og transportere, da du ikke skal bekymre dig om separate stykker. Selve grafikken er trykt p\u00e5 et polysatinstof af h\u00f8j kvalitet, som er glat, holdbart og nemt at folde til forsendelse.<br \/>\nDer er en r\u00e6kke forskellige st\u00f8rrelser tilg\u00e6ngelige i hver konfiguration, s\u00e5 du kan v\u00e6lge den, der bedst passer til dine behov. Plus, en brugerdefineret b\u00e6retaske er altid inkluderet, hvilket g\u00f8r det nemt at opbevare og transportere dit banner fra den ene begivenhed til den n\u00e6ste. Overordnet set er lodrette pop-up bannere en alsidig, praktisk og effektiv m\u00e5de at vise dit brand eller budskab p\u00e5 i stor stil.<\/p>\n<div style=\"width: 1290px;\" class=\"wp-video\"><!--[if lt IE 9]><script>document.createElement('video');<\/script><![endif]--><br \/>\n<video class=\"wp-video-shortcode\" id=\"video-818-1\" width=\"1290\" height=\"726\" loop autoplay preload=\"auto\" controls=\"controls\"><source type=\"video\/mp4\" src=\"http:\/\/cmykprinted.com\/wp-content\/uploads\/2022\/12\/horizontal-pop-up-banners.mp4?_=1\" \/><a href=\"http:\/\/cmykprinted.com\/wp-content\/uploads\/2022\/12\/horizontal-pop-up-banners.mp4\">http:\/\/cmykprinted.com\/wp-content\/uploads\/2022\/12\/horizontal-pop-up-banners.mp4<\/a><\/video><\/div>\n<p>&nbsp;<\/p>","protected":false},"featured_media":819,"template":"","meta":{"_kad_post_transparent":"default","_kad_post_title":"hide","_kad_post_layout":"fullwidth","_kad_post_sidebar_id":"","_kad_post_content_style":"unboxed","_kad_post_vertical_padding":"hide","_kad_post_feature":"hide","_kad_post_feature_position":"","_kad_post_header":false,"_kad_post_footer":false},"product_cat":[92,96],"product_tag":[224,167,225,166,195,223],"class_list":{"0":"post-818","1":"product","2":"type-product","3":"status-publish","4":"has-post-thumbnail","6":"product_cat-pop-up-banners","7":"product_cat-vertical-pop-up-banners","8":"product_tag-advertising-pop-up-banners","9":"product_tag-custom-pop-up-banners","10":"product_tag-outdoor-pop-up-banners","11":"product_tag-pop-up-banners","12":"product_tag-promotional-pop-up-banners","13":"product_tag-vertical-pop-up-banners","15":"first","16":"instock","17":"shipping-taxable","18":"product-type-simple","19":"entry","20":"content-bg","21":"loop-entry"},"_links":{"self":[{"href":"https:\/\/cmykprinted.com\/da\/wp-json\/wp\/v2\/product\/818","targetHints":{"allow":["GET"]}}],"collection":[{"href":"https:\/\/cmykprinted.com\/da\/wp-json\/wp\/v2\/product"}],"about":[{"href":"https:\/\/cmykprinted.com\/da\/wp-json\/wp\/v2\/types\/product"}],"version-history":[{"count":1,"href":"https:\/\/cmykprinted.com\/da\/wp-json\/wp\/v2\/product\/818\/revisions"}],"predecessor-version":[{"id":825,"href":"https:\/\/cmykprinted.com\/da\/wp-json\/wp\/v2\/product\/818\/revisions\/825"}],"wp:featuredmedia":[{"embeddable":true,"href":"https:\/\/cmykprinted.com\/da\/wp-json\/wp\/v2\/media\/819"}],"wp:attachment":[{"href":"https:\/\/cmykprinted.com\/da\/wp-json\/wp\/v2\/media?parent=818"}],"wp:term":[{"taxonomy":"product_cat","embeddable":true,"href":"https:\/\/cmykprinted.com\/da\/wp-json\/wp\/v2\/product_cat?post=818"},{"taxonomy":"product_tag","embeddable":true,"href":"https:\/\/cmykprinted.com\/da\/wp-json\/wp\/v2\/product_tag?post=818"}],"curies":[{"name":"wp","href":"https:\/\/api.w.org\/{rel}","templated":true}]}}