{"id":842,"date":"2023-01-01T06:44:35","date_gmt":"2023-01-01T06:44:35","guid":{"rendered":"https:\/\/cmykprinted.com\/?post_type=product&#038;p=842"},"modified":"2023-01-01T06:50:35","modified_gmt":"2023-01-01T06:50:35","slug":"rectangle-flag-banners-with-custom-printing-fast-delivery","status":"publish","type":"product","link":"https:\/\/cmykprinted.com\/da\/vare\/rectangle-flag-banners-with-custom-printing-fast-delivery\/","title":{"rendered":"Rektangul\u00e6re flagbannere med brugerdefineret tryk og hurtig levering"},"content":{"rendered":"","protected":false},"excerpt":{"rendered":"<p>Hvis du \u00f8nsker at g\u00f8re en stor indflydelse med din n\u00e6ste kampagne eller begivenhed, s\u00e5 overvej specialudskrivning af rektangul\u00e6re flagbannere med dit logo eller design efter eget valg. Disse bannere f\u00e5s i tre st\u00f8rrelser \u2013 5 fod, 8 fod eller 11 fod \u2013 s\u00e5 du kan v\u00e6lge den mulighed, der passer bedst til dine behov. N\u00e5r flere flag er opstillet p\u00e5 r\u00e6kke, skaber de en enorm og visuelt imponerende sk\u00e6rm, der vil give en ren, professionel og sp\u00e6ndende stemning til dit arrangement.<br \/>\nEn af de gode ting ved disse rektangul\u00e6re bannere er, at den brugerdefinerede udskrivning p\u00e5 forsiden er synlig p\u00e5 bagsiden i spejlbilledeformat. Det betyder, at du kan bruge dem i en r\u00e6kke forskellige indstillinger og stadig f\u00e5 din besked vist fremtr\u00e6dende. Derudover er dobbeltsidet udskrivning tilg\u00e6ngelig for dem, der \u00f8nsker at formidle dobbelte beskeder.<br \/>\nDet er nemt at komme i gang med dit brugerdefinerede rektangelbanner \u2013 upload blot dit logo eller design ved hj\u00e6lp af instruktionerne ovenfor, eller download kunstskabelonen nedenfor og opret din egen fil til upload og betaling. Med vores h\u00f8jkvalitetsudskrivning og sans for detaljer kan du v\u00e6re sikker p\u00e5, at dit rektangelflag vil g\u00f8re et varigt indtryk p\u00e5 dit publikum.<\/p>\n<div style=\"width: 1280px;\" class=\"wp-video\"><!--[if lt IE 9]><script>document.createElement('video');<\/script><![endif]--><br \/>\n<video class=\"wp-video-shortcode\" id=\"video-842-1\" width=\"1280\" height=\"720\" loop autoplay preload=\"metadata\" controls=\"controls\"><source type=\"video\/mp4\" src=\"http:\/\/cmykprinted.com\/wp-content\/uploads\/2022\/12\/Feather-beach-flags.mp4?_=1\" \/><a href=\"http:\/\/cmykprinted.com\/wp-content\/uploads\/2022\/12\/Feather-beach-flags.mp4\">http:\/\/cmykprinted.com\/wp-content\/uploads\/2022\/12\/Feather-beach-flags.mp4<\/a><\/video><\/div>","protected":false},"featured_media":843,"template":"","meta":{"_kad_post_transparent":"default","_kad_post_title":"hide","_kad_post_layout":"fullwidth","_kad_post_sidebar_id":"","_kad_post_content_style":"unboxed","_kad_post_vertical_padding":"hide","_kad_post_feature":"hide","_kad_post_feature_position":"","_kad_post_header":false,"_kad_post_footer":false},"product_cat":[64,66],"product_tag":[236,235,234],"class_list":{"0":"post-842","1":"product","2":"type-product","3":"status-publish","4":"has-post-thumbnail","6":"product_cat-beach-flags","7":"product_cat-rectangular-flags-banners","8":"product_tag-custom-rectangle-banners","9":"product_tag-custom-rectangle-flag","10":"product_tag-rectangle-flag-banners","12":"first","13":"instock","14":"shipping-taxable","15":"product-type-simple","16":"entry","17":"content-bg","18":"loop-entry"},"_links":{"self":[{"href":"https:\/\/cmykprinted.com\/da\/wp-json\/wp\/v2\/product\/842","targetHints":{"allow":["GET"]}}],"collection":[{"href":"https:\/\/cmykprinted.com\/da\/wp-json\/wp\/v2\/product"}],"about":[{"href":"https:\/\/cmykprinted.com\/da\/wp-json\/wp\/v2\/types\/product"}],"version-history":[{"count":1,"href":"https:\/\/cmykprinted.com\/da\/wp-json\/wp\/v2\/product\/842\/revisions"}],"predecessor-version":[{"id":848,"href":"https:\/\/cmykprinted.com\/da\/wp-json\/wp\/v2\/product\/842\/revisions\/848"}],"wp:featuredmedia":[{"embeddable":true,"href":"https:\/\/cmykprinted.com\/da\/wp-json\/wp\/v2\/media\/843"}],"wp:attachment":[{"href":"https:\/\/cmykprinted.com\/da\/wp-json\/wp\/v2\/media?parent=842"}],"wp:term":[{"taxonomy":"product_cat","embeddable":true,"href":"https:\/\/cmykprinted.com\/da\/wp-json\/wp\/v2\/product_cat?post=842"},{"taxonomy":"product_tag","embeddable":true,"href":"https:\/\/cmykprinted.com\/da\/wp-json\/wp\/v2\/product_tag?post=842"}],"curies":[{"name":"wp","href":"https:\/\/api.w.org\/{rel}","templated":true}]}}