{"id":858,"date":"2023-01-01T07:50:37","date_gmt":"2023-01-01T07:50:37","guid":{"rendered":"https:\/\/cmykprinted.com\/?post_type=product&#038;p=858"},"modified":"2023-01-01T07:57:12","modified_gmt":"2023-01-01T07:57:12","slug":"custom-branded-promotional-hand-held-stick-flags-printing","status":"publish","type":"product","link":"https:\/\/cmykprinted.com\/da\/vare\/custom-branded-promotional-hand-held-stick-flags-printing\/","title":{"rendered":"Brugerdefineret salgsfremmende h\u00e5ndholdt stickflag udskrivning"},"content":{"rendered":"","protected":false},"excerpt":{"rendered":"<p>H\u00e5ndholdte pindeflag er et popul\u00e6rt valg for virksomheder og organisationer, der \u00f8nsker at \u00f8ge brandets synlighed og engagere sig med deres m\u00e5lgruppe ved parader, sportsbegivenheder og andre udend\u00f8rs sammenkomster. Disse flag er s\u00e6rligt popul\u00e6re blandt b\u00f8rn og andre deltagere, der nyder at vifte med dem og vise deres st\u00f8tte til en bestemt sag eller et bestemt hold.<br \/>\nEt af de vigtigste salgsargumenter for h\u00e5ndholdte stickflag er det store branding-omr\u00e5de, som g\u00f8r det muligt for virksomheder at udnytte hver millimeter af det viste rum bortset fra den hvide strimmel omkring den monterede pind. Dette giver rigelig plads til, at virksomheder kan fremvise deres brandidentitet, logo og budskab, hvilket sikrer, at de bliver set af et stort og modtageligt publikum.<br \/>\nUd over at v\u00e6re et effektivt marketingv\u00e6rkt\u00f8j er h\u00e5ndholdte stickflag ogs\u00e5 et overkommeligt valg for virksomheder og organisationer, der \u00f8nsker at promovere deres brand. De er lavet af holdbare materialer, s\u00e5som polyester eller nylon, og har en tr\u00e6- eller plastikpind, s\u00e5 de er nemme at vinke. Disse flag er lette og nemme at b\u00e6re, hvilket g\u00f8r dem til et praktisk valg til udend\u00f8rs arrangementer.<br \/>\nOverordnet set er h\u00e5ndholdte pindeflag et omkostningseffektivt og interaktivt marketingv\u00e6rkt\u00f8j, der kan bruges til at fremme en brandidentitet og \u00f8ge synligheden ved en r\u00e6kke arrangementer.<\/p>\n<div style=\"width: 1290px;\" class=\"wp-video\"><!--[if lt IE 9]><script>document.createElement('video');<\/script><![endif]--><br \/>\n<video class=\"wp-video-shortcode\" id=\"video-858-1\" width=\"1290\" height=\"726\" loop autoplay preload=\"auto\" controls=\"controls\"><source type=\"video\/mp4\" src=\"http:\/\/cmykprinted.com\/wp-content\/uploads\/2022\/12\/Custom-Printed-Hand-Flags.mp4?_=1\" \/><a href=\"http:\/\/cmykprinted.com\/wp-content\/uploads\/2022\/12\/Custom-Printed-Hand-Flags.mp4\">http:\/\/cmykprinted.com\/wp-content\/uploads\/2022\/12\/Custom-Printed-Hand-Flags.mp4<\/a><\/video><\/div>\n<p>&nbsp;<\/p>","protected":false},"featured_media":859,"template":"","meta":{"_kad_post_transparent":"default","_kad_post_title":"hide","_kad_post_layout":"fullwidth","_kad_post_sidebar_id":"","_kad_post_content_style":"unboxed","_kad_post_vertical_padding":"hide","_kad_post_feature":"hide","_kad_post_feature_position":"","_kad_post_header":false,"_kad_post_footer":false},"product_cat":[79],"product_tag":[153,243,241,242],"class_list":{"0":"post-858","1":"product","2":"type-product","3":"status-publish","4":"has-post-thumbnail","6":"product_cat-custom-flags","7":"product_tag-custom-hand-flags","8":"product_tag-hand-flags-printing","9":"product_tag-hand-held-stick-flags","10":"product_tag-promotional-hand-flags","12":"first","13":"instock","14":"shipping-taxable","15":"product-type-simple","16":"entry","17":"content-bg","18":"loop-entry"},"_links":{"self":[{"href":"https:\/\/cmykprinted.com\/da\/wp-json\/wp\/v2\/product\/858","targetHints":{"allow":["GET"]}}],"collection":[{"href":"https:\/\/cmykprinted.com\/da\/wp-json\/wp\/v2\/product"}],"about":[{"href":"https:\/\/cmykprinted.com\/da\/wp-json\/wp\/v2\/types\/product"}],"version-history":[{"count":2,"href":"https:\/\/cmykprinted.com\/da\/wp-json\/wp\/v2\/product\/858\/revisions"}],"predecessor-version":[{"id":865,"href":"https:\/\/cmykprinted.com\/da\/wp-json\/wp\/v2\/product\/858\/revisions\/865"}],"wp:featuredmedia":[{"embeddable":true,"href":"https:\/\/cmykprinted.com\/da\/wp-json\/wp\/v2\/media\/859"}],"wp:attachment":[{"href":"https:\/\/cmykprinted.com\/da\/wp-json\/wp\/v2\/media?parent=858"}],"wp:term":[{"taxonomy":"product_cat","embeddable":true,"href":"https:\/\/cmykprinted.com\/da\/wp-json\/wp\/v2\/product_cat?post=858"},{"taxonomy":"product_tag","embeddable":true,"href":"https:\/\/cmykprinted.com\/da\/wp-json\/wp\/v2\/product_tag?post=858"}],"curies":[{"name":"wp","href":"https:\/\/api.w.org\/{rel}","templated":true}]}}