{"id":866,"date":"2023-01-01T08:19:36","date_gmt":"2023-01-01T08:19:36","guid":{"rendered":"https:\/\/cmykprinted.com\/?post_type=product&#038;p=866"},"modified":"2023-01-01T08:25:52","modified_gmt":"2023-01-01T08:25:52","slug":"promotional-advertising-color-printing-custom-table-runner","status":"publish","type":"product","link":"https:\/\/cmykprinted.com\/da\/vare\/promotional-advertising-color-printing-custom-table-runner\/","title":{"rendered":"Salgsfremmende reklame farveudskrivning Custom Table Runner"},"content":{"rendered":"","protected":false},"excerpt":{"rendered":"<p>Har du brug for skr\u00e6ddersyede bordl\u00f8bere af h\u00f8j kvalitet til dit n\u00e6ste arrangement eller messe? Stop med at lede! P\u00e5 vores fabrik tilbyder vi premium bordd\u00e6ksler, der er perfekte til b\u00e5de personlige og professionelle arrangementer. Vores bordl\u00f8bere er lavet af kvalitets polyesterstof og har fuld farve, 1440DPI, dye-sublimation print, hvilket sikrer, at de er langtidsholdbare og effektive til at reklamere for din virksomhed eller promovere dit logo.<br \/>\nDisse brugerdefinerede l\u00f8bere er en fantastisk m\u00e5de at brande din virksomhed p\u00e5 eller tilf\u00f8je et strejf af indretning og elegance til ethvert bord. De f\u00e5s i foruddefinerede dimensioner p\u00e5 2&#039;x7,5\u2032, eller du kan v\u00e6lge den tilpassede st\u00f8rrelse for at f\u00e5 den n\u00f8jagtige st\u00f8rrelse, du har brug for. L\u00e6g dem blot over et solidt bordd\u00e6ksel for at tilf\u00f8je et professionelt og sammenh\u00e6ngende look til dit arrangement.<br \/>\nUanset om du deltager i en messe, er v\u00e6rt for en konference eller planl\u00e6gger en fundraiser, er skr\u00e6ddersyet bordl\u00f8ber et glimrende valg til effektivt at promovere dit brand og g\u00f8re et varigt indtryk. G\u00e5 ikke glip af denne mulighed for at tilf\u00f8je et h\u00f8jkvalitets og professionelt pr\u00e6g til dit arrangement.<\/p>","protected":false},"featured_media":867,"template":"","meta":{"_kad_post_transparent":"default","_kad_post_title":"hide","_kad_post_layout":"fullwidth","_kad_post_sidebar_id":"","_kad_post_content_style":"unboxed","_kad_post_vertical_padding":"hide","_kad_post_feature":"hide","_kad_post_feature_position":"","_kad_post_header":false,"_kad_post_footer":false},"product_cat":[80,82],"product_tag":[246,244,245],"class_list":{"0":"post-866","1":"product","2":"type-product","3":"status-publish","4":"has-post-thumbnail","6":"product_cat-custom-tablecloth","7":"product_cat-custom-table-runner","8":"product_tag-advertising-table-runner","9":"product_tag-custom-table-runner","10":"product_tag-promotional-table-runner","12":"first","13":"instock","14":"shipping-taxable","15":"product-type-simple","16":"entry","17":"content-bg","18":"loop-entry"},"_links":{"self":[{"href":"https:\/\/cmykprinted.com\/da\/wp-json\/wp\/v2\/product\/866","targetHints":{"allow":["GET"]}}],"collection":[{"href":"https:\/\/cmykprinted.com\/da\/wp-json\/wp\/v2\/product"}],"about":[{"href":"https:\/\/cmykprinted.com\/da\/wp-json\/wp\/v2\/types\/product"}],"version-history":[{"count":2,"href":"https:\/\/cmykprinted.com\/da\/wp-json\/wp\/v2\/product\/866\/revisions"}],"predecessor-version":[{"id":874,"href":"https:\/\/cmykprinted.com\/da\/wp-json\/wp\/v2\/product\/866\/revisions\/874"}],"wp:featuredmedia":[{"embeddable":true,"href":"https:\/\/cmykprinted.com\/da\/wp-json\/wp\/v2\/media\/867"}],"wp:attachment":[{"href":"https:\/\/cmykprinted.com\/da\/wp-json\/wp\/v2\/media?parent=866"}],"wp:term":[{"taxonomy":"product_cat","embeddable":true,"href":"https:\/\/cmykprinted.com\/da\/wp-json\/wp\/v2\/product_cat?post=866"},{"taxonomy":"product_tag","embeddable":true,"href":"https:\/\/cmykprinted.com\/da\/wp-json\/wp\/v2\/product_tag?post=866"}],"curies":[{"name":"wp","href":"https:\/\/api.w.org\/{rel}","templated":true}]}}