{"id":875,"date":"2023-01-01T08:42:13","date_gmt":"2023-01-01T08:42:13","guid":{"rendered":"https:\/\/cmykprinted.com\/?post_type=product&#038;p=875"},"modified":"2023-01-01T08:53:01","modified_gmt":"2023-01-01T08:53:01","slug":"wholesale-personalized-advertising-matte-pvc-vinyl-banner","status":"publish","type":"product","link":"https:\/\/cmykprinted.com\/da\/vare\/wholesale-personalized-advertising-matte-pvc-vinyl-banner\/","title":{"rendered":"Engros personlig reklame mat PVC vinyl banner"},"content":{"rendered":"","protected":false},"excerpt":{"rendered":"<p>Hvis du har brug for en langtidsholdbar og holdbar reklamel\u00f8sning til din virksomhed, kan vores matte PVC vinylbannere v\u00e6re det perfekte valg. Disse bannere er lavet af robust PVC-flexmateriale og tilbyder fremragende modstandsdygtighed og holdbarhed mod barske eksterne elementer, hvilket g\u00f8r dem velegnede til udend\u00f8rs brug.<br \/>\nUanset om du promoverer en begivenhed, fremviser dine produkter eller tjenester eller blot deler vigtig information med dit publikum, er vores tilpassede matte bannere et effektivt og omkostningseffektivt valg. Deres holdbare natur g\u00f8r det muligt for dem at modst\u00e5 elementerne og yde langsigtet service, s\u00e5 du kan genbruge dem, n\u00e5r det er n\u00f8dvendigt.<br \/>\nEn af fordelene ved at bruge matte PVC-vinylbannere er, at de kan hj\u00e6lpe med at reducere dit anl\u00e6gs samlede reklameudgifter. Da de er s\u00e5 holdbare og langtidsholdbare, beh\u00f8ver du ikke bekymre dig om hyppige k\u00f8b eller udskiftninger. Dette kan spare dig tid og penge i det lange l\u00f8b, samtidig med at det sikrer, at dine bannere forbliver i top stand og fortsat effektivt promoverer din virksomhed.<br \/>\nSom konklusion er vores matte PVC vinylbannere et p\u00e5lideligt og omkostningseffektivt valg til at reklamere for din virksomhed udend\u00f8rs. Deres robuste materiale og holdbare konstruktion g\u00f8r dem velegnede til langtidsbrug, hvilket hj\u00e6lper dig med at spare penge og n\u00e5 dine annonceringsm\u00e5l.<\/p>\n<div style=\"width: 1280px;\" class=\"wp-video\"><!--[if lt IE 9]><script>document.createElement('video');<\/script><![endif]--><br \/>\n<video class=\"wp-video-shortcode\" id=\"video-875-1\" width=\"1280\" height=\"720\" loop autoplay preload=\"metadata\" controls=\"controls\"><source type=\"video\/mp4\" src=\"http:\/\/cmykprinted.com\/wp-content\/uploads\/2022\/12\/PVC-Mesh-Banner.mp4?_=1\" \/><a href=\"http:\/\/cmykprinted.com\/wp-content\/uploads\/2022\/12\/PVC-Mesh-Banner.mp4\">http:\/\/cmykprinted.com\/wp-content\/uploads\/2022\/12\/PVC-Mesh-Banner.mp4<\/a><\/video><\/div>","protected":false},"featured_media":876,"template":"","meta":{"_kad_post_transparent":"default","_kad_post_title":"hide","_kad_post_layout":"fullwidth","_kad_post_sidebar_id":"","_kad_post_content_style":"unboxed","_kad_post_vertical_padding":"hide","_kad_post_feature":"hide","_kad_post_feature_position":"","_kad_post_header":false,"_kad_post_footer":false},"product_cat":[85,90,91,89,88],"product_tag":[189,191,188,190,187],"class_list":{"0":"post-875","1":"product","2":"type-product","3":"status-publish","4":"has-post-thumbnail","6":"product_cat-outdoor-vinyl-banners","7":"product_cat-glossy-pvc-banners","8":"product_cat-matte-vinyl-banners","9":"product_cat-pvc-banners","10":"product_cat-pvc-mesh-banners","11":"product_tag-advertising-mesh-banner","12":"product_tag-all-weather-mesh-banner","13":"product_tag-mesh-banner-printing","14":"product_tag-outdoor-mesh-banner","15":"product_tag-pvc-mesh-banner","17":"first","18":"instock","19":"shipping-taxable","20":"product-type-simple","21":"entry","22":"content-bg","23":"loop-entry"},"_links":{"self":[{"href":"https:\/\/cmykprinted.com\/da\/wp-json\/wp\/v2\/product\/875","targetHints":{"allow":["GET"]}}],"collection":[{"href":"https:\/\/cmykprinted.com\/da\/wp-json\/wp\/v2\/product"}],"about":[{"href":"https:\/\/cmykprinted.com\/da\/wp-json\/wp\/v2\/types\/product"}],"version-history":[{"count":2,"href":"https:\/\/cmykprinted.com\/da\/wp-json\/wp\/v2\/product\/875\/revisions"}],"predecessor-version":[{"id":883,"href":"https:\/\/cmykprinted.com\/da\/wp-json\/wp\/v2\/product\/875\/revisions\/883"}],"wp:featuredmedia":[{"embeddable":true,"href":"https:\/\/cmykprinted.com\/da\/wp-json\/wp\/v2\/media\/876"}],"wp:attachment":[{"href":"https:\/\/cmykprinted.com\/da\/wp-json\/wp\/v2\/media?parent=875"}],"wp:term":[{"taxonomy":"product_cat","embeddable":true,"href":"https:\/\/cmykprinted.com\/da\/wp-json\/wp\/v2\/product_cat?post=875"},{"taxonomy":"product_tag","embeddable":true,"href":"https:\/\/cmykprinted.com\/da\/wp-json\/wp\/v2\/product_tag?post=875"}],"curies":[{"name":"wp","href":"https:\/\/api.w.org\/{rel}","templated":true}]}}