{"id":884,"date":"2023-01-01T12:57:04","date_gmt":"2023-01-01T12:57:04","guid":{"rendered":"https:\/\/cmykprinted.com\/?post_type=product&#038;p=884"},"modified":"2023-01-01T13:07:05","modified_gmt":"2023-01-01T13:07:05","slug":"portable-advertising-a-frame-round-pop-up-banners-stand","status":"publish","type":"product","link":"https:\/\/cmykprinted.com\/da\/vare\/portable-advertising-a-frame-round-pop-up-banners-stand\/","title":{"rendered":"B\u00e6rbar reklame A-Frame Runde Pop-Up Banner Stand"},"content":{"rendered":"","protected":false},"excerpt":{"rendered":"<p>Runde pop-up bannere tilbyder en unik og pladsbesparende mulighed for fortovsvisninger. Disse bannere er trykt med dye sublimation, en trykmetode, der sikrer langtidsholdbare og holdbare resultater, selv n\u00e5r de uds\u00e6ttes for direkte sollys. Brugen af en st\u00e5lramme g\u00f8r disse bannere lette og robuste, og de leveres komplet med pl\u00f8kker, der kan bruges til at fastg\u00f8re banneret til jorden, hvis det \u00f8nskes. Disse pop-up bannere er alsidige og kan bruges b\u00e5de indend\u00f8rs og udend\u00f8rs, hvilket g\u00f8r dem til et godt valg til en r\u00e6kke forskellige begivenheder og steder, s\u00e5som sportsbegivenheder, turneringer, festivaler, skisportssteder og mere. De er et ideelt valg for alle, der \u00f8nsker at g\u00f8re et statement og skille sig ud i et overfyldt og travlt milj\u00f8.<\/p>\n<div style=\"width: 1280px;\" class=\"wp-video\"><!--[if lt IE 9]><script>document.createElement('video');<\/script><![endif]--><br \/>\n<video class=\"wp-video-shortcode\" id=\"video-884-1\" width=\"1280\" height=\"720\" loop autoplay preload=\"metadata\" controls=\"controls\"><source type=\"video\/mp4\" src=\"http:\/\/cmykprinted.com\/wp-content\/uploads\/2022\/12\/Triangle-Pop-Up-Banners.mp4?_=1\" \/><a href=\"http:\/\/cmykprinted.com\/wp-content\/uploads\/2022\/12\/Triangle-Pop-Up-Banners.mp4\">http:\/\/cmykprinted.com\/wp-content\/uploads\/2022\/12\/Triangle-Pop-Up-Banners.mp4<\/a><\/video><\/div>","protected":false},"featured_media":885,"template":"","meta":{"_kad_post_transparent":"default","_kad_post_title":"hide","_kad_post_layout":"fullwidth","_kad_post_sidebar_id":"","_kad_post_content_style":"unboxed","_kad_post_vertical_padding":"hide","_kad_post_feature":"hide","_kad_post_feature_position":"","_kad_post_header":false,"_kad_post_footer":false},"product_cat":[92,93],"product_tag":[248,224,249,247],"class_list":{"0":"post-884","1":"product","2":"type-product","3":"status-publish","4":"has-post-thumbnail","6":"product_cat-pop-up-banners","7":"product_cat-circle-pop-up-banners","8":"product_tag-a-frame-pop-up-banne","9":"product_tag-advertising-pop-up-banners","10":"product_tag-portable-pop-up-banners","11":"product_tag-round-pop-up-banners","13":"first","14":"instock","15":"shipping-taxable","16":"product-type-simple","17":"entry","18":"content-bg","19":"loop-entry"},"_links":{"self":[{"href":"https:\/\/cmykprinted.com\/da\/wp-json\/wp\/v2\/product\/884","targetHints":{"allow":["GET"]}}],"collection":[{"href":"https:\/\/cmykprinted.com\/da\/wp-json\/wp\/v2\/product"}],"about":[{"href":"https:\/\/cmykprinted.com\/da\/wp-json\/wp\/v2\/types\/product"}],"version-history":[{"count":1,"href":"https:\/\/cmykprinted.com\/da\/wp-json\/wp\/v2\/product\/884\/revisions"}],"predecessor-version":[{"id":892,"href":"https:\/\/cmykprinted.com\/da\/wp-json\/wp\/v2\/product\/884\/revisions\/892"}],"wp:featuredmedia":[{"embeddable":true,"href":"https:\/\/cmykprinted.com\/da\/wp-json\/wp\/v2\/media\/885"}],"wp:attachment":[{"href":"https:\/\/cmykprinted.com\/da\/wp-json\/wp\/v2\/media?parent=884"}],"wp:term":[{"taxonomy":"product_cat","embeddable":true,"href":"https:\/\/cmykprinted.com\/da\/wp-json\/wp\/v2\/product_cat?post=884"},{"taxonomy":"product_tag","embeddable":true,"href":"https:\/\/cmykprinted.com\/da\/wp-json\/wp\/v2\/product_tag?post=884"}],"curies":[{"name":"wp","href":"https:\/\/api.w.org\/{rel}","templated":true}]}}