{"id":904,"date":"2023-01-11T13:28:48","date_gmt":"2023-01-11T13:28:48","guid":{"rendered":"https:\/\/cmykprinted.com\/?post_type=product&#038;p=904"},"modified":"2023-01-12T06:44:08","modified_gmt":"2023-01-12T06:44:08","slug":"uv-3d-dtf-vinyl-adhesive-transfer-stickers-labels-printing","status":"publish","type":"product","link":"https:\/\/cmykprinted.com\/da\/vare\/uv-3d-dtf-vinyl-adhesive-transfer-stickers-labels-printing\/","title":{"rendered":"UV 3D DTF Vinyl Selvkl\u00e6bende Transfer Stickers Udskrivning af etiketter"},"content":{"rendered":"","protected":false},"excerpt":{"rendered":"<p>Vi introducerer vores nye brugerdefinerede UV-klisterm\u00e6rke med en unik 3D-stereoeffekt. Du kan designe dit eget m\u00f8nster, logo eller tekst til klisterm\u00e6rkerne. Fremstillet af UV-overf\u00f8rselspasta, klisterm\u00e6rkerne er meget kl\u00e6bende, vandt\u00e6tte og modstandsdygtige over for ridser. Det er dog vigtigt at bem\u00e6rke, at brugen af varmt vand eller opvarmning kan p\u00e5virke pastaens kl\u00e6brighed. Disse klisterm\u00e6rker kan p\u00e5f\u00f8res en r\u00e6kke glatte overflader, herunder metal, plastik, glas, malede overflader, b\u00f8ger, pap, tr\u00e6 og endda biler (s\u00f8rg bare for, at overfladen er ren f\u00f8r p\u00e5f\u00f8ring). Udskriftsst\u00f8rrelsen p\u00e5 klisterm\u00e6rkerne er A3 (11X16 tommer), og m\u00e6ngden af klisterm\u00e6rker, du modtager, afh\u00e6nger af den st\u00f8rrelse, du v\u00e6lger. Hvis du har brug for mere m\u00e6ngde, s\u00e5 lad os det vide p\u00e5 forh\u00e5nd. For de bedste resultater skal du desuden uploade billeder i h\u00f8j kvalitet, h\u00f8j opl\u00f8sning, klare, st\u00f8rre, makrotilstand og i fokus. Jo h\u00f8jere kvalitet af billedet, jo bedre bliver den endelige effekt.<\/p>\n<div style=\"width: 1280px;\" class=\"wp-video\"><!--[if lt IE 9]><script>document.createElement('video');<\/script><![endif]--><br \/>\n<video class=\"wp-video-shortcode\" id=\"video-904-1\" width=\"1280\" height=\"720\" loop autoplay preload=\"auto\" controls=\"controls\"><source type=\"video\/mp4\" src=\"http:\/\/cmykprinted.com\/wp-content\/uploads\/2022\/12\/UV-transfer-stickers.mp4?_=1\" \/><a href=\"http:\/\/cmykprinted.com\/wp-content\/uploads\/2022\/12\/UV-transfer-stickers.mp4\">http:\/\/cmykprinted.com\/wp-content\/uploads\/2022\/12\/UV-transfer-stickers.mp4<\/a><\/video><\/div>","protected":false},"featured_media":905,"template":"","meta":{"_kad_post_transparent":"default","_kad_post_title":"hide","_kad_post_layout":"fullwidth","_kad_post_sidebar_id":"","_kad_post_content_style":"unboxed","_kad_post_vertical_padding":"hide","_kad_post_feature":"hide","_kad_post_feature_position":"","_kad_post_header":false,"_kad_post_footer":false},"product_cat":[101,103],"product_tag":[202,252,251,250],"class_list":{"0":"post-904","1":"product","2":"type-product","3":"status-publish","4":"has-post-thumbnail","6":"product_cat-transfer-stickers","7":"product_cat-uv-transfer-stickers","8":"product_tag-adhesive-transfer-stickers","9":"product_tag-dtf-transfer-stickers","10":"product_tag-uv-3d-stickers","11":"product_tag-vinyl-transfer-stickers","13":"first","14":"instock","15":"shipping-taxable","16":"product-type-simple","17":"entry","18":"content-bg","19":"loop-entry"},"_links":{"self":[{"href":"https:\/\/cmykprinted.com\/da\/wp-json\/wp\/v2\/product\/904","targetHints":{"allow":["GET"]}}],"collection":[{"href":"https:\/\/cmykprinted.com\/da\/wp-json\/wp\/v2\/product"}],"about":[{"href":"https:\/\/cmykprinted.com\/da\/wp-json\/wp\/v2\/types\/product"}],"version-history":[{"count":3,"href":"https:\/\/cmykprinted.com\/da\/wp-json\/wp\/v2\/product\/904\/revisions"}],"predecessor-version":[{"id":912,"href":"https:\/\/cmykprinted.com\/da\/wp-json\/wp\/v2\/product\/904\/revisions\/912"}],"wp:featuredmedia":[{"embeddable":true,"href":"https:\/\/cmykprinted.com\/da\/wp-json\/wp\/v2\/media\/905"}],"wp:attachment":[{"href":"https:\/\/cmykprinted.com\/da\/wp-json\/wp\/v2\/media?parent=904"}],"wp:term":[{"taxonomy":"product_cat","embeddable":true,"href":"https:\/\/cmykprinted.com\/da\/wp-json\/wp\/v2\/product_cat?post=904"},{"taxonomy":"product_tag","embeddable":true,"href":"https:\/\/cmykprinted.com\/da\/wp-json\/wp\/v2\/product_tag?post=904"}],"curies":[{"name":"wp","href":"https:\/\/api.w.org\/{rel}","templated":true}]}}