{"id":913,"date":"2023-01-13T12:49:09","date_gmt":"2023-01-13T12:49:09","guid":{"rendered":"https:\/\/cmykprinted.com\/?post_type=product&#038;p=913"},"modified":"2023-01-13T12:59:43","modified_gmt":"2023-01-13T12:59:43","slug":"custom-personalized-teardrop-shaped-advertising-flags","status":"publish","type":"product","link":"https:\/\/cmykprinted.com\/da\/vare\/custom-personalized-teardrop-shaped-advertising-flags\/","title":{"rendered":"Brugerdefinerede personlige dr\u00e5beformede reklameflag"},"content":{"rendered":"","protected":false},"excerpt":{"rendered":"<p>Dr\u00e5beformede reklameflag, ogs\u00e5 kendt som fjerbannere, er en glimrende m\u00e5de at promovere din virksomhed og fange potentielle kunders opm\u00e6rksomhed. Med en r\u00e6kke tilg\u00e6ngelige muligheder kan vores flag bruges b\u00e5de indend\u00f8rs og udend\u00f8rs, hvilket g\u00f8r dem til et alsidigt valg for enhver virksomhed.<br \/>\nVores flag kommer med flere basemuligheder, inklusive jordspyd og krydsbaser, for at sikre, at de kan placeres hvor som helst. Vi tilbyder ogs\u00e5 b\u00e5de enkeltsidet og dobbeltsidet printmuligheder, s\u00e5 din annonce kan ses fra alle vinkler.<br \/>\nVores flag er lavet af holdbare 3,24 oz. polyesterstof og er trykt med UV-bestandigt bl\u00e6k for at sikre, at de kan modst\u00e5 vejret og holde i lang tid. Flagene er ogs\u00e5 lette og nemme at transportere, hvilket g\u00f8r dem perfekte til begivenheder og messer.<br \/>\nN\u00e5r du k\u00f8ber et af vores stangs\u00e6t, modtager du ogs\u00e5 en rejsetaske, som g\u00f8r det nemt at transportere dit flag til forskellige steder. Med vores flag af h\u00f8j kvalitet og praktiske rejsemuligheder kan du v\u00e6re sikker p\u00e5, at din virksomhed bliver set, uanset hvor du g\u00e5r.<\/p>\n<div style=\"width: 1280px;\" class=\"wp-video\"><!--[if lt IE 9]><script>document.createElement('video');<\/script><![endif]--><br \/>\n<video class=\"wp-video-shortcode\" id=\"video-913-1\" width=\"1280\" height=\"720\" loop autoplay preload=\"metadata\" controls=\"controls\"><source type=\"video\/mp4\" src=\"http:\/\/cmykprinted.com\/wp-content\/uploads\/2022\/12\/Feather-beach-flags.mp4?_=1\" \/><a href=\"http:\/\/cmykprinted.com\/wp-content\/uploads\/2022\/12\/Feather-beach-flags.mp4\">http:\/\/cmykprinted.com\/wp-content\/uploads\/2022\/12\/Feather-beach-flags.mp4<\/a><\/video><\/div>","protected":false},"featured_media":914,"template":"","meta":{"_kad_post_transparent":"default","_kad_post_title":"hide","_kad_post_layout":"fullwidth","_kad_post_sidebar_id":"","_kad_post_content_style":"unboxed","_kad_post_vertical_padding":"hide","_kad_post_feature":"hide","_kad_post_feature_position":"","_kad_post_header":false,"_kad_post_footer":false},"product_cat":[64,67],"product_tag":[254,255,256,253],"class_list":{"0":"post-913","1":"product","2":"type-product","3":"status-publish","4":"has-post-thumbnail","6":"product_cat-beach-flags","7":"product_cat-teardrop-flags-banners","8":"product_tag-custom-teardrop-flags","9":"product_tag-personalized-teardrop-flags","10":"product_tag-teardrop-advertising-flags","11":"product_tag-teardrop-shaped-advertising-flags","13":"first","14":"instock","15":"shipping-taxable","16":"product-type-simple","17":"entry","18":"content-bg","19":"loop-entry"},"_links":{"self":[{"href":"https:\/\/cmykprinted.com\/da\/wp-json\/wp\/v2\/product\/913","targetHints":{"allow":["GET"]}}],"collection":[{"href":"https:\/\/cmykprinted.com\/da\/wp-json\/wp\/v2\/product"}],"about":[{"href":"https:\/\/cmykprinted.com\/da\/wp-json\/wp\/v2\/types\/product"}],"version-history":[{"count":2,"href":"https:\/\/cmykprinted.com\/da\/wp-json\/wp\/v2\/product\/913\/revisions"}],"predecessor-version":[{"id":920,"href":"https:\/\/cmykprinted.com\/da\/wp-json\/wp\/v2\/product\/913\/revisions\/920"}],"wp:featuredmedia":[{"embeddable":true,"href":"https:\/\/cmykprinted.com\/da\/wp-json\/wp\/v2\/media\/914"}],"wp:attachment":[{"href":"https:\/\/cmykprinted.com\/da\/wp-json\/wp\/v2\/media?parent=913"}],"wp:term":[{"taxonomy":"product_cat","embeddable":true,"href":"https:\/\/cmykprinted.com\/da\/wp-json\/wp\/v2\/product_cat?post=913"},{"taxonomy":"product_tag","embeddable":true,"href":"https:\/\/cmykprinted.com\/da\/wp-json\/wp\/v2\/product_tag?post=913"}],"curies":[{"name":"wp","href":"https:\/\/api.w.org\/{rel}","templated":true}]}}