{"id":921,"date":"2023-01-13T13:12:06","date_gmt":"2023-01-13T13:12:06","guid":{"rendered":"https:\/\/cmykprinted.com\/?post_type=product&#038;p=921"},"modified":"2023-01-13T13:59:27","modified_gmt":"2023-01-13T13:59:27","slug":"promotional-5-x-5-pop-up-tent-outdoor-indoor-canopy-tent","status":"publish","type":"product","link":"https:\/\/cmykprinted.com\/da\/vare\/promotional-5-x-5-pop-up-tent-outdoor-indoor-canopy-tent\/","title":{"rendered":"Reklametelt 5\u2032 x 5\u2032 pop-up, udend\u00f8rs og indend\u00f8rs, med baldakin"},"content":{"rendered":"","protected":false},"excerpt":{"rendered":"<p>Dette 5\u00d75 pop-up telt er den perfekte l\u00f8sning til at give skygge og l\u00e6 ved dit fortovsudsalg, bondemarkedsstand eller udend\u00f8rs arrangement. Tilg\u00e6ngelig i en r\u00e6kke forskellige farver, herunder hvid, gr\u00f8n, r\u00f8d, marinebl\u00e5 og sort, kan du v\u00e6lge den perfekte farve, der matcher din begivenhed eller dit brand. Teltet er lavet af slidst\u00e6rkt aluminium, hvilket g\u00f8r det nemt at samle p\u00e5 f\u00e5 sekunder, og det passer ind i en b\u00e6retaske med hjul, n\u00e5r du er f\u00e6rdig med at bruge det, hvilket g\u00f8r det nemt at transportere og opbevare.<br \/>\nDette kommercielle 5\u00d75 pop-up telt holdes solidt p\u00e5 plads med forankringsp\u00e6le og skaber i alt 25 kvadratfod skygge. Den er perfekt til udend\u00f8rsbegivenheder, sm\u00e5 check-in kabiner, sportskampe eller strandudflugter, da den passer til omkring to gr\u00e6spl\u00e6nestole eller et lille bord komfortabelt og kan modst\u00e5 vind p\u00e5 30 MPH. Det farvede polyestermarkise er brandh\u00e6mmende og hydrostatisk tryktest certificeret til en sikker kommerciel l\u00f8sning. Teleskopbenene til udl\u00f8sning af tr\u00e6kstiften kan justeres til fem h\u00f8jdeindstillinger med skubbeh\u00e5ndtag, der l\u00e5ser p\u00e5 plads.<br \/>\nVores kommercielle kvalitet 5\u00d75 pop-up telt er en bekvem m\u00e5de at hurtigt ops\u00e6tte et skyggefuldt rum til arbejde eller leg p\u00e5 f\u00e5 sekunder. Uanset om du driver en virksomhed eller bare leder efter en bekvem m\u00e5de at nyde udend\u00f8rslivet p\u00e5, er dette telt det perfekte valg. Med sin holdbare aluminiumsramme og let at samle design er den den perfekte tilf\u00f8jelse til enhver begivenhed eller udend\u00f8rs sammenkomst.<\/p>\n<div style=\"width: 1280px;\" class=\"wp-video\"><!--[if lt IE 9]><script>document.createElement('video');<\/script><![endif]--><br \/>\n<video class=\"wp-video-shortcode\" id=\"video-921-1\" width=\"1280\" height=\"720\" loop autoplay preload=\"auto\" controls=\"controls\"><source type=\"video\/mp4\" src=\"http:\/\/cmykprinted.com\/wp-content\/uploads\/2022\/12\/10x20ft-Pop-Up-Canopies.mp4?_=1\" \/><a href=\"http:\/\/cmykprinted.com\/wp-content\/uploads\/2022\/12\/10x20ft-Pop-Up-Canopies.mp4\">http:\/\/cmykprinted.com\/wp-content\/uploads\/2022\/12\/10x20ft-Pop-Up-Canopies.mp4<\/a><\/video><\/div>","protected":false},"featured_media":922,"template":"","meta":{"_kad_post_transparent":"default","_kad_post_title":"hide","_kad_post_layout":"fullwidth","_kad_post_sidebar_id":"","_kad_post_content_style":"unboxed","_kad_post_vertical_padding":"hide","_kad_post_feature":"hide","_kad_post_feature_position":"","_kad_post_header":false,"_kad_post_footer":false},"product_cat":[68,74,78],"product_tag":[257,259,258,260],"class_list":{"0":"post-921","1":"product","2":"type-product","3":"status-publish","4":"has-post-thumbnail","6":"product_cat-custom-canopy-tents","7":"product_cat-50mm-heavy-duty-hexagon-aluminum-tents","8":"product_cat-5x5ft-custom-pop-up-canopies-50mm-heavy-duty-hexagon-aluminum-tents-custom-canopy-tents","9":"product_tag-5-x-5-pop-up-tent","10":"product_tag-indoor-canopy-tent","11":"product_tag-outdoor-canopy-tent","12":"product_tag-promotional-pop-up-tent","14":"first","15":"instock","16":"shipping-taxable","17":"product-type-simple","18":"entry","19":"content-bg","20":"loop-entry"},"_links":{"self":[{"href":"https:\/\/cmykprinted.com\/da\/wp-json\/wp\/v2\/product\/921","targetHints":{"allow":["GET"]}}],"collection":[{"href":"https:\/\/cmykprinted.com\/da\/wp-json\/wp\/v2\/product"}],"about":[{"href":"https:\/\/cmykprinted.com\/da\/wp-json\/wp\/v2\/types\/product"}],"version-history":[{"count":2,"href":"https:\/\/cmykprinted.com\/da\/wp-json\/wp\/v2\/product\/921\/revisions"}],"predecessor-version":[{"id":929,"href":"https:\/\/cmykprinted.com\/da\/wp-json\/wp\/v2\/product\/921\/revisions\/929"}],"wp:featuredmedia":[{"embeddable":true,"href":"https:\/\/cmykprinted.com\/da\/wp-json\/wp\/v2\/media\/922"}],"wp:attachment":[{"href":"https:\/\/cmykprinted.com\/da\/wp-json\/wp\/v2\/media?parent=921"}],"wp:term":[{"taxonomy":"product_cat","embeddable":true,"href":"https:\/\/cmykprinted.com\/da\/wp-json\/wp\/v2\/product_cat?post=921"},{"taxonomy":"product_tag","embeddable":true,"href":"https:\/\/cmykprinted.com\/da\/wp-json\/wp\/v2\/product_tag?post=921"}],"curies":[{"name":"wp","href":"https:\/\/api.w.org\/{rel}","templated":true}]}}